{"id":2393,"date":"2025-02-13T12:01:44","date_gmt":"2025-02-13T11:01:44","guid":{"rendered":"https:\/\/www.criadores.es\/producto\/criadores-snacks-hairball-de-peru-para-gatos\/"},"modified":"2025-06-12T12:14:40","modified_gmt":"2025-06-12T10:14:40","slug":"criadores-snacks-hairball-de-peru-para-gatos","status":"publish","type":"product","link":"https:\/\/www.criadores.es\/pt-pt\/producto\/criadores-snacks-hairball-de-peru-para-gatos\/","title":{"rendered":"Criadores Snacks Hairball de Peru para gatos"},"content":{"rendered":"<h2>Snack com uma fonte de fibras sol\u00faveis e insol\u00faveis para gatos adultos.<\/h2>\n<p><strong>Os snacks para gatos Hairball da Criadores<\/strong> s\u00e3o ideais para oferecer ao seu animal de estima\u00e7\u00e3o adulto, um fant\u00e1stico snack que <strong>complementar\u00e1 a alimenta\u00e7\u00e3o di\u00e1ria de uma forma nutritiva e saud\u00e1vel<\/strong>. Contam com uma f\u00f3rmula especial que inclui Psyllium, que \u00e9 uma fonte de fibra soluv\u00e9l e insoluv\u00e9l que ajudar\u00e1 a <strong>controlar a forma\u00e7\u00e3o de bolas de pelo e facilitar\u00e1 a passagem das mesmas<\/strong>, desta forma, contribuir\u00e1 para uma boa sa\u00fade do seu felino enquanto se delic\u00eda.<\/p>\n<p>Possuem um <strong>delicioso sabor a carne de peru com uma requintada textura semi-h\u00famida<\/strong> que pode oferecer a qualquer hora do dia, pois s\u00e3o irresist\u00edveis para o seu felino e s\u00e3o <strong>f\u00e1ceis de digerir e mastigar<\/strong>. S\u00e3o totalmente <strong>isentos de cereais<\/strong>, soja e organismos geneticamente modificados (OGM), o que \u00e9 ideal para que o seu animal de estima\u00e7\u00e3o que sofre de alergias ou intoler\u00e2ncias alimentares os possa comer sem sofrer qualquer rea\u00e7\u00e3o adversa.<\/p>\n<p>Incluem \u00f3mega 3 e 6 para uma <strong>pele e um pelo saud\u00e1veis<\/strong>; alecrim para uma <strong>fonte natural de antioxidantes<\/strong>; metionina para <strong>ajustar o n\u00edvel de pH da urina e promover a sa\u00fade do trato urin\u00e1rio<\/strong>; Lactobacillus para um <strong>efeito paraprobi\u00f3tico para apoiar o sistema imunit\u00e1rio<\/strong>; e vitamina C <strong>para manter o seu gato adulto em boa forma<\/strong>.<\/p>\n<p>Estes snacks da Criadores s\u00e3o feitos com ingredientes da mais alta qualidade para oferecer um <strong>snack saud\u00e1vel e nutritivo com uma mistura deliciosa<\/strong>. A carne fresca de peru tem <strong>baixo teor de gordura e \u00e9 rica em prote\u00ednas<\/strong>, ideal para ajudar o peso do seu gato e <strong>fornecer energia para o manter ativo<\/strong> e cheio de vitalidade.<\/p>\n<p>Este snack de Criadores est\u00e1 elaborado con ingredientes de la m\u00e1s alta calidad para ofrecer a un <strong>snack saludable, nutritivo y con una mezcla deliciosa<\/strong>. La carne fresca de pavo es <strong>baja en grasas y rica en prote\u00ednas<\/strong>, ideal para contribuir con el peso de tu gato y <strong>aportarle energ\u00eda para que se mantenga activo <\/strong>y lleno de vitalidad.<\/p>\n<p><em>O seu felino adulto manter-se-\u00e1 saud\u00e1vel e livre das inc\u00f3modas bolas de pelo com os snacks de peru Hairball da Criadores!<\/em><\/p>\n","protected":false},"excerpt":{"rendered":"<p>Snacks sem cereais com Psyllium que ajudam a prevenir e a facilitar a passagem das bolas de pelo nos gatos adultos. Ideais para complementar a dieta e t\u00eam uma textura semi-h\u00famida que \u00e9 f\u00e1cil de mastigar e digerir.<\/p>\n","protected":false},"featured_media":1870,"comment_status":"open","ping_status":"closed","template":"","meta":{"_acf_changed":false},"product_brand":[],"product_cat":[111,106,103],"product_tag":[],"class_list":{"0":"post-2393","1":"product","2":"type-product","3":"status-publish","4":"has-post-thumbnail","6":"product_cat-gatos","7":"product_cat-original-gato-pt-pt","8":"product_cat-snacks-pt","10":"first","11":"instock","12":"shipping-taxable","13":"product-type-simple"},"acf":[],"_links":{"self":[{"href":"https:\/\/www.criadores.es\/pt-pt\/wp-json\/wp\/v2\/product\/2393","targetHints":{"allow":["GET"]}}],"collection":[{"href":"https:\/\/www.criadores.es\/pt-pt\/wp-json\/wp\/v2\/product"}],"about":[{"href":"https:\/\/www.criadores.es\/pt-pt\/wp-json\/wp\/v2\/types\/product"}],"replies":[{"embeddable":true,"href":"https:\/\/www.criadores.es\/pt-pt\/wp-json\/wp\/v2\/comments?post=2393"}],"wp:featuredmedia":[{"embeddable":true,"href":"https:\/\/www.criadores.es\/pt-pt\/wp-json\/wp\/v2\/media\/1870"}],"wp:attachment":[{"href":"https:\/\/www.criadores.es\/pt-pt\/wp-json\/wp\/v2\/media?parent=2393"}],"wp:term":[{"taxonomy":"product_brand","embeddable":true,"href":"https:\/\/www.criadores.es\/pt-pt\/wp-json\/wp\/v2\/product_brand?post=2393"},{"taxonomy":"product_cat","embeddable":true,"href":"https:\/\/www.criadores.es\/pt-pt\/wp-json\/wp\/v2\/product_cat?post=2393"},{"taxonomy":"product_tag","embeddable":true,"href":"https:\/\/www.criadores.es\/pt-pt\/wp-json\/wp\/v2\/product_tag?post=2393"}],"curies":[{"name":"wp","href":"https:\/\/api.w.org\/{rel}","templated":true}]}}