{"id":2396,"date":"2025-02-11T09:53:09","date_gmt":"2025-02-11T08:53:09","guid":{"rendered":"https:\/\/www.criadores.es\/producto\/criadores-snack-esofago-de-vaca-para-caes\/"},"modified":"2025-06-12T13:53:06","modified_gmt":"2025-06-12T11:53:06","slug":"criadores-snack-esofago-de-vaca-para-caes","status":"publish","type":"product","link":"https:\/\/www.criadores.es\/pt-pt\/producto\/criadores-snack-esofago-de-vaca-para-caes\/","title":{"rendered":"Criadores snack es\u00f3fago de vaca para c\u00e3es"},"content":{"rendered":"<h2>Es\u00f3fago de vaca\u00a0crocantes e mastig\u00e1veis Criadores<\/h2>\n<p>O snack Criadores\u00a0es\u00f3fago de vaca desidratado \u00e9 uma op\u00e7\u00e3o ideal para recompensar o seu animal de estima\u00e7\u00e3o cada dia. \u00c9 <strong>saboroso, nutritivo e muito saud\u00e1vel<\/strong>. N\u00e3o cont\u00e9m conservantes, nem corantes nem aditivos artificiais, apenas carne de vaca. Isto faz com que sejam perfeitos para c\u00e3es com intoler\u00e2ncias alimentares.<\/p>\n<p>Os es\u00f3fagos de vaca desidratado s\u00e3o irresist\u00edveis. S\u00e3o <strong>crocantes e mastig\u00e1veis <\/strong>para manter entretido o seu c\u00e3o durante um longo momento. A mastiga\u00e7\u00e3o deste tipo de snacks favorece a <strong>sa\u00fade dental<\/strong>, ajudando a limpar a sujidade dos dentes e prevenindo a apari\u00e7\u00e3o de placa. Al\u00e9m do mais, tamb\u00e9m manter\u00e1 saud\u00e1veis as gengivas e fortalecer\u00e1 a mand\u00edbula. Uma guloseima saud\u00e1vel e f\u00e1cil de digerir que pode oferecer diariamente, tendo a certeza que o seu c\u00e3o apenas a mastiga e n\u00e3o a engula, retirando as partes pequenas para a sua seguran\u00e7a.<\/p>\n<p>Criadores coloca \u00e0 sua disposi\u00e7\u00e3o <strong>diferentes variedades de carne <\/strong>com in\u00fameras texturas, formas e sabores: orelhas, focinhos, rabo, patas de frango&#8230; Surpreenda o seu c\u00e3o cada dia, ele vai adorar!<\/p>\n<p><strong><em>O es\u00f3fago de vaca desidratado Criadores s\u00e3o um snack crocante e saboroso para todos os c\u00e3es.<\/em><\/strong><\/p>\n<p><em>A partir da data em que os receba \u00e9 garantido um prazo de 3 meses antes do vencimento da data de validade, ou de 1 m\u00eas no caso dos produtos l\u00b4cteos e a ra\u00e7\u00e3o ecol\u00f3gica.<\/em><\/p>\n","protected":false},"excerpt":{"rendered":"<p>Es\u00f4fago de gado para c\u00e3es de todas as idades, rico em prote\u00ednas e com muito pouca gordura, \u00e9 uma petisco completamente natural que entret\u00e9m o c\u00e3o e ajuda a eliminar o excesso de t\u00e1rtaro.<\/p>\n","protected":false},"featured_media":1647,"comment_status":"open","ping_status":"closed","template":"","meta":{"_acf_changed":false},"product_brand":[],"product_cat":[92,98,101],"product_tag":[],"class_list":{"0":"post-2396","1":"product","2":"type-product","3":"status-publish","4":"has-post-thumbnail","6":"product_cat-cao","7":"product_cat-original-pt-pt","8":"product_cat-snacks-pt-pt","10":"first","11":"instock","12":"shipping-taxable","13":"product-type-simple"},"acf":[],"_links":{"self":[{"href":"https:\/\/www.criadores.es\/pt-pt\/wp-json\/wp\/v2\/product\/2396","targetHints":{"allow":["GET"]}}],"collection":[{"href":"https:\/\/www.criadores.es\/pt-pt\/wp-json\/wp\/v2\/product"}],"about":[{"href":"https:\/\/www.criadores.es\/pt-pt\/wp-json\/wp\/v2\/types\/product"}],"replies":[{"embeddable":true,"href":"https:\/\/www.criadores.es\/pt-pt\/wp-json\/wp\/v2\/comments?post=2396"}],"wp:featuredmedia":[{"embeddable":true,"href":"https:\/\/www.criadores.es\/pt-pt\/wp-json\/wp\/v2\/media\/1647"}],"wp:attachment":[{"href":"https:\/\/www.criadores.es\/pt-pt\/wp-json\/wp\/v2\/media?parent=2396"}],"wp:term":[{"taxonomy":"product_brand","embeddable":true,"href":"https:\/\/www.criadores.es\/pt-pt\/wp-json\/wp\/v2\/product_brand?post=2396"},{"taxonomy":"product_cat","embeddable":true,"href":"https:\/\/www.criadores.es\/pt-pt\/wp-json\/wp\/v2\/product_cat?post=2396"},{"taxonomy":"product_tag","embeddable":true,"href":"https:\/\/www.criadores.es\/pt-pt\/wp-json\/wp\/v2\/product_tag?post=2396"}],"curies":[{"name":"wp","href":"https:\/\/api.w.org\/{rel}","templated":true}]}}