{"id":2397,"date":"2025-02-13T10:23:59","date_gmt":"2025-02-13T09:23:59","guid":{"rendered":"https:\/\/www.criadores.es\/producto\/criadores-snacks-de-peru-para-gatos-esterilizados\/"},"modified":"2025-06-11T15:53:10","modified_gmt":"2025-06-11T13:53:10","slug":"criadores-snacks-de-peru-para-gatos-esterilizados","status":"publish","type":"product","link":"https:\/\/www.criadores.es\/pt-pt\/producto\/criadores-snacks-de-peru-para-gatos-esterilizados\/","title":{"rendered":"Criadores Snacks de Peru para gatos esterilizados"},"content":{"rendered":"<p>&#8221;<\/p>\n<h2>Snacks de Peru com L-carnitina para gatos adultos esterilizados<\/h2>\n<p>Se o seu fiel companheiro esterilizado est\u00e1 a ganhar peso e quer oferecer-lhe um snack entre as refei\u00e7\u00f5es para o ajudar a perder alguns desses quilos, tem de lhe oferecer os <strong>snacks esterilizados da Criadores<\/strong> para gatos. Trata-se de um fant\u00e1stico snack com <strong>carne fresca de peru e uma textura semi-h\u00famida<\/strong> que o seu felino adulto n\u00e3o poder\u00e1 recusar, pois \u00e9 <strong>f\u00e1cil de mastigar e digerir<\/strong>. Ele vai adorar!<\/p>\n<p>Esta f\u00f3rmula especial <strong>inclui L-carnitina para ajudar a manter o seu gato adulto castrado com um peso ideal<\/strong>; uma rela\u00e7\u00e3o perfeita de s\u00f3dio\/magn\u00e9sio para <strong>evitar a forma\u00e7\u00e3o de pedras de estruvite<\/strong>; L-metionina para <strong>ajustar o n\u00edvel de pH da urina<\/strong> e Lactobacillus para proporcionar um <strong>efeito paraprobi\u00f3tico que refor\u00e7a o sistema imunit\u00e1rio<\/strong> para manter o seu felino em perfeita sa\u00fade.<\/p>\n<p>A carne fresca de peru possui um <strong>baixo teor de gordura e um elevado teor de prote\u00ednas<\/strong>, ideal para ajudar o peso do seu gato e <strong>fornecer energia para o manter ativo<\/strong>. \u00c9 misturada com alecrim, que fornece uma <strong>fonte natural de antioxidantes<\/strong>, e arandos, que <strong>fornecem vitamina C e promovem a sa\u00fade do trato urin\u00e1rio<\/strong>, criando uma receita com um sabor \u00fanico.<\/p>\n<p>A criadores criou esta receita com ingredientes da mais alta qualidade para oferecer um <strong>snack saud\u00e1vel, nutritivo e delicioso<\/strong>. Incluem \u00f3mega 3 e 6 para uma <strong>pele e pelo saud\u00e1veis<\/strong>, al\u00e9m de que estes snacks <strong>n\u00e3o cont\u00eam gr\u00e3os<\/strong>, soja e organismos geneticamente modificados (OGM), o que \u00e9 ideal para que o seu animal de estima\u00e7\u00e3o que sofre de alergias ou intoler\u00e2ncias alimentares possa comer com tranquilidade.<\/p>\n<p>&nbsp;<\/p>\n<p><em>O seu gato adulto esterilizado manter-se-\u00e1 saud\u00e1vel e com um peso ideal com os snacks semi-h\u00famidos da Criadores!<\/em><\/p>\n","protected":false},"excerpt":{"rendered":"<p>Snack sem cereais com uma textura semi-h\u00famida para gatos adultos esterilizados. Ideal para complementar a alimenta\u00e7\u00e3o di\u00e1ria de forma saud\u00e1vel, pois cont\u00e9m L-carnitina para prevenir o excesso de peso e promover uma boa sa\u00fade.<\/p>\n","protected":false},"featured_media":1835,"comment_status":"open","ping_status":"closed","template":"","meta":{"_acf_changed":false},"product_brand":[],"product_cat":[111,106,103],"product_tag":[],"class_list":{"0":"post-2397","1":"product","2":"type-product","3":"status-publish","4":"has-post-thumbnail","6":"product_cat-gatos","7":"product_cat-original-gato-pt-pt","8":"product_cat-snacks-pt","10":"first","11":"instock","12":"shipping-taxable","13":"product-type-simple"},"acf":[],"_links":{"self":[{"href":"https:\/\/www.criadores.es\/pt-pt\/wp-json\/wp\/v2\/product\/2397","targetHints":{"allow":["GET"]}}],"collection":[{"href":"https:\/\/www.criadores.es\/pt-pt\/wp-json\/wp\/v2\/product"}],"about":[{"href":"https:\/\/www.criadores.es\/pt-pt\/wp-json\/wp\/v2\/types\/product"}],"replies":[{"embeddable":true,"href":"https:\/\/www.criadores.es\/pt-pt\/wp-json\/wp\/v2\/comments?post=2397"}],"wp:featuredmedia":[{"embeddable":true,"href":"https:\/\/www.criadores.es\/pt-pt\/wp-json\/wp\/v2\/media\/1835"}],"wp:attachment":[{"href":"https:\/\/www.criadores.es\/pt-pt\/wp-json\/wp\/v2\/media?parent=2397"}],"wp:term":[{"taxonomy":"product_brand","embeddable":true,"href":"https:\/\/www.criadores.es\/pt-pt\/wp-json\/wp\/v2\/product_brand?post=2397"},{"taxonomy":"product_cat","embeddable":true,"href":"https:\/\/www.criadores.es\/pt-pt\/wp-json\/wp\/v2\/product_cat?post=2397"},{"taxonomy":"product_tag","embeddable":true,"href":"https:\/\/www.criadores.es\/pt-pt\/wp-json\/wp\/v2\/product_tag?post=2397"}],"curies":[{"name":"wp","href":"https:\/\/api.w.org\/{rel}","templated":true}]}}