{"id":2398,"date":"2025-02-10T17:18:38","date_gmt":"2025-02-10T16:18:38","guid":{"rendered":"https:\/\/www.criadores.es\/producto\/criadores-snack-focinhos-de-porco-para-caes\/"},"modified":"2025-06-12T15:14:04","modified_gmt":"2025-06-12T13:14:04","slug":"criadores-snack-focinhos-de-porco-para-caes","status":"publish","type":"product","link":"https:\/\/www.criadores.es\/pt-pt\/producto\/criadores-snack-focinhos-de-porco-para-caes\/","title":{"rendered":"Criadores snack focinhos de porco para c\u00e3es"},"content":{"rendered":"<h2>Focinhos de porco para c\u00e3es gelatinosos e crocantes<\/h2>\n<p>O snack Criadores focinhos de porco branqueados \u00e9 uma del\u00edcia para os c\u00e3es. Uma <strong>guloseima macia <\/strong>e de consist\u00eancia mastig\u00e1vel que adoram mordicar. \u00c9 um <strong>pr\u00e9mio muito saud\u00e1vel<\/strong>: aporta prote\u00ednas, tem pouca gordura e \u00e9 rico em vitaminas e minerais; isto faz com que seja uma op\u00e7\u00e3o ideal para oferecer cada dia sem remordimentos. N\u00e3o tem nenhum outro ingrediente, conservante nem aditivo artificial, unicamente carne de porco.<\/p>\n<p>Os focinhos de porco s\u00e3o <strong>gelatinosos e crocantes<\/strong>, ideais para fortalecer a mand\u00edbula com a sua mastiga\u00e7\u00e3o e limpar os dentes de maneira natural; desta forma previne-se a forma\u00e7\u00e3o do t\u00e1rtaro e da placa e se favorece a <strong>sa\u00fade dental<\/strong>. Ser\u00e1 imensa divers\u00e3o para o c\u00e3o j\u00e1 que, al\u00e9m de satisfazer pelo seu sabor e textura, divertir-se-\u00e1 ao brincar com ele. Um snack <strong>saboroso e duradouro<\/strong>.<\/p>\n<p><strong><em>Os focinhos de porco Criadores s\u00e3o um snack ideal para recompensar o seu c\u00e3o cada dia.<\/em><\/strong><\/p>\n<p><em>A partir da data em que os receba \u00e9 garantido um prazo de 3 meses antes do vencimento da data de validade, ou de 1 m\u00eas no caso dos produtos l\u00b4cteos e a ra\u00e7\u00e3o ecol\u00f3gica.<\/em><\/p>\n","protected":false},"excerpt":{"rendered":"<p>Chouri\u00e7os de porco para c\u00e3es de todas as idades, s\u00e3o completamente naturais, sem gl\u00faten ou corantes ou conservantes artificiais, ricos em prote\u00edna e baixos em gordura, f\u00e1ceis de digerir.<\/p>\n","protected":false},"featured_media":1617,"comment_status":"open","ping_status":"closed","template":"","meta":{"_acf_changed":false},"product_brand":[],"product_cat":[92,98,101],"product_tag":[],"class_list":{"0":"post-2398","1":"product","2":"type-product","3":"status-publish","4":"has-post-thumbnail","6":"product_cat-cao","7":"product_cat-original-pt-pt","8":"product_cat-snacks-pt-pt","10":"first","11":"instock","12":"shipping-taxable","13":"product-type-simple"},"acf":[],"_links":{"self":[{"href":"https:\/\/www.criadores.es\/pt-pt\/wp-json\/wp\/v2\/product\/2398","targetHints":{"allow":["GET"]}}],"collection":[{"href":"https:\/\/www.criadores.es\/pt-pt\/wp-json\/wp\/v2\/product"}],"about":[{"href":"https:\/\/www.criadores.es\/pt-pt\/wp-json\/wp\/v2\/types\/product"}],"replies":[{"embeddable":true,"href":"https:\/\/www.criadores.es\/pt-pt\/wp-json\/wp\/v2\/comments?post=2398"}],"wp:featuredmedia":[{"embeddable":true,"href":"https:\/\/www.criadores.es\/pt-pt\/wp-json\/wp\/v2\/media\/1617"}],"wp:attachment":[{"href":"https:\/\/www.criadores.es\/pt-pt\/wp-json\/wp\/v2\/media?parent=2398"}],"wp:term":[{"taxonomy":"product_brand","embeddable":true,"href":"https:\/\/www.criadores.es\/pt-pt\/wp-json\/wp\/v2\/product_brand?post=2398"},{"taxonomy":"product_cat","embeddable":true,"href":"https:\/\/www.criadores.es\/pt-pt\/wp-json\/wp\/v2\/product_cat?post=2398"},{"taxonomy":"product_tag","embeddable":true,"href":"https:\/\/www.criadores.es\/pt-pt\/wp-json\/wp\/v2\/product_tag?post=2398"}],"curies":[{"name":"wp","href":"https:\/\/api.w.org\/{rel}","templated":true}]}}