{"id":2401,"date":"2025-02-13T16:10:29","date_gmt":"2025-02-13T15:10:29","guid":{"rendered":"https:\/\/www.criadores.es\/producto\/criadores-snacks-de-salmao-para-gatos-de-racas-grandes\/"},"modified":"2025-06-11T15:09:26","modified_gmt":"2025-06-11T13:09:26","slug":"criadores-snacks-de-salmao-para-gatos-de-racas-grandes","status":"publish","type":"product","link":"https:\/\/www.criadores.es\/pt-pt\/producto\/criadores-snacks-de-salmao-para-gatos-de-racas-grandes\/","title":{"rendered":"Criadores Snacks de Salm\u00e3o para gatos de ra\u00e7as grandes"},"content":{"rendered":"<h2>Snack sem cereais com salm\u00e3o para gatos adultos de ra\u00e7as grandes<\/h2>\n<p><strong>Os snacks para gatos grandes da Criadores<\/strong> s\u00e3o ideais para oferecer ao seu animal de estima\u00e7\u00e3o adulto de ra\u00e7a grande um \u00f3timo snack a qualquer hora do dia para <strong>complementar a sua dieta de uma forma saud\u00e1vel e nutritiva<\/strong>. T\u00eam um delicioso sabor <strong>a salm\u00e3o, juntamente com uma requintada textura semi-h\u00famida<\/strong>, que o seu amigo felino n\u00e3o conseguir\u00e1 resistir a comer, pois s\u00e3o irresist\u00edveis, <strong>f\u00e1ceis de digerir e mastigar<\/strong>. Ele vai ador\u00e1-los!<\/p>\n<p>Este snack para gatos da Criadores \u00e9 feito com ingredientes da mais alta qualidade para proporcionar <strong>snacks deliciosos, nutritivos<\/strong> e saud\u00e1veis. Cont\u00e9m vitamina C e minerais, perfeitos para promover <strong>uma excelente sa\u00fade<\/strong> e cont\u00e9m \u00e1cidos gordos \u00f3mega 3 e 6 que <strong>promovem um bom cuidado da pele e do pelo<\/strong> do seu animal de estima\u00e7\u00e3o.<\/p>\n<p>O salm\u00e3o \u00e9 rico em prote\u00ednas e tem um baixo teor de gordura, perfeito para <strong>fornecer ao seu gato muita energia para o manter ativo e com um peso ideal<\/strong>. Tamb\u00e9m <strong>n\u00e3o cont\u00e9m cereais, soja e organismos geneticamente modificados<\/strong>, pelo que o seu felino adulto de ra\u00e7a grande que sofra de alergias ou intoler\u00e2ncias alimentares pode consumi-lo sem sofrer rea\u00e7\u00f5es adversas.<\/p>\n<p><em>Os snacks semi-h\u00famidos de salm\u00e3o da Criadores ser\u00e3o os preferidos dos felinos adultos de ra\u00e7a grande!<\/em><\/p>\n","protected":false},"excerpt":{"rendered":"<p>Snacks sem cereais com uma textura semi-h\u00famida para gatos adultos de ra\u00e7as grandes. Ideais para complementar a dieta di\u00e1ria, pois s\u00e3o f\u00e1ceis de mastigar, digerir e promovem uma boa sa\u00fade.<\/p>\n","protected":false},"featured_media":1945,"comment_status":"open","ping_status":"closed","template":"","meta":{"_acf_changed":false},"product_brand":[],"product_cat":[111,106,103],"product_tag":[],"class_list":{"0":"post-2401","1":"product","2":"type-product","3":"status-publish","4":"has-post-thumbnail","6":"product_cat-gatos","7":"product_cat-original-gato-pt-pt","8":"product_cat-snacks-pt","10":"first","11":"instock","12":"shipping-taxable","13":"product-type-simple"},"acf":[],"_links":{"self":[{"href":"https:\/\/www.criadores.es\/pt-pt\/wp-json\/wp\/v2\/product\/2401","targetHints":{"allow":["GET"]}}],"collection":[{"href":"https:\/\/www.criadores.es\/pt-pt\/wp-json\/wp\/v2\/product"}],"about":[{"href":"https:\/\/www.criadores.es\/pt-pt\/wp-json\/wp\/v2\/types\/product"}],"replies":[{"embeddable":true,"href":"https:\/\/www.criadores.es\/pt-pt\/wp-json\/wp\/v2\/comments?post=2401"}],"wp:featuredmedia":[{"embeddable":true,"href":"https:\/\/www.criadores.es\/pt-pt\/wp-json\/wp\/v2\/media\/1945"}],"wp:attachment":[{"href":"https:\/\/www.criadores.es\/pt-pt\/wp-json\/wp\/v2\/media?parent=2401"}],"wp:term":[{"taxonomy":"product_brand","embeddable":true,"href":"https:\/\/www.criadores.es\/pt-pt\/wp-json\/wp\/v2\/product_brand?post=2401"},{"taxonomy":"product_cat","embeddable":true,"href":"https:\/\/www.criadores.es\/pt-pt\/wp-json\/wp\/v2\/product_cat?post=2401"},{"taxonomy":"product_tag","embeddable":true,"href":"https:\/\/www.criadores.es\/pt-pt\/wp-json\/wp\/v2\/product_tag?post=2401"}],"curies":[{"name":"wp","href":"https:\/\/api.w.org\/{rel}","templated":true}]}}