{"id":2402,"date":"2025-02-11T09:16:37","date_gmt":"2025-02-11T08:16:37","guid":{"rendered":"https:\/\/www.criadores.es\/producto\/criadores-snack-orelha-de-vaca-para-caes\/"},"modified":"2025-06-12T14:04:59","modified_gmt":"2025-06-12T12:04:59","slug":"criadores-snack-orelha-de-vaca-para-caes","status":"publish","type":"product","link":"https:\/\/www.criadores.es\/pt-pt\/producto\/criadores-snack-orelha-de-vaca-para-caes\/","title":{"rendered":"Criadores snack orelha de vaca para c\u00e3es"},"content":{"rendered":"<h2>Pr\u00e9mio saud\u00e1vel e divertido de orelhas de vaca<\/h2>\n<p>Ofere\u00e7a um capricho ao seu animal de estima\u00e7\u00e3o com o snack Criadores orelhas de vaca. Uma <strong>guloseima irresist\u00edvel, saborosa e duradoura<\/strong> que vai manter entretido o seu c\u00e3o durante um longo momento. Uma forma estupenda para evitar o t\u00e9dio e o stress quando estiver em casa. Este alimento complement\u00e1rio n\u00e3o s\u00f3 oferecer divers\u00e3o, mas tamb\u00e9m \u00e9 muito nutritivo: rico em prote\u00ednas e baixo em gorduras. Poder\u00e1 dar um cada dia sem peso na consci\u00eancia.<\/p>\n<p>As orelhas de vaca\u00a0t\u00eam uma <strong>textura crocante e mastig\u00e1vel <\/strong>que favorece a sa\u00fade dental dos c\u00e3es. Ao mesmo em tempo que desfrutam ao mastig\u00e1-las, arrastam a sujidade e o t\u00e1rtaro limpando os dentes e mantendo saud\u00e1veis as gengivas. Al\u00e9m disso, o snack \u00e9 f\u00e1cil de digerir.<\/p>\n<p>Em Tiendanimal, al\u00e9m das orelhas de vaca, tamb\u00e9m poder\u00e1 encontrar orelhas de coelho e orelhas de porco. Tamanhos, formas, texturas e sabores diferentes para que o seu c\u00e3o receba um snack novo cada dia e nunca se canse.<\/p>\n<p><strong><em>O seu c\u00e3o desfrutar\u00e1 mais do que nunca com as orelhas de vaca Criadores.<\/em><\/strong><\/p>\n<p><em>A partir da data em que os receba \u00e9 garantido um prazo de 3 meses antes do vencimento da data de validade, ou de 1 m\u00eas no caso dos produtos l\u00b4cteos e a ra\u00e7\u00e3o ecol\u00f3gica.<\/em><\/p>\n","protected":false},"excerpt":{"rendered":"<p>Orelha de boi branqueada para c\u00e3es de todas as idades, totalmente natural, estimula a mastiga\u00e7\u00e3o e previne a forma\u00e7\u00e3o de t\u00e1rtaro ao limpar os dentes e gengivas.<\/p>\n","protected":false},"featured_media":1640,"comment_status":"open","ping_status":"closed","template":"","meta":{"_acf_changed":false},"product_brand":[],"product_cat":[92,98,101],"product_tag":[],"class_list":{"0":"post-2402","1":"product","2":"type-product","3":"status-publish","4":"has-post-thumbnail","6":"product_cat-cao","7":"product_cat-original-pt-pt","8":"product_cat-snacks-pt-pt","10":"first","11":"instock","12":"shipping-taxable","13":"product-type-simple"},"acf":[],"_links":{"self":[{"href":"https:\/\/www.criadores.es\/pt-pt\/wp-json\/wp\/v2\/product\/2402","targetHints":{"allow":["GET"]}}],"collection":[{"href":"https:\/\/www.criadores.es\/pt-pt\/wp-json\/wp\/v2\/product"}],"about":[{"href":"https:\/\/www.criadores.es\/pt-pt\/wp-json\/wp\/v2\/types\/product"}],"replies":[{"embeddable":true,"href":"https:\/\/www.criadores.es\/pt-pt\/wp-json\/wp\/v2\/comments?post=2402"}],"wp:featuredmedia":[{"embeddable":true,"href":"https:\/\/www.criadores.es\/pt-pt\/wp-json\/wp\/v2\/media\/1640"}],"wp:attachment":[{"href":"https:\/\/www.criadores.es\/pt-pt\/wp-json\/wp\/v2\/media?parent=2402"}],"wp:term":[{"taxonomy":"product_brand","embeddable":true,"href":"https:\/\/www.criadores.es\/pt-pt\/wp-json\/wp\/v2\/product_brand?post=2402"},{"taxonomy":"product_cat","embeddable":true,"href":"https:\/\/www.criadores.es\/pt-pt\/wp-json\/wp\/v2\/product_cat?post=2402"},{"taxonomy":"product_tag","embeddable":true,"href":"https:\/\/www.criadores.es\/pt-pt\/wp-json\/wp\/v2\/product_tag?post=2402"}],"curies":[{"name":"wp","href":"https:\/\/api.w.org\/{rel}","templated":true}]}}