{"id":2403,"date":"2025-02-07T13:23:16","date_gmt":"2025-02-07T12:23:16","guid":{"rendered":"https:\/\/www.criadores.es\/producto\/criadores-snack-rabo-de-vaca-para-caes\/"},"modified":"2025-06-12T09:29:04","modified_gmt":"2025-06-12T07:29:04","slug":"criadores-snack-rabo-de-vaca-para-caes","status":"publish","type":"product","link":"https:\/\/www.criadores.es\/pt-pt\/producto\/criadores-snack-rabo-de-vaca-para-caes\/","title":{"rendered":"Criadores snack rabo de vaca para c\u00e3es"},"content":{"rendered":"<h2>Rabo de boi crocante e duradouro para c\u00e3es<\/h2>\n<p>O snack Criadores rabo de boi \u00e9 um irresist\u00edvel pr\u00e9mio para o seu animal de estima\u00e7\u00e3o. Os c\u00e3es adoram a sua forma longa e fina e a <strong>textura crocante <\/strong>e os mant\u00e9m entretidos durante um longo momento. Al\u00e9m disso, a sua mastiga\u00e7\u00e3o favorece a <strong>sa\u00fade dental<\/strong>, ajuda a limpar os dentes e evitar o ac\u00famulo de t\u00e1rtaro e placa. Saud\u00e1vel, nutritivo e divertido.<\/p>\n<p>Pode oferecer este snack cada dia ao seu c\u00e3o sem peso na consci\u00eancia, \u00e9 perfeito para adicionar \u00e0 sua dieta. O rabo de boi tem uma consist\u00eancia muito s\u00f3lida que garante um <strong>passatempo de longa dura\u00e7\u00e3o<\/strong>. Pode acontecer que brinque um tempo a mordiscar, o deixe e logo continue a brincar; alguns c\u00e3es o devoram e outros o comem aos poucos, em diferentes momentos ou at\u00e9 mesmo em v\u00e1rios dias.<\/p>\n<p>Pode combinar com o resto de <strong>snacks Criadores<\/strong>: orelhas de coelho ou vaca, focinhos de porco, pesco\u00e7o de aves, patas de frango&#8230; V\u00e3o adorar!<\/p>\n<p><strong><em>O rabo de boi Criadores \u00e9 um snack saboroso e crocante que os c\u00e3es adoram.<\/em><\/strong><\/p>\n<p><em>A partir da data em que os receba \u00e9 garantido um prazo de 3 meses antes do vencimento da data de validade, ou de 1 m\u00eas no caso dos produtos l\u00b4cteos e a ra\u00e7\u00e3o ecol\u00f3gica.<\/em><\/p>\n","protected":false},"excerpt":{"rendered":"<p>Rabo de boi para c\u00e3es de todas as idades, \u00e9 um lanche totalmente natural, rico em prote\u00ednas e baixo em gorduras, ajuda a limpar os dentes e gengivas, previne a forma\u00e7\u00e3o de t\u00e1rtaro.<\/p>\n","protected":false},"featured_media":1531,"comment_status":"open","ping_status":"closed","template":"","meta":{"_acf_changed":false},"product_brand":[],"product_cat":[92,98,101],"product_tag":[],"class_list":{"0":"post-2403","1":"product","2":"type-product","3":"status-publish","4":"has-post-thumbnail","6":"product_cat-cao","7":"product_cat-original-pt-pt","8":"product_cat-snacks-pt-pt","10":"first","11":"instock","12":"shipping-taxable","13":"product-type-simple"},"acf":[],"_links":{"self":[{"href":"https:\/\/www.criadores.es\/pt-pt\/wp-json\/wp\/v2\/product\/2403","targetHints":{"allow":["GET"]}}],"collection":[{"href":"https:\/\/www.criadores.es\/pt-pt\/wp-json\/wp\/v2\/product"}],"about":[{"href":"https:\/\/www.criadores.es\/pt-pt\/wp-json\/wp\/v2\/types\/product"}],"replies":[{"embeddable":true,"href":"https:\/\/www.criadores.es\/pt-pt\/wp-json\/wp\/v2\/comments?post=2403"}],"wp:featuredmedia":[{"embeddable":true,"href":"https:\/\/www.criadores.es\/pt-pt\/wp-json\/wp\/v2\/media\/1531"}],"wp:attachment":[{"href":"https:\/\/www.criadores.es\/pt-pt\/wp-json\/wp\/v2\/media?parent=2403"}],"wp:term":[{"taxonomy":"product_brand","embeddable":true,"href":"https:\/\/www.criadores.es\/pt-pt\/wp-json\/wp\/v2\/product_brand?post=2403"},{"taxonomy":"product_cat","embeddable":true,"href":"https:\/\/www.criadores.es\/pt-pt\/wp-json\/wp\/v2\/product_cat?post=2403"},{"taxonomy":"product_tag","embeddable":true,"href":"https:\/\/www.criadores.es\/pt-pt\/wp-json\/wp\/v2\/product_tag?post=2403"}],"curies":[{"name":"wp","href":"https:\/\/api.w.org\/{rel}","templated":true}]}}