{"id":2404,"date":"2025-02-13T11:56:50","date_gmt":"2025-02-13T10:56:50","guid":{"rendered":"https:\/\/www.criadores.es\/producto\/criadores-snacks-de-frango-para-gatos-de-racas-grandes\/"},"modified":"2025-06-12T12:17:18","modified_gmt":"2025-06-12T10:17:18","slug":"criadores-snacks-de-frango-para-gatos-de-racas-grandes","status":"publish","type":"product","link":"https:\/\/www.criadores.es\/pt-pt\/producto\/criadores-snacks-de-frango-para-gatos-de-racas-grandes\/","title":{"rendered":"Criadores Snacks de Frango para gatos de ra\u00e7as grandes"},"content":{"rendered":"<h2>Snacks semi-h\u00famidos para gatos adultos de ra\u00e7as grandes<\/h2>\n<p>Oferecer ao seu felino um snack nutritivo e com um delicioso sabor para ele desfrutar a qualquer hora do dia pode ser uma tarefa dif\u00edcil, uma vez que eles tendem a ser um pouco exigentes, mas com os <strong>snacks para gatos de ra\u00e7as grandes da Criadores<\/strong>, n\u00e3o ter\u00e1 esse problema. T\u00eam um <strong>delicioso sabor a carne de frango e uma requintada textura semi-h\u00famida<\/strong> que o seu animal de estima\u00e7\u00e3o vai querer saborear em qualquer altura para deliciar e <strong>complementar a sua dieta di\u00e1ria<\/strong>.<\/p>\n<p><strong>N\u00e3o cont\u00eam cereais, soja e organismos geneticamente modificados<\/strong>, pelo que o seu gato adulto de ra\u00e7a grande que sofre de alergias ou intoler\u00e2ncias alimentares pode com\u00ea-los sem sofrer qualquer rea\u00e7\u00e3o. Incluem vitamina C e minerais, perfeitos para promover <strong>uma excelente sa\u00fade<\/strong>, e cont\u00eam \u00e1cidos gordos \u00f3mega 3 e 6 que <strong>promovem um bom cuidado da pele e do pelo<\/strong> do seu amigo felino.<\/p>\n<p>A carne fresca de frango \u00e9 rica em prote\u00ednas e tem um baixo teor de gordura, perfeita para <strong>fornecer ao seu gato muita energia para o manter ativo e com um peso ideal<\/strong>. Este snack para gatos da Criadores \u00e9 feito com ingredientes da mais alta qualidade para proporcionar <strong>snacks deliciosos, nutritivos<\/strong> e saud\u00e1veis.<\/p>\n<p><em>O seu felino adulto de ra\u00e7a grande manter\u00e1 uma pele e um pelo saud\u00e1veis se for alimentado diariamente com os snacks semi-h\u00famidos de frango da Criadores!<\/em><\/p>\n","protected":false},"excerpt":{"rendered":"<p>Snack semi-h\u00famido sem cereais para gatos adultos de ra\u00e7as grandes. Ideal para oferecer em qualquer altura do dia para complementar a alimenta\u00e7\u00e3o di\u00e1ria, pois favorece a sa\u00fade.<\/p>\n","protected":false},"featured_media":1867,"comment_status":"open","ping_status":"closed","template":"","meta":{"_acf_changed":false},"product_brand":[],"product_cat":[111,106,103],"product_tag":[],"class_list":{"0":"post-2404","1":"product","2":"type-product","3":"status-publish","4":"has-post-thumbnail","6":"product_cat-gatos","7":"product_cat-original-gato-pt-pt","8":"product_cat-snacks-pt","10":"first","11":"instock","12":"shipping-taxable","13":"product-type-simple"},"acf":[],"_links":{"self":[{"href":"https:\/\/www.criadores.es\/pt-pt\/wp-json\/wp\/v2\/product\/2404","targetHints":{"allow":["GET"]}}],"collection":[{"href":"https:\/\/www.criadores.es\/pt-pt\/wp-json\/wp\/v2\/product"}],"about":[{"href":"https:\/\/www.criadores.es\/pt-pt\/wp-json\/wp\/v2\/types\/product"}],"replies":[{"embeddable":true,"href":"https:\/\/www.criadores.es\/pt-pt\/wp-json\/wp\/v2\/comments?post=2404"}],"wp:featuredmedia":[{"embeddable":true,"href":"https:\/\/www.criadores.es\/pt-pt\/wp-json\/wp\/v2\/media\/1867"}],"wp:attachment":[{"href":"https:\/\/www.criadores.es\/pt-pt\/wp-json\/wp\/v2\/media?parent=2404"}],"wp:term":[{"taxonomy":"product_brand","embeddable":true,"href":"https:\/\/www.criadores.es\/pt-pt\/wp-json\/wp\/v2\/product_brand?post=2404"},{"taxonomy":"product_cat","embeddable":true,"href":"https:\/\/www.criadores.es\/pt-pt\/wp-json\/wp\/v2\/product_cat?post=2404"},{"taxonomy":"product_tag","embeddable":true,"href":"https:\/\/www.criadores.es\/pt-pt\/wp-json\/wp\/v2\/product_tag?post=2404"}],"curies":[{"name":"wp","href":"https:\/\/api.w.org\/{rel}","templated":true}]}}