{"id":2405,"date":"2025-02-14T10:20:40","date_gmt":"2025-02-14T09:20:40","guid":{"rendered":"https:\/\/www.criadores.es\/producto\/criadores-osso-fumado-bufalo-para-caes\/"},"modified":"2025-06-11T13:55:03","modified_gmt":"2025-06-11T11:55:03","slug":"criadores-osso-fumado-bufalo-para-caes","status":"publish","type":"product","link":"https:\/\/www.criadores.es\/pt-pt\/producto\/criadores-osso-fumado-bufalo-para-caes\/","title":{"rendered":"Criadores Osso Fumado B\u00fafalo para c\u00e3es"},"content":{"rendered":"<h2>Snack natural de b\u00fafalo com recheio para c\u00e3es<\/h2>\n<p>O osso de c\u00e1lcio fumado com recheio Criadores \u00e9 um snack para c\u00e3es que <strong>promove a sa\u00fade dental<\/strong>. \u00c9 um alimento complement\u00e1rio ideal para oferecer cada dia, com o qual poder\u00e1 desfrutar durante um longo per\u00edodo. Alguns c\u00e3es o devorar\u00e3o e outros o morder\u00e3o aos poucos e em diferentes momentos, mas sempre dura muito mais do que os snacks tradicionais, por tanto \u00e9 um <strong>fant\u00e1stico passatempo<\/strong>.<\/p>\n<p>Os <strong>ossos de c\u00e1lcio <\/strong>oferecem propriedades nutricionais extra na dieta do seu c\u00e3o. Possuem um alto conte\u00fado de c\u00e1lcio e tamb\u00e9m de prote\u00ednas. A consist\u00eancia dura \u00e9 perfeita para manter os <strong>dentes saud\u00e1veis e fortes<\/strong>, al\u00e9m de fortalecer a mand\u00edbula. Um <strong>snack natural, saud\u00e1vel e divertido<\/strong> que cuida dos dentes. O recheio de carne faz com que seja um pr\u00e9mio muito mais saboroso e atrativo. Vai adorar!<\/p>\n<p>Desfrute dos diferentes ossos que <strong>Criadores <\/strong>lhe oferece: fumados, naturais, prensados, com recheio de carne e com clorofila ou hortel\u00e3.<\/p>\n<p><strong><em>Cuide dos dentes do seu c\u00e3o com o osso de c\u00e1lcio fumado com recheio Criadores.<\/em><\/strong><\/p>\n<p><em>A partir da data em que os receba \u00e9 garantido um prazo de 3 meses antes do vencimento da data de validade, ou de 1 m\u00eas no caso dos produtos l\u00b4cteos e a ra\u00e7\u00e3o ecol\u00f3gica.<\/em><\/p>\n","protected":false},"excerpt":{"rendered":"<p>Osso de b\u00fafalo defumado para c\u00e3es, \u00e9 um lanche totalmente natural, sem corantes ou conservantes adicionados, rico em prote\u00ednas, ajuda a limpar as gengivas e dentes e previne a forma\u00e7\u00e3o de t\u00e1rtaro.<\/p>\n","protected":false},"featured_media":2018,"comment_status":"open","ping_status":"closed","template":"","meta":{"_acf_changed":false},"product_brand":[],"product_cat":[92,98,101],"product_tag":[],"class_list":{"0":"post-2405","1":"product","2":"type-product","3":"status-publish","4":"has-post-thumbnail","6":"product_cat-cao","7":"product_cat-original-pt-pt","8":"product_cat-snacks-pt-pt","10":"first","11":"instock","12":"shipping-taxable","13":"product-type-simple"},"acf":[],"_links":{"self":[{"href":"https:\/\/www.criadores.es\/pt-pt\/wp-json\/wp\/v2\/product\/2405","targetHints":{"allow":["GET"]}}],"collection":[{"href":"https:\/\/www.criadores.es\/pt-pt\/wp-json\/wp\/v2\/product"}],"about":[{"href":"https:\/\/www.criadores.es\/pt-pt\/wp-json\/wp\/v2\/types\/product"}],"replies":[{"embeddable":true,"href":"https:\/\/www.criadores.es\/pt-pt\/wp-json\/wp\/v2\/comments?post=2405"}],"wp:featuredmedia":[{"embeddable":true,"href":"https:\/\/www.criadores.es\/pt-pt\/wp-json\/wp\/v2\/media\/2018"}],"wp:attachment":[{"href":"https:\/\/www.criadores.es\/pt-pt\/wp-json\/wp\/v2\/media?parent=2405"}],"wp:term":[{"taxonomy":"product_brand","embeddable":true,"href":"https:\/\/www.criadores.es\/pt-pt\/wp-json\/wp\/v2\/product_brand?post=2405"},{"taxonomy":"product_cat","embeddable":true,"href":"https:\/\/www.criadores.es\/pt-pt\/wp-json\/wp\/v2\/product_cat?post=2405"},{"taxonomy":"product_tag","embeddable":true,"href":"https:\/\/www.criadores.es\/pt-pt\/wp-json\/wp\/v2\/product_tag?post=2405"}],"curies":[{"name":"wp","href":"https:\/\/api.w.org\/{rel}","templated":true}]}}