{"id":2407,"date":"2025-02-13T10:42:44","date_gmt":"2025-02-13T09:42:44","guid":{"rendered":"https:\/\/www.criadores.es\/producto\/criadores-snacks-senior-de-salmao-para-gatos\/"},"modified":"2025-06-11T15:51:36","modified_gmt":"2025-06-11T13:51:36","slug":"criadores-snacks-senior-de-salmao-para-gatos","status":"publish","type":"product","link":"https:\/\/www.criadores.es\/pt-pt\/producto\/criadores-snacks-senior-de-salmao-para-gatos\/","title":{"rendered":"Criadores Snacks Senior de Salm\u00e3o para gatos"},"content":{"rendered":"<h2>Snack de salm\u00e3o biologicamente adaptado para gatos seniores<\/h2>\n<p>Complementar a dieta di\u00e1ria do seu felino pode ser uma tarefa complicada se n\u00e3o conseguir encontrar um snack de que ele goste, mas com os <strong>snacks para gatos seniores da Criadores<\/strong>, n\u00e3o ter\u00e1 esse problema. Trata-se de um delicioso snack com um <strong>sabor a salm\u00e3o<\/strong> e uma <strong>textura semi-h\u00famida<\/strong> que o seu gato vai adorar comer todos os dias. Al\u00e9m disso, <strong>est\u00e3o biologicamente adaptados ao seu companheiro e s\u00e3o altamente diger\u00edveis<\/strong>.<\/p>\n<p>Inclui vitamina C e minerais que <strong>favorecem a boa sa\u00fade<\/strong> e \u00e1cidos gordos \u00f3mega 3 e 6 para <strong>cuidar da pele e do pelo<\/strong>. Al\u00e9m disso, s\u00e3o <strong>Grain Free<\/strong>, soja e organismos geneticamente modificados (OGM), perfeitos para <strong>facilitar a digest\u00e3o<\/strong> e oferecer ao seu gato que sofre de alergias ou intoler\u00e2ncias alimentares, conseguindo evitar rea\u00e7\u00f5es adversas.<\/p>\n<p>S\u00e3o elaborados com ingredientes da mais alta qualidade para oferecer ao seu animal de estima\u00e7\u00e3o <strong>um snack biologicamente adaptado, delicioso e nutritivo<\/strong>. O salm\u00e3o possui um <strong>baixo teor de gordura e \u00e9 rico em prote\u00ednas<\/strong>, ideal para manter um <strong>peso ideal e fornecer ao seu gato s\u00e9nior energia para o manter sempre ativo<\/strong>.<\/p>\n<p><em>O seu felino s\u00e9nior manter-se-\u00e1 saud\u00e1vel e muito ativo se oferecer os snacks semi-h\u00famidos de salm\u00e3o da Criadores a qualquer hora do dia!<\/em><\/p>\n","protected":false},"excerpt":{"rendered":"<p>Snacks semi-h\u00famidos altamente diger\u00edveis para gatos seniores. Favorecem a sa\u00fade e o cuidado da pele e do pelo, perfeitos para oferecer a qualquer hora do dia.<\/p>\n","protected":false},"featured_media":1844,"comment_status":"open","ping_status":"closed","template":"","meta":{"_acf_changed":false},"product_brand":[],"product_cat":[111,106,103],"product_tag":[],"class_list":{"0":"post-2407","1":"product","2":"type-product","3":"status-publish","4":"has-post-thumbnail","6":"product_cat-gatos","7":"product_cat-original-gato-pt-pt","8":"product_cat-snacks-pt","10":"first","11":"instock","12":"shipping-taxable","13":"product-type-simple"},"acf":[],"_links":{"self":[{"href":"https:\/\/www.criadores.es\/pt-pt\/wp-json\/wp\/v2\/product\/2407","targetHints":{"allow":["GET"]}}],"collection":[{"href":"https:\/\/www.criadores.es\/pt-pt\/wp-json\/wp\/v2\/product"}],"about":[{"href":"https:\/\/www.criadores.es\/pt-pt\/wp-json\/wp\/v2\/types\/product"}],"replies":[{"embeddable":true,"href":"https:\/\/www.criadores.es\/pt-pt\/wp-json\/wp\/v2\/comments?post=2407"}],"wp:featuredmedia":[{"embeddable":true,"href":"https:\/\/www.criadores.es\/pt-pt\/wp-json\/wp\/v2\/media\/1844"}],"wp:attachment":[{"href":"https:\/\/www.criadores.es\/pt-pt\/wp-json\/wp\/v2\/media?parent=2407"}],"wp:term":[{"taxonomy":"product_brand","embeddable":true,"href":"https:\/\/www.criadores.es\/pt-pt\/wp-json\/wp\/v2\/product_brand?post=2407"},{"taxonomy":"product_cat","embeddable":true,"href":"https:\/\/www.criadores.es\/pt-pt\/wp-json\/wp\/v2\/product_cat?post=2407"},{"taxonomy":"product_tag","embeddable":true,"href":"https:\/\/www.criadores.es\/pt-pt\/wp-json\/wp\/v2\/product_tag?post=2407"}],"curies":[{"name":"wp","href":"https:\/\/api.w.org\/{rel}","templated":true}]}}