{"id":2408,"date":"2025-02-14T12:06:42","date_gmt":"2025-02-14T11:06:42","guid":{"rendered":"https:\/\/www.criadores.es\/producto\/criadores-ossos-de-calcio-fumado-para-caes\/"},"modified":"2025-06-11T16:28:21","modified_gmt":"2025-06-11T14:28:21","slug":"criadores-ossos-de-calcio-fumado-para-caes","status":"publish","type":"product","link":"https:\/\/www.criadores.es\/pt-pt\/producto\/criadores-ossos-de-calcio-fumado-para-caes\/","title":{"rendered":"Criadores Ossos de C\u00e1lcio Fumado para c\u00e3es"},"content":{"rendered":"<h2>Snack de c\u00e1lcio para c\u00e3es<\/h2>\n<p>Se estiver \u00e0 procura de um snack com o qual o seu c\u00e3o possa ficar entretido durante um bom tempo, o osso de c\u00e1lcio fumado\u00a0Criadores \u00e9 o que precisa. Um pr\u00e9mio ideal para oferecer cada dia e complementar a sua dieta com um extra de c\u00e1lcio e prote\u00ednas. A textura e consist\u00eancia dura <strong>promovem a boa sa\u00fade dental<\/strong>; ao mesmo tempo em que se diverte ao mord\u00ea-lo estar\u00e1 a limpar os seus dentes e fortalecer a mand\u00edbula, evitando assim o ac\u00famulo de t\u00e1rtaro e o surgimento da placa.<\/p>\n<p>Os c\u00e3es adoram os ossos e s\u00e3o um <strong>excelente passatempo <\/strong>no seu dia-a-dia. O c\u00e1lcio \u00e9 importante para os ossos, os dentes e o funcionamento do sistema nervoso do c\u00e3o, por tanto, al\u00e9m de serem um entretenimento, s\u00e3o \u00f3timos para a sa\u00fade. Pode escolher entre o osso de c\u00e1lcio ao natural, fumado ou com recheio de carne.<\/p>\n<p>Recorde que n\u00e3o todos os ossos s\u00e3o adequados para os c\u00e3es. Nunca lhe deve dar os ossos restantes do cozido ou do frango, j\u00e1 que estes alimentos soltam lascas que podem ocasionar imenso dano. Escolha unicamente os destinados de forma espec\u00edfica para os c\u00e3es e que sejam <strong>seguros e de qualidade.<\/strong><\/p>\n<p><strong><em>O osso de c\u00e1lcio Criadores \u00e9 saud\u00e1vel, divertido e seguro para os c\u00e3es.<\/em><\/strong><\/p>\n<p><em>A partir da data em que os receba \u00e9 garantido um prazo de 3 meses antes do vencimento da data de validade, ou de 1 m\u00eas no caso dos produtos l\u00b4cteos e a ra\u00e7\u00e3o ecol\u00f3gica.<\/em><\/p>\n","protected":false},"excerpt":{"rendered":"<p>Osso de b\u00fafalo com c\u00e1lcio defumado para c\u00e3es de todas as idades, livre de corantes, sem gl\u00faten, ajuda a limpar os dentes e gengivas, \u00e9 fonte de prote\u00ednas, vitaminas e minerais, fortalece a mordida.<\/p>\n","protected":false},"featured_media":2041,"comment_status":"open","ping_status":"closed","template":"","meta":{"_acf_changed":false},"product_brand":[],"product_cat":[92,98,101],"product_tag":[],"class_list":{"0":"post-2408","1":"product","2":"type-product","3":"status-publish","4":"has-post-thumbnail","6":"product_cat-cao","7":"product_cat-original-pt-pt","8":"product_cat-snacks-pt-pt","10":"first","11":"instock","12":"shipping-taxable","13":"product-type-simple"},"acf":[],"_links":{"self":[{"href":"https:\/\/www.criadores.es\/pt-pt\/wp-json\/wp\/v2\/product\/2408","targetHints":{"allow":["GET"]}}],"collection":[{"href":"https:\/\/www.criadores.es\/pt-pt\/wp-json\/wp\/v2\/product"}],"about":[{"href":"https:\/\/www.criadores.es\/pt-pt\/wp-json\/wp\/v2\/types\/product"}],"replies":[{"embeddable":true,"href":"https:\/\/www.criadores.es\/pt-pt\/wp-json\/wp\/v2\/comments?post=2408"}],"wp:featuredmedia":[{"embeddable":true,"href":"https:\/\/www.criadores.es\/pt-pt\/wp-json\/wp\/v2\/media\/2041"}],"wp:attachment":[{"href":"https:\/\/www.criadores.es\/pt-pt\/wp-json\/wp\/v2\/media?parent=2408"}],"wp:term":[{"taxonomy":"product_brand","embeddable":true,"href":"https:\/\/www.criadores.es\/pt-pt\/wp-json\/wp\/v2\/product_brand?post=2408"},{"taxonomy":"product_cat","embeddable":true,"href":"https:\/\/www.criadores.es\/pt-pt\/wp-json\/wp\/v2\/product_cat?post=2408"},{"taxonomy":"product_tag","embeddable":true,"href":"https:\/\/www.criadores.es\/pt-pt\/wp-json\/wp\/v2\/product_tag?post=2408"}],"curies":[{"name":"wp","href":"https:\/\/api.w.org\/{rel}","templated":true}]}}