{"id":2409,"date":"2025-02-14T10:50:41","date_gmt":"2025-02-14T09:50:41","guid":{"rendered":"https:\/\/www.criadores.es\/producto\/criadores-ossos-de-calcio-bufalo-para-caes\/"},"modified":"2025-06-11T13:54:47","modified_gmt":"2025-06-11T11:54:47","slug":"criadores-ossos-de-calcio-bufalo-para-caes","status":"publish","type":"product","link":"https:\/\/www.criadores.es\/pt-pt\/producto\/criadores-ossos-de-calcio-bufalo-para-caes\/","title":{"rendered":"Criadores ossos de c\u00e1lcio b\u00fafalo para c\u00e3es"},"content":{"rendered":"<h2>Snack dental com recheio de carne de b\u00fafalo para c\u00e3es<\/h2>\n<p>O osso de c\u00e1lcio com recheio de carne Criadores \u00e9 um <strong>snack para c\u00e3es <\/strong>que cuida dos seus dentes de maneira natural. Uma das op\u00e7\u00f5es mais duradouras com as que pode premiar o seu animal de estima\u00e7\u00e3o para que fique entretido durante muito mais tempo. \u00c9 um alimento complementar saud\u00e1vel que pode oferecer cada dia. Alguns c\u00e3es n\u00e3o o soltam at\u00e9 que terminam com ele, outros d\u00e3o algumas mordidas aos poucos e o desfrutam durante dias.<\/p>\n<p>O c\u00e1lcio \u00e9 um mineral essencial para os ossos, os dentes e o sistema nervoso do c\u00e3o, por tanto este tipo de ossos s\u00e3o ideais para a sa\u00fade do seu melhor amigo. Al\u00e9m disso, este snack melhorado incorpora um <strong>recheio de carne saborosa e irresist\u00edvel<\/strong>. Al\u00e9m do c\u00e1lcio, o osso com recheio possui 40% de prote\u00ednas. A textura dura <strong>limpa os dentes, reduz o t\u00e1rtaro <\/strong>e evita o surgimento da placa.<\/p>\n<p>Prove os <strong>ossos de c\u00e1lcio Criadores<\/strong> ao natural, fumados ou com recheio e os ossos prensados com hortel\u00e3 e clorofila.<\/p>\n<p><strong><em>O osso de c\u00e1lcio com recheio de carne Criadores \u00e9 um snack saud\u00e1vel e divertido que limpa os dentes do seu c\u00e3o.<\/em><\/strong><\/p>\n<p><em>A partir da data em que os receba \u00e9 garantido um prazo de 3 meses antes do vencimento da data de validade, ou de 1 m\u00eas no caso dos produtos l\u00b4cteos e a ra\u00e7\u00e3o ecol\u00f3gica.<\/em><\/p>\n","protected":false},"excerpt":{"rendered":"<p>Lanches de b\u00fafalo com c\u00e1lcio para c\u00e3es, t\u00eam forma de osso prensado, fornecem um alto n\u00edvel de prote\u00ednas, vitaminas e minerais, fortalecem a mand\u00edbula e ajudam a limpar os dentes e gengivas, s\u00e3o facilmente digest\u00edveis.<\/p>\n","protected":false},"featured_media":2023,"comment_status":"open","ping_status":"closed","template":"","meta":{"_acf_changed":false},"product_brand":[],"product_cat":[92,98,101],"product_tag":[],"class_list":{"0":"post-2409","1":"product","2":"type-product","3":"status-publish","4":"has-post-thumbnail","6":"product_cat-cao","7":"product_cat-original-pt-pt","8":"product_cat-snacks-pt-pt","10":"first","11":"instock","12":"shipping-taxable","13":"product-type-simple"},"acf":[],"_links":{"self":[{"href":"https:\/\/www.criadores.es\/pt-pt\/wp-json\/wp\/v2\/product\/2409","targetHints":{"allow":["GET"]}}],"collection":[{"href":"https:\/\/www.criadores.es\/pt-pt\/wp-json\/wp\/v2\/product"}],"about":[{"href":"https:\/\/www.criadores.es\/pt-pt\/wp-json\/wp\/v2\/types\/product"}],"replies":[{"embeddable":true,"href":"https:\/\/www.criadores.es\/pt-pt\/wp-json\/wp\/v2\/comments?post=2409"}],"wp:featuredmedia":[{"embeddable":true,"href":"https:\/\/www.criadores.es\/pt-pt\/wp-json\/wp\/v2\/media\/2023"}],"wp:attachment":[{"href":"https:\/\/www.criadores.es\/pt-pt\/wp-json\/wp\/v2\/media?parent=2409"}],"wp:term":[{"taxonomy":"product_brand","embeddable":true,"href":"https:\/\/www.criadores.es\/pt-pt\/wp-json\/wp\/v2\/product_brand?post=2409"},{"taxonomy":"product_cat","embeddable":true,"href":"https:\/\/www.criadores.es\/pt-pt\/wp-json\/wp\/v2\/product_cat?post=2409"},{"taxonomy":"product_tag","embeddable":true,"href":"https:\/\/www.criadores.es\/pt-pt\/wp-json\/wp\/v2\/product_tag?post=2409"}],"curies":[{"name":"wp","href":"https:\/\/api.w.org\/{rel}","templated":true}]}}