{"id":2410,"date":"2025-02-10T12:31:03","date_gmt":"2025-02-10T11:31:03","guid":{"rendered":"https:\/\/www.criadores.es\/producto\/criadores-ossos-de-menta-para-caes\/"},"modified":"2025-03-03T13:39:53","modified_gmt":"2025-03-03T12:39:53","slug":"criadores-ossos-de-menta-para-caes","status":"publish","type":"product","link":"https:\/\/www.criadores.es\/pt-pt\/producto\/criadores-ossos-de-menta-para-caes\/","title":{"rendered":"Criadores ossos de menta para c\u00e3es"},"content":{"rendered":"<h2>Criadores osso com dois n\u00f3s para c\u00e3es<\/h2>\n<p>O osso prensado Criadores de hortel\u00e3 \u00e9 um <strong>snack irresist\u00edvel <\/strong>para os c\u00e3es. Est\u00e1 elaborado 100% com pele de b\u00fafalo para oferecer uma <strong>guloseima mastig\u00e1vel e duradoura <\/strong>que satisfaz o instinto natural de morder. Gra\u00e7as \u00e0 sua mastiga\u00e7\u00e3o limpam-se os dentes e previne a forma\u00e7\u00e3o do t\u00e1rtaro e da placa, al\u00e9m de fortalecer a mand\u00edbula.<\/p>\n<p>Estes ossos s\u00e3o um alimento complementar ideal para todos os c\u00e3es e para oferecer em qualquer momento. Gra\u00e7as \u00e0 sua textura e dura\u00e7\u00e3o proporciona <strong>longos momentos de entretenimento e divers\u00e3o<\/strong>. Al\u00e9m disso, t\u00eam adi\u00e7\u00e3o de aroma de hortel\u00e3 para melhorar o seu sabor e para um <strong>h\u00e1lito fresco<\/strong>. O osso prensado \u00e9 muito rico em prote\u00ednas e baixo em gorduras, por tanto poder\u00e1 oferecer ao seu c\u00e3o cada dia sem culpa.<\/p>\n<p>Escolha o formato mais adequado para o seu c\u00e3o segundo o seu tamanho. Tamb\u00e9m pode escolher entre os diferentes <strong>snacks prensados Criadores<\/strong>: ossos com hortel\u00e3, ossos com clorofila ou palitos com clorofila.<\/p>\n<p><strong><em>Ofere\u00e7a um snack mastig\u00e1vel, saud\u00e1vel e duradouro ao seu c\u00e3o com o osso prensado Criadores de hortel\u00e3.<\/em><\/strong><\/p>\n<p><em>A partir da data em que os receba \u00e9 garantido um prazo de 3 meses antes do vencimento da data de validade, ou de 1 m\u00eas no caso dos produtos l\u00b4cteos e a ra\u00e7\u00e3o ecol\u00f3gica.<\/em><\/p>\n","protected":false},"excerpt":{"rendered":"<p>Osso de la\u00e7o com sabor a menta para os c\u00e3es, feitos com couro de b\u00fafalo, mantem o pet entretido, ajudam a limpar os dentes e gengivas e permitem que o c\u00e3o tenha um h\u00e1lito fresco.<\/p>\n","protected":false},"featured_media":1553,"comment_status":"open","ping_status":"closed","template":"","meta":{"_acf_changed":false},"product_brand":[],"product_cat":[92,98,101],"product_tag":[],"class_list":{"0":"post-2410","1":"product","2":"type-product","3":"status-publish","4":"has-post-thumbnail","6":"product_cat-cao","7":"product_cat-original-pt-pt","8":"product_cat-snacks-pt-pt","10":"first","11":"instock","12":"shipping-taxable","13":"product-type-simple"},"acf":[],"_links":{"self":[{"href":"https:\/\/www.criadores.es\/pt-pt\/wp-json\/wp\/v2\/product\/2410","targetHints":{"allow":["GET"]}}],"collection":[{"href":"https:\/\/www.criadores.es\/pt-pt\/wp-json\/wp\/v2\/product"}],"about":[{"href":"https:\/\/www.criadores.es\/pt-pt\/wp-json\/wp\/v2\/types\/product"}],"replies":[{"embeddable":true,"href":"https:\/\/www.criadores.es\/pt-pt\/wp-json\/wp\/v2\/comments?post=2410"}],"wp:featuredmedia":[{"embeddable":true,"href":"https:\/\/www.criadores.es\/pt-pt\/wp-json\/wp\/v2\/media\/1553"}],"wp:attachment":[{"href":"https:\/\/www.criadores.es\/pt-pt\/wp-json\/wp\/v2\/media?parent=2410"}],"wp:term":[{"taxonomy":"product_brand","embeddable":true,"href":"https:\/\/www.criadores.es\/pt-pt\/wp-json\/wp\/v2\/product_brand?post=2410"},{"taxonomy":"product_cat","embeddable":true,"href":"https:\/\/www.criadores.es\/pt-pt\/wp-json\/wp\/v2\/product_cat?post=2410"},{"taxonomy":"product_tag","embeddable":true,"href":"https:\/\/www.criadores.es\/pt-pt\/wp-json\/wp\/v2\/product_tag?post=2410"}],"curies":[{"name":"wp","href":"https:\/\/api.w.org\/{rel}","templated":true}]}}