{"id":2414,"date":"2025-02-07T14:23:14","date_gmt":"2025-02-07T13:23:14","guid":{"rendered":"https:\/\/www.criadores.es\/producto\/criadores-comida-humida-para-gatos-esterilizados\/"},"modified":"2025-03-03T13:31:22","modified_gmt":"2025-03-03T12:31:22","slug":"criadores-comida-humida-para-gatos-esterilizados","status":"publish","type":"product","link":"https:\/\/www.criadores.es\/pt-pt\/producto\/criadores-comida-humida-para-gatos-esterilizados\/","title":{"rendered":"Criadores comida h\u00famida para gatos esterilizados"},"content":{"rendered":"<h2>Alimento h\u00famido Criadores para gatos esterilizados<\/h2>\n<p>O Alimento h\u00famido para gatos esterilizados da Criadores \u00e9 um alimento completo e equilibrado, concebido para proporcionar uma <strong>nutri\u00e7\u00e3o ideal ap\u00f3s a esteriliza\u00e7\u00e3o<\/strong>. A sua f\u00f3rmula \u00e9 <strong>baixa em gorduras para prevenir o aumento de peso<\/strong> e para manter a vitalidade e energia habituais do seu gato. Adicionalmente, com a adi\u00e7\u00e3o de <strong>L-Carnitina<\/strong>, favorece a convers\u00e3o de gordura em energia, facilitando a perda de peso sem que o gato sinta fome.<\/p>\n<p>Esta receita \u00e9 <strong>elaborada com ingredientes cuidadosamente selecionados<\/strong> para satisfazer as necessidades nutricionais dos gatos esterilizados. Cont\u00e9m <strong>67% de carne de frango e vitela<\/strong> de alta qualidade e n\u00e3o tem cereais. Est\u00e1 tamb\u00e9m enriquecida com uma variedade de vitaminas e minerais e inclui \u00f3leo de linho, que \u00e9 rico em \u00e1cidos gordos \u00f3mega 3 ben\u00e9ficos para a sa\u00fade da pele e do pelo. O alimento h\u00famido da Criadores ajuda ainda na hidrata\u00e7\u00e3o, gra\u00e7as ao seu elevado teor de \u00e1gua.<\/p>\n<p>\u00c9 um <strong>alimento completo, saud\u00e1vel e de sabor intenso e natural<\/strong>, que ajuda o seu felino a manter-se saud\u00e1vel e alegre, fornecendo-lhe as prote\u00ednas e gorduras necess\u00e1rias para o seu dia a dia. Para al\u00e9m disso, est\u00e1 dispon\u00edvel em quatro deliciosos sabores: frango com vitela, frango com salm\u00e3o, frango com coelho e peru com salm\u00e3o.<\/p>\n<p><strong><em>Proteja a sa\u00fade do seu felino com o alimento h\u00famido da Criadores para gatos esterilizados.<\/em><\/strong><\/p>\n<p><em>A partir da data em que os receber, garante-se um prazo de 3 meses at\u00e9 ao fim do prazo de validade ou de 1 m\u00eas no caso dos produtos l\u00e1cteos e da ra\u00e7\u00e3o org\u00e2nica.<\/em><\/p>\n","protected":false},"excerpt":{"rendered":"<p>O alimento h\u00famido para gatos esterilizados da Criadores \u00e9 um alimento completo e equilibrado, ideal para proporcionar uma nutri\u00e7\u00e3o perfeita ap\u00f3s a esteriliza\u00e7\u00e3o.<\/p>\n","protected":false},"featured_media":1534,"comment_status":"open","ping_status":"closed","template":"","meta":{"_acf_changed":false},"product_brand":[],"product_cat":[110,111,106],"product_tag":[],"class_list":{"0":"post-2414","1":"product","2":"type-product","3":"status-publish","4":"has-post-thumbnail","6":"product_cat-comida-humida-pt","7":"product_cat-gatos","8":"product_cat-original-gato-pt-pt","10":"first","11":"instock","12":"shipping-taxable","13":"product-type-simple"},"acf":[],"_links":{"self":[{"href":"https:\/\/www.criadores.es\/pt-pt\/wp-json\/wp\/v2\/product\/2414","targetHints":{"allow":["GET"]}}],"collection":[{"href":"https:\/\/www.criadores.es\/pt-pt\/wp-json\/wp\/v2\/product"}],"about":[{"href":"https:\/\/www.criadores.es\/pt-pt\/wp-json\/wp\/v2\/types\/product"}],"replies":[{"embeddable":true,"href":"https:\/\/www.criadores.es\/pt-pt\/wp-json\/wp\/v2\/comments?post=2414"}],"wp:featuredmedia":[{"embeddable":true,"href":"https:\/\/www.criadores.es\/pt-pt\/wp-json\/wp\/v2\/media\/1534"}],"wp:attachment":[{"href":"https:\/\/www.criadores.es\/pt-pt\/wp-json\/wp\/v2\/media?parent=2414"}],"wp:term":[{"taxonomy":"product_brand","embeddable":true,"href":"https:\/\/www.criadores.es\/pt-pt\/wp-json\/wp\/v2\/product_brand?post=2414"},{"taxonomy":"product_cat","embeddable":true,"href":"https:\/\/www.criadores.es\/pt-pt\/wp-json\/wp\/v2\/product_cat?post=2414"},{"taxonomy":"product_tag","embeddable":true,"href":"https:\/\/www.criadores.es\/pt-pt\/wp-json\/wp\/v2\/product_tag?post=2414"}],"curies":[{"name":"wp","href":"https:\/\/api.w.org\/{rel}","templated":true}]}}