{"id":2416,"date":"2025-02-13T16:44:41","date_gmt":"2025-02-13T15:44:41","guid":{"rendered":"https:\/\/www.criadores.es\/producto\/criadores-snacks-crocantes-de-peru-para-gatos\/"},"modified":"2025-06-12T10:15:53","modified_gmt":"2025-06-12T08:15:53","slug":"criadores-snacks-crocantes-de-peru-para-gatos","status":"publish","type":"product","link":"https:\/\/www.criadores.es\/pt-pt\/producto\/criadores-snacks-crocantes-de-peru-para-gatos\/","title":{"rendered":"Criadores Snacks Crocantes de Peru para gatos"},"content":{"rendered":"<h2>Snack com textura crocante para gatos adultos<\/h2>\n<p><strong>Os snacks para gatos da Criadores<\/strong> s\u00e3o ideais para oferecer ao seu animal de estima\u00e7\u00e3o adulto um \u00f3timo snack a <strong>qualquer hora do dia, para complementar a sua dieta e contribuir para a sua boa sa\u00fade<\/strong>. T\u00eam um <strong>elevado teor de carne fresca de peru<\/strong>, que \u00e9 rica em prote\u00ednas, proporcionando um <strong>grande refor\u00e7o energ\u00e9tico ao seu amigo felino para o manter ativo<\/strong>, juntamente com uma <strong>textura crocante<\/strong> que \u00e9 perfeita para ele, pelo que n\u00e3o conseguir\u00e1 resistir a com\u00ea-los. Ele vai ador\u00e1-las!<\/p>\n<p>Cont\u00eam levedura de cerveja, que <strong>promove uma excelente sa\u00fade<\/strong> e cont\u00e9m \u00e1cidos gordos \u00f3mega 3 e 6 que <strong>promovem um bom cuidado da pele e do pelo<\/strong> do seu gato adulto. Al\u00e9m disso, <strong>n\u00e3o cont\u00eam cereais, soja e organismos geneticamente modificados<\/strong>, pelo que o seu gato adulto que sofre de alergias ou intoler\u00e2ncias alimentares poder\u00e1 com\u00ea-los sem sofrer qualquer rea\u00e7\u00e3o adversa. A Criadores criou este snack para gatos com ingredientes da mais alta qualidade para oferecer <strong>snacks saud\u00e1veis, nutritivos e deliciosos<\/strong>.<\/p>\n<p><strong>\u00a0<\/strong><em>Os snacks crocantes da Criadores com sabor a peru far\u00e3o as del\u00edcias do seu felino adulto a qualquer hora do dia!<\/em><\/p>\n","protected":false},"excerpt":{"rendered":"<p>Snacks crocantes sem cereais para gatos adultos. A receita inclui levedura de cerveja e \u00e1cidos gordos \u00f3mega 3 e 6 que pode oferecer a qualquer hora do dia para complementar a sua dieta e mant\u00ea-lo saud\u00e1vel.<\/p>\n","protected":false},"featured_media":1956,"comment_status":"open","ping_status":"closed","template":"","meta":{"_acf_changed":false},"product_brand":[],"product_cat":[111,106,103],"product_tag":[],"class_list":{"0":"post-2416","1":"product","2":"type-product","3":"status-publish","4":"has-post-thumbnail","6":"product_cat-gatos","7":"product_cat-original-gato-pt-pt","8":"product_cat-snacks-pt","10":"first","11":"instock","12":"shipping-taxable","13":"product-type-simple"},"acf":[],"_links":{"self":[{"href":"https:\/\/www.criadores.es\/pt-pt\/wp-json\/wp\/v2\/product\/2416","targetHints":{"allow":["GET"]}}],"collection":[{"href":"https:\/\/www.criadores.es\/pt-pt\/wp-json\/wp\/v2\/product"}],"about":[{"href":"https:\/\/www.criadores.es\/pt-pt\/wp-json\/wp\/v2\/types\/product"}],"replies":[{"embeddable":true,"href":"https:\/\/www.criadores.es\/pt-pt\/wp-json\/wp\/v2\/comments?post=2416"}],"wp:featuredmedia":[{"embeddable":true,"href":"https:\/\/www.criadores.es\/pt-pt\/wp-json\/wp\/v2\/media\/1956"}],"wp:attachment":[{"href":"https:\/\/www.criadores.es\/pt-pt\/wp-json\/wp\/v2\/media?parent=2416"}],"wp:term":[{"taxonomy":"product_brand","embeddable":true,"href":"https:\/\/www.criadores.es\/pt-pt\/wp-json\/wp\/v2\/product_brand?post=2416"},{"taxonomy":"product_cat","embeddable":true,"href":"https:\/\/www.criadores.es\/pt-pt\/wp-json\/wp\/v2\/product_cat?post=2416"},{"taxonomy":"product_tag","embeddable":true,"href":"https:\/\/www.criadores.es\/pt-pt\/wp-json\/wp\/v2\/product_tag?post=2416"}],"curies":[{"name":"wp","href":"https:\/\/api.w.org\/{rel}","templated":true}]}}