{"id":2418,"date":"2025-02-13T11:50:18","date_gmt":"2025-02-13T10:50:18","guid":{"rendered":"https:\/\/www.criadores.es\/producto\/criadores-snacks-crocantes-de-vitela-para-gatos\/"},"modified":"2025-06-12T12:20:08","modified_gmt":"2025-06-12T10:20:08","slug":"criadores-snacks-crocantes-de-vitela-para-gatos","status":"publish","type":"product","link":"https:\/\/www.criadores.es\/pt-pt\/producto\/criadores-snacks-crocantes-de-vitela-para-gatos\/","title":{"rendered":"Criadores Snacks Crocantes de Vitela para gatos"},"content":{"rendered":"<h2>Snacks de carne de bovino com levedura de cerveja para gatos adultos<\/h2>\n<p>Se quiser oferecer ao seu felino adulto um delicioso snack que complemente a sua alimenta\u00e7\u00e3o e tenha um sabor irresist\u00edvel, deve oferecer-lhe os <strong>snacks para gatos da Criadores<\/strong>. T\u00eam um delicioso sabor a <strong>carne de vaca e uma textura crocante \u00fanica<\/strong> que o seu animal de estima\u00e7\u00e3o vai adorar comer a qualquer hora do dia.<\/p>\n<p>Este fant\u00e1stico snack fornece um elevado teor de <strong>\u00e1cidos gordos \u00f3mega 3 e 6 que promovem o cuidado da pele e do pelo<\/strong> do seu animal de estima\u00e7\u00e3o e adiciona <strong>levedura de cerveja, que fornece in\u00fameros benef\u00edcios<\/strong> para manter o seu gato adulto em \u00f3tima sa\u00fade. S\u00e3o ricos em carne de vaca, uma prote\u00edna que <strong>fornece energia ao seu gato para o manter ativo<\/strong> e com vontade de brincar.<\/p>\n<p>Al\u00e9m disso, s\u00e3o <strong>Grain Free<\/strong>, sem soja e sem organismos geneticamente modificados, pelo que o seu felino pode ingeri-los muito facilmente sem sofrer rea\u00e7\u00f5es adversas. A Criadores elaborou este snack com ingredientes da mais alta qualidade para oferecer ao seu animal de estima\u00e7\u00e3o um <strong>snack nutritivo, saud\u00e1vel<\/strong> e delicioso.<\/p>\n<p><em>O seu felino vai adorar comer os crocantes snacks da Criadores, com sabor a carne, a qualquer hora do dia!<\/em><\/p>\n","protected":false},"excerpt":{"rendered":"<p>Snack sem cereais com uma textura crocante para gatos adultos. Ideal para oferecer a qualquer hora do dia para complementar a dieta e inclui levedura de cerveja e \u00e1cidos gordos \u00f3mega 3 e 6 para uma boa sa\u00fade.<\/p>\n","protected":false},"featured_media":1866,"comment_status":"open","ping_status":"closed","template":"","meta":{"_acf_changed":false},"product_brand":[],"product_cat":[111,106,103],"product_tag":[],"class_list":{"0":"post-2418","1":"product","2":"type-product","3":"status-publish","4":"has-post-thumbnail","6":"product_cat-gatos","7":"product_cat-original-gato-pt-pt","8":"product_cat-snacks-pt","10":"first","11":"instock","12":"shipping-taxable","13":"product-type-simple"},"acf":[],"_links":{"self":[{"href":"https:\/\/www.criadores.es\/pt-pt\/wp-json\/wp\/v2\/product\/2418","targetHints":{"allow":["GET"]}}],"collection":[{"href":"https:\/\/www.criadores.es\/pt-pt\/wp-json\/wp\/v2\/product"}],"about":[{"href":"https:\/\/www.criadores.es\/pt-pt\/wp-json\/wp\/v2\/types\/product"}],"replies":[{"embeddable":true,"href":"https:\/\/www.criadores.es\/pt-pt\/wp-json\/wp\/v2\/comments?post=2418"}],"wp:featuredmedia":[{"embeddable":true,"href":"https:\/\/www.criadores.es\/pt-pt\/wp-json\/wp\/v2\/media\/1866"}],"wp:attachment":[{"href":"https:\/\/www.criadores.es\/pt-pt\/wp-json\/wp\/v2\/media?parent=2418"}],"wp:term":[{"taxonomy":"product_brand","embeddable":true,"href":"https:\/\/www.criadores.es\/pt-pt\/wp-json\/wp\/v2\/product_brand?post=2418"},{"taxonomy":"product_cat","embeddable":true,"href":"https:\/\/www.criadores.es\/pt-pt\/wp-json\/wp\/v2\/product_cat?post=2418"},{"taxonomy":"product_tag","embeddable":true,"href":"https:\/\/www.criadores.es\/pt-pt\/wp-json\/wp\/v2\/product_tag?post=2418"}],"curies":[{"name":"wp","href":"https:\/\/api.w.org\/{rel}","templated":true}]}}