{"id":2419,"date":"2025-02-07T14:38:24","date_gmt":"2025-02-07T13:38:24","guid":{"rendered":"https:\/\/www.criadores.es\/producto\/criadores-esterilizado-frango-e-coelho-lata-para-gatos\/"},"modified":"2025-03-03T13:26:33","modified_gmt":"2025-03-03T12:26:33","slug":"criadores-esterilizado-frango-e-coelho-lata-para-gatos","status":"publish","type":"product","link":"https:\/\/www.criadores.es\/pt-pt\/producto\/criadores-esterilizado-frango-e-coelho-lata-para-gatos\/","title":{"rendered":"Criadores Esterilizado Frango e Coelho lata para gatos"},"content":{"rendered":"<h2>Comida h\u00famida para gatos esterilizados Criadores<\/h2>\n<p>Criadores h\u00famido gatos esterilizados \u00e9 um alimento completo e equilibrado que oferece uma <strong>nutri\u00e7\u00e3o \u00f3tima ap\u00f3s a esteriliza\u00e7\u00e3o<\/strong>. A sua f\u00f3rmula \u00e9 <strong>baixa em gorduras para evitar o aumento de peso<\/strong> e manter toda a vitalidade e energia de sempre. Al\u00e9m disso, gra\u00e7as ao aporte de <strong>L-Carnitina<\/strong> se facilita a transforma\u00e7\u00e3o da gordura em energia, facilitando a perda de peso sem passar fome.<\/p>\n<p>A receita est\u00e1 <strong>elaborada com ingredientes selecionados<\/strong> que satisfazem as necessidades nutricionais dos gatos esterilizados. Incorpora <strong>67% de carne de frango e coelho\u00a0<\/strong>de alta qualidade. Sem cereais. Al\u00e9m disso, est\u00e1 enriquecida com uma longa lista de vitaminas e minerais. Tamb\u00e9m incorpora \u00f3leo de linha\u00e7a, rico em \u00e1cidos gordos \u00f3mega 3 para a sa\u00fade da pele e do pelo. A comida h\u00famida para gatos esterilizados de Criadores tamb\u00e9m favorece a hidrata\u00e7\u00e3o gra\u00e7as \u00e0 sua alta percentagem de \u00e1gua.<\/p>\n<p>Um <strong>alimento completo, saud\u00e1vel e de intenso sabor<\/strong> natural que contribui para que o seu felino se mantenha saud\u00e1vel e feliz, proporcionando todas as prote\u00ednas e gorduras que precisa cada dia. Al\u00e9m disso, est\u00e1 dispon\u00edvel em 4 sabores para oferecer uma maior variedade: frango com vitela, frango com salm\u00e3o, frango com coelho e peru com salm\u00e3o.<\/p>\n<p><strong><em>Cuide da sa\u00fade do seu felino com a comida h\u00famida Criadores para gatos esterilizados.<\/em><\/strong><\/p>\n<p><em>A partir da data em que os receba \u00e9 garantido um prazo de 3 meses antes do vencimento da data de validade, ou de 1 m\u00eas no caso dos produtos l\u00b4cteos e a ra\u00e7\u00e3o ecol\u00f3gica.<\/em><\/p>\n","protected":false},"excerpt":{"rendered":"<p>Criadores h\u00famido gatos esterilizados \u00e9 um alimento completo e equilibrado que oferece uma nutri\u00e7\u00e3o \u00f3tima ap\u00f3s a esteriliza\u00e7\u00e3o . A sua&#8230;<\/p>\n","protected":false},"featured_media":1536,"comment_status":"open","ping_status":"closed","template":"","meta":{"_acf_changed":false},"product_brand":[],"product_cat":[110,111,106],"product_tag":[],"class_list":{"0":"post-2419","1":"product","2":"type-product","3":"status-publish","4":"has-post-thumbnail","6":"product_cat-comida-humida-pt","7":"product_cat-gatos","8":"product_cat-original-gato-pt-pt","10":"first","11":"instock","12":"shipping-taxable","13":"product-type-simple"},"acf":[],"_links":{"self":[{"href":"https:\/\/www.criadores.es\/pt-pt\/wp-json\/wp\/v2\/product\/2419","targetHints":{"allow":["GET"]}}],"collection":[{"href":"https:\/\/www.criadores.es\/pt-pt\/wp-json\/wp\/v2\/product"}],"about":[{"href":"https:\/\/www.criadores.es\/pt-pt\/wp-json\/wp\/v2\/types\/product"}],"replies":[{"embeddable":true,"href":"https:\/\/www.criadores.es\/pt-pt\/wp-json\/wp\/v2\/comments?post=2419"}],"wp:featuredmedia":[{"embeddable":true,"href":"https:\/\/www.criadores.es\/pt-pt\/wp-json\/wp\/v2\/media\/1536"}],"wp:attachment":[{"href":"https:\/\/www.criadores.es\/pt-pt\/wp-json\/wp\/v2\/media?parent=2419"}],"wp:term":[{"taxonomy":"product_brand","embeddable":true,"href":"https:\/\/www.criadores.es\/pt-pt\/wp-json\/wp\/v2\/product_brand?post=2419"},{"taxonomy":"product_cat","embeddable":true,"href":"https:\/\/www.criadores.es\/pt-pt\/wp-json\/wp\/v2\/product_cat?post=2419"},{"taxonomy":"product_tag","embeddable":true,"href":"https:\/\/www.criadores.es\/pt-pt\/wp-json\/wp\/v2\/product_tag?post=2419"}],"curies":[{"name":"wp","href":"https:\/\/api.w.org\/{rel}","templated":true}]}}