{"id":2420,"date":"2025-02-13T13:41:50","date_gmt":"2025-02-13T12:41:50","guid":{"rendered":"https:\/\/www.criadores.es\/producto\/criadores-dietetic-adulto-diabetes-lata-para-caes\/"},"modified":"2025-06-12T11:49:07","modified_gmt":"2025-06-12T09:49:07","slug":"criadores-dietetic-adulto-diabetes-lata-para-caes","status":"publish","type":"product","link":"https:\/\/www.criadores.es\/pt-pt\/producto\/criadores-dietetic-adulto-diabetes-lata-para-caes\/","title":{"rendered":"Criadores Dietetic Adulto Diabetes lata para c\u00e3es"},"content":{"rendered":"<h2>Alimento h\u00famido para c\u00e3es adultos diab\u00e9ticos de ra\u00e7a pequena<\/h2>\n<p><strong>O alimento h\u00famido da marca Criadores<\/strong> foi desenvolvido a pensar no seu animal de estima\u00e7\u00e3o que sofre de diabetes mellitus, pois <strong>auxilia na regula\u00e7\u00e3o da glicose<\/strong> no corpo do seu patudo. Devido ao seu baixo teor de a\u00e7\u00facar e gordura, <strong>ajuda o seu c\u00e3o a manter o peso ideal, evitando o excesso de peso<\/strong>, permitindo que continue ativo.<\/p>\n<p>Este alimento da Criadores <strong>fornece todos os nutrientes necess\u00e1rios para evitar a debilidade, o decl\u00ednio e a perda de apetite<\/strong>, gra\u00e7as ao seu delicioso conte\u00fado de cordeiro, ao qual o seu c\u00e3o n\u00e3o conseguir\u00e1 resistir. Adicionalmente, \u00e9 enriquecido com \u00e1cidos gordos \u00f3mega 3 e \u00f3mega 6, que <strong>contribuem para uma pele saud\u00e1vel<\/strong> e um pelo brilhante. Cont\u00e9m ainda taurina e L-carnitina, que apoiam o bom funcionamento card\u00edaco.<\/p>\n<p>Esta alimento h\u00famido \u00e9 saud\u00e1vel e pode ser combinado com a sua ra\u00e7\u00e3o habitual. No entanto, \u00e9 aconselh\u00e1vel <strong>consultar o seu veterin\u00e1rio<\/strong> para determinar a quantidade adequada.<\/p>\n<p><em>Proteja o seu pequeno animal de estima\u00e7\u00e3o diab\u00e9tico com o delicioso alimento h\u00famido da Criadores!<\/em><\/p>\n","protected":false},"excerpt":{"rendered":"<p>Alimento h\u00famido da Criadores para c\u00e3es diab\u00e9ticos de ra\u00e7a pequena. Ajuda a regular a glicose no corpo do seu animal e a manter um peso corporal ideal.<\/p>\n","protected":false},"featured_media":1911,"comment_status":"open","ping_status":"closed","template":"","meta":{"_acf_changed":false},"product_brand":[],"product_cat":[92,94,95],"product_tag":[],"class_list":{"0":"post-2420","1":"product","2":"type-product","3":"status-publish","4":"has-post-thumbnail","6":"product_cat-cao","7":"product_cat-comida-humida","8":"product_cat-dietas-veterinarias-pt-pt","10":"first","11":"instock","12":"shipping-taxable","13":"product-type-simple"},"acf":[],"_links":{"self":[{"href":"https:\/\/www.criadores.es\/pt-pt\/wp-json\/wp\/v2\/product\/2420","targetHints":{"allow":["GET"]}}],"collection":[{"href":"https:\/\/www.criadores.es\/pt-pt\/wp-json\/wp\/v2\/product"}],"about":[{"href":"https:\/\/www.criadores.es\/pt-pt\/wp-json\/wp\/v2\/types\/product"}],"replies":[{"embeddable":true,"href":"https:\/\/www.criadores.es\/pt-pt\/wp-json\/wp\/v2\/comments?post=2420"}],"wp:featuredmedia":[{"embeddable":true,"href":"https:\/\/www.criadores.es\/pt-pt\/wp-json\/wp\/v2\/media\/1911"}],"wp:attachment":[{"href":"https:\/\/www.criadores.es\/pt-pt\/wp-json\/wp\/v2\/media?parent=2420"}],"wp:term":[{"taxonomy":"product_brand","embeddable":true,"href":"https:\/\/www.criadores.es\/pt-pt\/wp-json\/wp\/v2\/product_brand?post=2420"},{"taxonomy":"product_cat","embeddable":true,"href":"https:\/\/www.criadores.es\/pt-pt\/wp-json\/wp\/v2\/product_cat?post=2420"},{"taxonomy":"product_tag","embeddable":true,"href":"https:\/\/www.criadores.es\/pt-pt\/wp-json\/wp\/v2\/product_tag?post=2420"}],"curies":[{"name":"wp","href":"https:\/\/api.w.org\/{rel}","templated":true}]}}