{"id":2421,"date":"2025-02-13T10:48:57","date_gmt":"2025-02-13T09:48:57","guid":{"rendered":"https:\/\/www.criadores.es\/producto\/criadores-snacks-crocantes-de-coelho-para-gatos\/"},"modified":"2025-06-12T12:39:21","modified_gmt":"2025-06-12T10:39:21","slug":"criadores-snacks-crocantes-de-coelho-para-gatos","status":"publish","type":"product","link":"https:\/\/www.criadores.es\/pt-pt\/producto\/criadores-snacks-crocantes-de-coelho-para-gatos\/","title":{"rendered":"Criadores Snacks Crocantes de Coelho para gatos"},"content":{"rendered":"<h2>Snack crocante com sabor a coelho para gatos adultos<\/h2>\n<p><strong>Os snacks para gatos da Criadores<\/strong> s\u00e3o ideais para oferecer ao seu felino adulto um fant\u00e1stico snack que lhe <strong>pode dar a qualquer altura do dia para complementar da melhor forma a sua alimenta\u00e7\u00e3o di\u00e1ria<\/strong>. T\u00eam um <strong>fant\u00e1stico sabor a carne de coelho e uma textura crocante<\/strong> que o seu animal de estima\u00e7\u00e3o vai adorar comer at\u00e9 se fartar.<\/p>\n<p>S\u00e3o fabricados com ingredientes da mais alta qualidade para oferecer ao seu animal de estima\u00e7\u00e3o um <strong>snack delicioso, saud\u00e1vel e nutritivo<\/strong>. T\u00eam um elevado teor de carne de coelho, uma prote\u00edna que <strong>fornece energia ao seu gato para o manter ativo<\/strong> e com vontade de brincar. S\u00e3o tamb\u00e9m <strong>Grain Free<\/strong>, sem soja e sem organismos geneticamente modificados, pelo que o seu felino pode ingeri-los facilmente sem sofrer rea\u00e7\u00f5es adversas.<\/p>\n<p>S\u00e3o ricos em <strong>\u00e1cidos gordos \u00f3mega 3 e 6, que favorecem o cuidado da pele e do pelo<\/strong> do seu animal de estima\u00e7\u00e3o, e em <strong>levedura de cerveja, que proporciona numerosos benef\u00edcios<\/strong> para manter o seu gato adulto em \u00f3timo estado de sa\u00fade.<\/p>\n<p><em>O seu felino adulto vai adorar saborear os fant\u00e1sticos snacks crocantes da Criadores durante a tarde!<\/em><\/p>\n","protected":false},"excerpt":{"rendered":"<p>Snacks pequenos, crocantes e sem cereais para gatos adultos. Perfeitos para oferecer como complemento da dieta di\u00e1ria, uma vez que incluem levedura de cerveja que proporciona benef\u00edcios para a sa\u00fade.<\/p>\n","protected":false},"featured_media":1847,"comment_status":"open","ping_status":"closed","template":"","meta":{"_acf_changed":false},"product_brand":[],"product_cat":[111,106,103],"product_tag":[],"class_list":{"0":"post-2421","1":"product","2":"type-product","3":"status-publish","4":"has-post-thumbnail","6":"product_cat-gatos","7":"product_cat-original-gato-pt-pt","8":"product_cat-snacks-pt","10":"first","11":"instock","12":"shipping-taxable","13":"product-type-simple"},"acf":[],"_links":{"self":[{"href":"https:\/\/www.criadores.es\/pt-pt\/wp-json\/wp\/v2\/product\/2421","targetHints":{"allow":["GET"]}}],"collection":[{"href":"https:\/\/www.criadores.es\/pt-pt\/wp-json\/wp\/v2\/product"}],"about":[{"href":"https:\/\/www.criadores.es\/pt-pt\/wp-json\/wp\/v2\/types\/product"}],"replies":[{"embeddable":true,"href":"https:\/\/www.criadores.es\/pt-pt\/wp-json\/wp\/v2\/comments?post=2421"}],"wp:featuredmedia":[{"embeddable":true,"href":"https:\/\/www.criadores.es\/pt-pt\/wp-json\/wp\/v2\/media\/1847"}],"wp:attachment":[{"href":"https:\/\/www.criadores.es\/pt-pt\/wp-json\/wp\/v2\/media?parent=2421"}],"wp:term":[{"taxonomy":"product_brand","embeddable":true,"href":"https:\/\/www.criadores.es\/pt-pt\/wp-json\/wp\/v2\/product_brand?post=2421"},{"taxonomy":"product_cat","embeddable":true,"href":"https:\/\/www.criadores.es\/pt-pt\/wp-json\/wp\/v2\/product_cat?post=2421"},{"taxonomy":"product_tag","embeddable":true,"href":"https:\/\/www.criadores.es\/pt-pt\/wp-json\/wp\/v2\/product_tag?post=2421"}],"curies":[{"name":"wp","href":"https:\/\/api.w.org\/{rel}","templated":true}]}}