{"id":2422,"date":"2025-02-13T13:37:00","date_gmt":"2025-02-13T12:37:00","guid":{"rendered":"https:\/\/www.criadores.es\/producto\/criadores-adult-mobility-arenque-e-peru-lata-para-caes\/"},"modified":"2025-06-12T11:54:46","modified_gmt":"2025-06-12T09:54:46","slug":"criadores-adult-mobility-arenque-e-peru-lata-para-caes","status":"publish","type":"product","link":"https:\/\/www.criadores.es\/pt-pt\/producto\/criadores-adult-mobility-arenque-e-peru-lata-para-caes\/","title":{"rendered":"\u00a0Criadores Adult Mobility Arenque e Peru lata para c\u00e3es"},"content":{"rendered":"<h2>Alimento h\u00famido especial para c\u00e3es com problemas de mobilidade<\/h2>\n<p>As afec\u00e7\u00f5es articulares s\u00e3o muito frequentes em c\u00e3es. Para contrariar esta situa\u00e7\u00e3o, o Criadores Dietetic apresenta-se como o <strong>alimento perfeito para auxiliar a mobilidade<\/strong>, uma vez que tem efic\u00e1cia clinicamente comprovada.<\/p>\n<p>Este alimento <strong>contribui igualmente para a melhoria do metabolismo e para a redu\u00e7\u00e3o do incha\u00e7o<\/strong> decorrente da cont\u00ednua inatividade e de uma alimenta\u00e7\u00e3o desequilibrada. <strong>Incorpora \u00f3mega 3<\/strong>, conhecido pelas suas propriedades anti-inflamat\u00f3rias, que <strong>beneficiam a condi\u00e7\u00e3o da pele e do pelo<\/strong>.<\/p>\n<p>Este alimento h\u00famido foi desenvolvido a pensar nas <strong>necessidades dos c\u00e3es que enfrentam problemas nas articula\u00e7\u00f5es e cartilagens<\/strong>. Oferece um apoio nutricional terap\u00eautico, permitindo ao seu animal saborear uma deliciosa <strong>combina\u00e7\u00e3o de arenque e peru<\/strong>, rica em <strong>vitaminas, minerais e sem aditivos artificiais<\/strong> presentes noutros complementos.<\/p>\n<p><em><strong>O seu c\u00e3o merece a melhor alimenta\u00e7\u00e3o, ofere\u00e7a-lhe a nova Criadores Dietetic!<\/strong><\/em><\/p>\n","protected":false},"excerpt":{"rendered":"<p>Alimento Criadores Dietetic Mobility para c\u00e3es<\/p>\n","protected":false},"featured_media":1910,"comment_status":"open","ping_status":"closed","template":"","meta":{"_acf_changed":false},"product_brand":[],"product_cat":[92,94,95],"product_tag":[],"class_list":{"0":"post-2422","1":"product","2":"type-product","3":"status-publish","4":"has-post-thumbnail","6":"product_cat-cao","7":"product_cat-comida-humida","8":"product_cat-dietas-veterinarias-pt-pt","10":"first","11":"instock","12":"shipping-taxable","13":"product-type-simple"},"acf":[],"_links":{"self":[{"href":"https:\/\/www.criadores.es\/pt-pt\/wp-json\/wp\/v2\/product\/2422","targetHints":{"allow":["GET"]}}],"collection":[{"href":"https:\/\/www.criadores.es\/pt-pt\/wp-json\/wp\/v2\/product"}],"about":[{"href":"https:\/\/www.criadores.es\/pt-pt\/wp-json\/wp\/v2\/types\/product"}],"replies":[{"embeddable":true,"href":"https:\/\/www.criadores.es\/pt-pt\/wp-json\/wp\/v2\/comments?post=2422"}],"wp:featuredmedia":[{"embeddable":true,"href":"https:\/\/www.criadores.es\/pt-pt\/wp-json\/wp\/v2\/media\/1910"}],"wp:attachment":[{"href":"https:\/\/www.criadores.es\/pt-pt\/wp-json\/wp\/v2\/media?parent=2422"}],"wp:term":[{"taxonomy":"product_brand","embeddable":true,"href":"https:\/\/www.criadores.es\/pt-pt\/wp-json\/wp\/v2\/product_brand?post=2422"},{"taxonomy":"product_cat","embeddable":true,"href":"https:\/\/www.criadores.es\/pt-pt\/wp-json\/wp\/v2\/product_cat?post=2422"},{"taxonomy":"product_tag","embeddable":true,"href":"https:\/\/www.criadores.es\/pt-pt\/wp-json\/wp\/v2\/product_tag?post=2422"}],"curies":[{"name":"wp","href":"https:\/\/api.w.org\/{rel}","templated":true}]}}