{"id":2423,"date":"2025-02-13T16:22:39","date_gmt":"2025-02-13T15:22:39","guid":{"rendered":"https:\/\/www.criadores.es\/producto\/criadores-snacks-crocantes-de-cordeiro-para-gatos\/"},"modified":"2025-06-12T10:04:53","modified_gmt":"2025-06-12T08:04:53","slug":"criadores-snacks-crocantes-de-cordeiro-para-gatos","status":"publish","type":"product","link":"https:\/\/www.criadores.es\/pt-pt\/producto\/criadores-snacks-crocantes-de-cordeiro-para-gatos\/","title":{"rendered":"Criadores Snacks Crocantes de Cordeiro para gatos"},"content":{"rendered":"<h2>Snacks crocantes de carne de borrego para gatos adultos<\/h2>\n<p>Proporcionar ao seu animal de estima\u00e7\u00e3o um snack saud\u00e1vel que ele adore \u00e9 muitas vezes uma tarefa complicada, uma vez que os felinos tendem a ser exigentes, mas com os <strong>snacks para gatos da Criadores<\/strong>, isso n\u00e3o ser\u00e1 um problema. S\u00e3o um \u00f3timo snack com um <strong>delicioso sabor a borrego e uma textura crocante\u00a0<\/strong>\u00fanica, que o seu amigo peludo vai adorar mastigar e desfrutar a qualquer hora do dia para complementar a sua dieta. Ele vai adorar!<\/p>\n<p><strong>N\u00e3o cont\u00e9m gr\u00e3os, soja e organismos geneticamente modificados<\/strong>, pelo que o seu gato adulto que sofre de alergias ou intoler\u00e2ncias alimentares pode com\u00ea-lo sem sofrer rea\u00e7\u00f5es adversas. Inclui levedura de cerveja, que <strong>promove uma excelente sa\u00fade<\/strong> e cont\u00e9m \u00e1cidos gordos \u00f3mega 3 e 6 que <strong>promovem um bom cuidado da pele e do pelo<\/strong> do seu animal de estima\u00e7\u00e3o.<\/p>\n<p>A Criadores criou este snack para gatos com ingredientes da mais alta qualidade para oferecer <strong>snacks saud\u00e1veis, nutritivos e deliciosos<\/strong>. A carne de borrego \u00e9 rica em prote\u00ednas, perfeita para f<strong>ornecer ao seu gato adulto muita energia para o manter ativo<\/strong> e cheio de vitalidade.<\/p>\n<p><em>O delicioso sabor do borrego nos crocantes snacks da Criadores ser\u00e1 tudo o que o seu gato precisar\u00e1 durante as tardes!<\/em><\/p>\n","protected":false},"excerpt":{"rendered":"<p>Snack sem cereais com uma textura crocante para gatos adultos. Inclui prote\u00edna de borrego, ideal para oferecer como complemento \u00e0 dieta habitual, uma vez que fornece energia e promove a sa\u00fade da pele e do pelo.<\/p>\n","protected":false},"featured_media":1951,"comment_status":"open","ping_status":"closed","template":"","meta":{"_acf_changed":false},"product_brand":[],"product_cat":[111,106,103],"product_tag":[],"class_list":{"0":"post-2423","1":"product","2":"type-product","3":"status-publish","4":"has-post-thumbnail","6":"product_cat-gatos","7":"product_cat-original-gato-pt-pt","8":"product_cat-snacks-pt","10":"first","11":"instock","12":"shipping-taxable","13":"product-type-simple"},"acf":[],"_links":{"self":[{"href":"https:\/\/www.criadores.es\/pt-pt\/wp-json\/wp\/v2\/product\/2423","targetHints":{"allow":["GET"]}}],"collection":[{"href":"https:\/\/www.criadores.es\/pt-pt\/wp-json\/wp\/v2\/product"}],"about":[{"href":"https:\/\/www.criadores.es\/pt-pt\/wp-json\/wp\/v2\/types\/product"}],"replies":[{"embeddable":true,"href":"https:\/\/www.criadores.es\/pt-pt\/wp-json\/wp\/v2\/comments?post=2423"}],"wp:featuredmedia":[{"embeddable":true,"href":"https:\/\/www.criadores.es\/pt-pt\/wp-json\/wp\/v2\/media\/1951"}],"wp:attachment":[{"href":"https:\/\/www.criadores.es\/pt-pt\/wp-json\/wp\/v2\/media?parent=2423"}],"wp:term":[{"taxonomy":"product_brand","embeddable":true,"href":"https:\/\/www.criadores.es\/pt-pt\/wp-json\/wp\/v2\/product_brand?post=2423"},{"taxonomy":"product_cat","embeddable":true,"href":"https:\/\/www.criadores.es\/pt-pt\/wp-json\/wp\/v2\/product_cat?post=2423"},{"taxonomy":"product_tag","embeddable":true,"href":"https:\/\/www.criadores.es\/pt-pt\/wp-json\/wp\/v2\/product_tag?post=2423"}],"curies":[{"name":"wp","href":"https:\/\/api.w.org\/{rel}","templated":true}]}}