{"id":2424,"date":"2025-02-13T15:16:45","date_gmt":"2025-02-13T14:16:45","guid":{"rendered":"https:\/\/www.criadores.es\/producto\/criadores-adulto-recovery-lata-para-caes\/"},"modified":"2025-06-11T15:10:28","modified_gmt":"2025-06-11T13:10:28","slug":"criadores-adulto-recovery-lata-para-caes","status":"publish","type":"product","link":"https:\/\/www.criadores.es\/pt-pt\/producto\/criadores-adulto-recovery-lata-para-caes\/","title":{"rendered":"Criadores Adulto Recovery lata para c\u00e3es"},"content":{"rendered":"<h2>Lata Recovery de alimento h\u00famido para c\u00e3es em processos de convalescen\u00e7a p\u00f3s-cir\u00fargica<\/h2>\n<p>A Criadores oferece ao seu c\u00e3o a comida completa que o ajudar\u00e1 a <strong>suprir as necessidades diet\u00e9ticas ap\u00f3s a cirurgia<\/strong>. Esta comida h\u00famida fornece n\u00edveis elevados de energia devido \u00e0 <strong>concentra\u00e7\u00e3o de nutrientes essenciais<\/strong>, que tamb\u00e9m facilitam os processos digestivos.<\/p>\n<p>Ap\u00f3s a cirurgia, \u00e9 comum que o animal perca o apetite por algumas horas ou at\u00e9 mesmo dias. Tamb\u00e9m poder\u00e1 notar dist\u00farbios gastrointestinais e fraqueza no seu c\u00e3o. Todos esses sintomas s\u00e3o normais ap\u00f3s a passagem pelo centro cir\u00fargico e um bom aliado para a recupera\u00e7\u00e3o \u00e9 esta comida em lata <strong>Criadores Dietetic Recovery<\/strong>.<\/p>\n<p>Este alimento far\u00e1 com que o seu c\u00e3o se recupere rapidamente e ganhe o peso necess\u00e1rio, sempre de forma progressiva e saud\u00e1vel.<\/p>\n<p><strong>Torne o processo de recupera\u00e7\u00e3o do seu amigo peludo mais suport\u00e1vel com a lata de Recovery para c\u00e3es da Criadores Dietetic.<\/strong><\/p>\n","protected":false},"excerpt":{"rendered":"<p>Lata Criadores Dietetic Recovery para perros<\/p>\n","protected":false},"featured_media":1923,"comment_status":"open","ping_status":"closed","template":"","meta":{"_acf_changed":false},"product_brand":[],"product_cat":[92,94,95],"product_tag":[],"class_list":{"0":"post-2424","1":"product","2":"type-product","3":"status-publish","4":"has-post-thumbnail","6":"product_cat-cao","7":"product_cat-comida-humida","8":"product_cat-dietas-veterinarias-pt-pt","10":"first","11":"instock","12":"shipping-taxable","13":"product-type-simple"},"acf":[],"_links":{"self":[{"href":"https:\/\/www.criadores.es\/pt-pt\/wp-json\/wp\/v2\/product\/2424","targetHints":{"allow":["GET"]}}],"collection":[{"href":"https:\/\/www.criadores.es\/pt-pt\/wp-json\/wp\/v2\/product"}],"about":[{"href":"https:\/\/www.criadores.es\/pt-pt\/wp-json\/wp\/v2\/types\/product"}],"replies":[{"embeddable":true,"href":"https:\/\/www.criadores.es\/pt-pt\/wp-json\/wp\/v2\/comments?post=2424"}],"wp:featuredmedia":[{"embeddable":true,"href":"https:\/\/www.criadores.es\/pt-pt\/wp-json\/wp\/v2\/media\/1923"}],"wp:attachment":[{"href":"https:\/\/www.criadores.es\/pt-pt\/wp-json\/wp\/v2\/media?parent=2424"}],"wp:term":[{"taxonomy":"product_brand","embeddable":true,"href":"https:\/\/www.criadores.es\/pt-pt\/wp-json\/wp\/v2\/product_brand?post=2424"},{"taxonomy":"product_cat","embeddable":true,"href":"https:\/\/www.criadores.es\/pt-pt\/wp-json\/wp\/v2\/product_cat?post=2424"},{"taxonomy":"product_tag","embeddable":true,"href":"https:\/\/www.criadores.es\/pt-pt\/wp-json\/wp\/v2\/product_tag?post=2424"}],"curies":[{"name":"wp","href":"https:\/\/api.w.org\/{rel}","templated":true}]}}