{"id":2426,"date":"2025-02-13T16:58:00","date_gmt":"2025-02-13T15:58:00","guid":{"rendered":"https:\/\/www.criadores.es\/producto\/criadores-adult-recovery-salmao-e-figado-lata-para-gatos\/"},"modified":"2025-06-12T10:20:18","modified_gmt":"2025-06-12T08:20:18","slug":"criadores-adult-recovery-salmao-e-figado-lata-para-gatos","status":"publish","type":"product","link":"https:\/\/www.criadores.es\/pt-pt\/producto\/criadores-adult-recovery-salmao-e-figado-lata-para-gatos\/","title":{"rendered":"Criadores Adult Recovery Salm\u00e3o e F\u00edgado lata para gatos"},"content":{"rendered":"<h2>Comida h\u00famida para gatos em convalescen\u00e7a ap\u00f3s cirurgia<\/h2>\n<p>D\u00ea ao seu gato o alimento completo que o ajudar\u00e1 a satisfazer as suas necessidades diet\u00e9ticas ap\u00f3s a cirurgia. Este alimento h\u00famido da Criadores fornece <strong>altos n\u00edveis de energia gra\u00e7as \u00e0 concentra\u00e7\u00e3o de nutrientes essenciais<\/strong>, o que tamb\u00e9m <strong>facilita os processos digestivos<\/strong>.<\/p>\n<p>Os animais de estima\u00e7\u00e3o que foram recentemente submetidos a cirurgia s\u00e3o muitas vezes um pouco atrofiados e t\u00eam uma perda de apetite. Portanto, o consumo da Criadores Dietetic Recovery para gatos em convalescen\u00e7a <strong>ajudar\u00e1 o seu felino a recuperar rapidamente e a ganhar o peso necess\u00e1rio<\/strong>, sempre de uma forma saud\u00e1vel.<\/p>\n<p>Este alimento h\u00famido <strong>cont\u00e9m as vitaminas e minerais<\/strong> de que o seu gato necessita para passar o per\u00edodo p\u00f3s-operat\u00f3rio. <strong>O seu teor de taurina ajudar\u00e1 \u00e0 r\u00e1pida melhoria dos tecidos internos, regular\u00e1 a temperatura corporal e facilitar\u00e1 a absor\u00e7\u00e3o de gorduras essenciais<\/strong>.<\/p>\n<p><em><strong>Apoie o processo de recupera\u00e7\u00e3o do seu gato com este alimento delicioso e nutritivo da Criadores Dietetic Recovery<\/strong><\/em>.<\/p>\n","protected":false},"excerpt":{"rendered":"<p>Lata Criadores Dietetic Recovery para gatos<\/p>\n","protected":false},"featured_media":1962,"comment_status":"open","ping_status":"closed","template":"","meta":{"_acf_changed":false},"product_brand":[],"product_cat":[108,111],"product_tag":[],"class_list":{"0":"post-2426","1":"product","2":"type-product","3":"status-publish","4":"has-post-thumbnail","6":"product_cat-dietas-veterinarias-gato-pt-pt","7":"product_cat-gatos","9":"first","10":"instock","11":"shipping-taxable","12":"product-type-simple"},"acf":[],"_links":{"self":[{"href":"https:\/\/www.criadores.es\/pt-pt\/wp-json\/wp\/v2\/product\/2426","targetHints":{"allow":["GET"]}}],"collection":[{"href":"https:\/\/www.criadores.es\/pt-pt\/wp-json\/wp\/v2\/product"}],"about":[{"href":"https:\/\/www.criadores.es\/pt-pt\/wp-json\/wp\/v2\/types\/product"}],"replies":[{"embeddable":true,"href":"https:\/\/www.criadores.es\/pt-pt\/wp-json\/wp\/v2\/comments?post=2426"}],"wp:featuredmedia":[{"embeddable":true,"href":"https:\/\/www.criadores.es\/pt-pt\/wp-json\/wp\/v2\/media\/1962"}],"wp:attachment":[{"href":"https:\/\/www.criadores.es\/pt-pt\/wp-json\/wp\/v2\/media?parent=2426"}],"wp:term":[{"taxonomy":"product_brand","embeddable":true,"href":"https:\/\/www.criadores.es\/pt-pt\/wp-json\/wp\/v2\/product_brand?post=2426"},{"taxonomy":"product_cat","embeddable":true,"href":"https:\/\/www.criadores.es\/pt-pt\/wp-json\/wp\/v2\/product_cat?post=2426"},{"taxonomy":"product_tag","embeddable":true,"href":"https:\/\/www.criadores.es\/pt-pt\/wp-json\/wp\/v2\/product_tag?post=2426"}],"curies":[{"name":"wp","href":"https:\/\/api.w.org\/{rel}","templated":true}]}}