{"id":2427,"date":"2025-02-13T15:39:54","date_gmt":"2025-02-13T14:39:54","guid":{"rendered":"https:\/\/www.criadores.es\/producto\/criadores-monoproteico-cordeiro-e-arroz-em-lata-para-caes\/"},"modified":"2025-06-11T15:09:58","modified_gmt":"2025-06-11T13:09:58","slug":"criadores-monoproteico-cordeiro-e-arroz-em-lata-para-caes","status":"publish","type":"product","link":"https:\/\/www.criadores.es\/pt-pt\/producto\/criadores-monoproteico-cordeiro-e-arroz-em-lata-para-caes\/","title":{"rendered":"Criadores Monoproteico Cordeiro e Arroz em lata para c\u00e3es"},"content":{"rendered":"<h2>Alimento Monoproteico com sabor a cordeiro e arroz para c\u00e3es<\/h2>\n<p>Ao longo da vida, o seu animal de estima\u00e7\u00e3o precisa de uma alimenta\u00e7\u00e3o adequada. Este alimento h\u00famido ajudar\u00e1 a mant\u00ea-lo saud\u00e1vel, com ingredientes que lhe abrir\u00e3o o apetite, um sabor irresist\u00edvel a cordeiro e um n\u00edvel adequado de prote\u00ednas, uma vez que possui <strong>uma \u00fanica fonte de prote\u00edna em 70% de carne<\/strong> e um aroma agrad\u00e1vel. A sua textura tem uma melhor capacidade de digerir as prote\u00ednas<\/p>\n<p>Os seus ingredientes misturam-se naturalmente, enriquecidos com vitaminas, n\u00edveis adequados de minerais e um \u00fanico tipo de carne, melhorando a sua sensibilidade digestiva. As suas caracter\u00edsticas s\u00e3o ideais para <strong>fortalecer o seu sistema imunol\u00f3gico<\/strong>, que \u00e9 necess\u00e1rio para destruir agentes externos que possam danificar o organismo, como bact\u00e9rias, parasitas ou v\u00edrus.<\/p>\n<p>O alimento h\u00famido monoproteico para c\u00e3es \u00e9 adequado para c\u00e3es adultos de diferentes tamanhos e ra\u00e7as; \u00e9 suave ao paladar e f\u00e1cil de mastigar, pois \u00e9 composto por caldo, minerais e carne. \u00c9 importante destacar que <strong>n\u00e3o cont\u00e9m cereais, o que ajuda a melhorar o trato digestivo<\/strong>, e \u00e9 feito com <strong>ingredientes naturais<\/strong>, sem aditivos prejudiciais, para garantir uma alimenta\u00e7\u00e3o equilibrada.<\/p>\n<p><strong><em>O alimento monoproteico fornece uma alimenta\u00e7\u00e3o enriquecida e saborosa, com a qualidade de Criadores que o seu c\u00e3o precisa!<\/em><\/strong><\/p>\n","protected":false},"excerpt":{"rendered":"<p>Lata Criadores Monoproteico cordero y arroz para perros<\/p>\n","protected":false},"featured_media":1932,"comment_status":"open","ping_status":"closed","template":"","meta":{"_acf_changed":false},"product_brand":[],"product_cat":[92,94,98],"product_tag":[],"class_list":{"0":"post-2427","1":"product","2":"type-product","3":"status-publish","4":"has-post-thumbnail","6":"product_cat-cao","7":"product_cat-comida-humida","8":"product_cat-original-pt-pt","10":"first","11":"instock","12":"shipping-taxable","13":"product-type-simple"},"acf":[],"_links":{"self":[{"href":"https:\/\/www.criadores.es\/pt-pt\/wp-json\/wp\/v2\/product\/2427","targetHints":{"allow":["GET"]}}],"collection":[{"href":"https:\/\/www.criadores.es\/pt-pt\/wp-json\/wp\/v2\/product"}],"about":[{"href":"https:\/\/www.criadores.es\/pt-pt\/wp-json\/wp\/v2\/types\/product"}],"replies":[{"embeddable":true,"href":"https:\/\/www.criadores.es\/pt-pt\/wp-json\/wp\/v2\/comments?post=2427"}],"wp:featuredmedia":[{"embeddable":true,"href":"https:\/\/www.criadores.es\/pt-pt\/wp-json\/wp\/v2\/media\/1932"}],"wp:attachment":[{"href":"https:\/\/www.criadores.es\/pt-pt\/wp-json\/wp\/v2\/media?parent=2427"}],"wp:term":[{"taxonomy":"product_brand","embeddable":true,"href":"https:\/\/www.criadores.es\/pt-pt\/wp-json\/wp\/v2\/product_brand?post=2427"},{"taxonomy":"product_cat","embeddable":true,"href":"https:\/\/www.criadores.es\/pt-pt\/wp-json\/wp\/v2\/product_cat?post=2427"},{"taxonomy":"product_tag","embeddable":true,"href":"https:\/\/www.criadores.es\/pt-pt\/wp-json\/wp\/v2\/product_tag?post=2427"}],"curies":[{"name":"wp","href":"https:\/\/api.w.org\/{rel}","templated":true}]}}