{"id":2428,"date":"2025-02-07T14:15:47","date_gmt":"2025-02-07T13:15:47","guid":{"rendered":"https:\/\/www.criadores.es\/producto\/racao-gastrointestinal-dietetica-de-frango-para-gatos\/"},"modified":"2025-02-07T14:15:47","modified_gmt":"2025-02-07T13:15:47","slug":"racao-gastrointestinal-dietetica-de-frango-para-gatos","status":"publish","type":"product","link":"https:\/\/www.criadores.es\/pt-pt\/producto\/racao-gastrointestinal-dietetica-de-frango-para-gatos\/","title":{"rendered":"Ra\u00e7\u00e3o Gastrointestinal Diet\u00e9tica de Frango para Gatos"},"content":{"rendered":"<h2>Ra\u00e7\u00e3o para gatos com desconforto g\u00e1strico<\/h2>\n<p>Criadores apresenta esta ra\u00e7\u00e3o para gatos adultos que sofrem com irregularidades no trato digestivo, elaborado com prote\u00edna de frango, polpa de ma\u00e7\u00e3, beterraba e sementes de Psyllium, para favorecer uma \u00f3tima absor\u00e7\u00e3o dos nutrientes.<\/p>\n<p>\u00c9 ideal para gatos adultos, a partir dos 12 meses de idade. \u00c9 muito digest\u00edvel, para que o animal possa se manter saud\u00e1vel, aproveitando todas as vitaminas, minerais, prote\u00ednas e fibras deste alimento.<\/p>\n<p>As fezes ter\u00e3o uma frequ\u00eancia regular e ser\u00e3o mais suaves e compactas. Foi elaborado com ingredientes de qualidade, selecionados para oferecer um alimento equilibrado e delicioso, que estimula o apetite da mascote e compensa as altera\u00e7\u00f5es digestivas.<\/p>\n<p>\u00c9 importante consultar o veterin\u00e1rio antes de oferecer este alimento ao felino. Voc\u00ea tamb\u00e9m deve garantir que o animal tenha sempre \u00e1gua limpa e fresca dispon\u00edvel.<\/p>\n","protected":false},"excerpt":{"rendered":"<p>Ra\u00e7\u00e3o de frango para gatos adultos de todas as ra\u00e7as, promove a digest\u00e3o e alivia as desconfortos gastrointestinais, melhora a absor\u00e7\u00e3o de nutrientes, tem um sabor agrad\u00e1vel.<\/p>\n<p><img decoding=\"async\" style=\"object-fit: cover; width: 100%;\" title=\"\" src=\"images\/Banners\/banner_alimentacion_seca_humeda_pt.jpg?$staticlink$\" alt=\"\" \/><\/p>\n","protected":false},"featured_media":1533,"comment_status":"open","ping_status":"closed","template":"","meta":{"_acf_changed":false},"product_brand":[],"product_cat":[105,108,111],"product_tag":[],"class_list":{"0":"post-2428","1":"product","2":"type-product","3":"status-publish","4":"has-post-thumbnail","6":"product_cat-alimentacao-seca-pt","7":"product_cat-dietas-veterinarias-gato-pt-pt","8":"product_cat-gatos","10":"first","11":"instock","12":"shipping-taxable","13":"product-type-simple"},"acf":[],"_links":{"self":[{"href":"https:\/\/www.criadores.es\/pt-pt\/wp-json\/wp\/v2\/product\/2428","targetHints":{"allow":["GET"]}}],"collection":[{"href":"https:\/\/www.criadores.es\/pt-pt\/wp-json\/wp\/v2\/product"}],"about":[{"href":"https:\/\/www.criadores.es\/pt-pt\/wp-json\/wp\/v2\/types\/product"}],"replies":[{"embeddable":true,"href":"https:\/\/www.criadores.es\/pt-pt\/wp-json\/wp\/v2\/comments?post=2428"}],"wp:featuredmedia":[{"embeddable":true,"href":"https:\/\/www.criadores.es\/pt-pt\/wp-json\/wp\/v2\/media\/1533"}],"wp:attachment":[{"href":"https:\/\/www.criadores.es\/pt-pt\/wp-json\/wp\/v2\/media?parent=2428"}],"wp:term":[{"taxonomy":"product_brand","embeddable":true,"href":"https:\/\/www.criadores.es\/pt-pt\/wp-json\/wp\/v2\/product_brand?post=2428"},{"taxonomy":"product_cat","embeddable":true,"href":"https:\/\/www.criadores.es\/pt-pt\/wp-json\/wp\/v2\/product_cat?post=2428"},{"taxonomy":"product_tag","embeddable":true,"href":"https:\/\/www.criadores.es\/pt-pt\/wp-json\/wp\/v2\/product_tag?post=2428"}],"curies":[{"name":"wp","href":"https:\/\/api.w.org\/{rel}","templated":true}]}}