{"id":2429,"date":"2025-02-13T13:51:23","date_gmt":"2025-02-13T12:51:23","guid":{"rendered":"https:\/\/www.criadores.es\/producto\/criadores-monoproteico-atum-e-batata-em-lata-para-caes\/"},"modified":"2025-06-12T11:43:12","modified_gmt":"2025-06-12T09:43:12","slug":"criadores-monoproteico-atum-e-batata-em-lata-para-caes","status":"publish","type":"product","link":"https:\/\/www.criadores.es\/pt-pt\/producto\/criadores-monoproteico-atum-e-batata-em-lata-para-caes\/","title":{"rendered":"Criadores Monoproteico Atum e Batata em lata para c\u00e3es"},"content":{"rendered":"<h2>Alimento h\u00famido completo para c\u00e3es adultos<\/h2>\n<p>O alimento h\u00famido da Criadores Mono Protein oferece ao seu c\u00e3o uma <strong>nutri\u00e7\u00e3o saud\u00e1vel, completa e equilibrada<\/strong>. Os seus ingredientes s\u00e3o selecionados de modo a <strong>minimizar o risco de alergias<\/strong>.<\/p>\n<p>Este alimento \u00e9 enriquecido com atum como prote\u00edna principal e fibra proveniente da batata-doce. Estes ingredientes <strong>ajudam a prevenir problemas relacionados com intoler\u00e2ncias alimentares<\/strong> e <strong>promovem uma digest\u00e3o saud\u00e1vel<\/strong>.<\/p>\n<p>Se o seu c\u00e3o tem alergias a certas prote\u00ednas, este tipo de produto \u00e9 <strong>altamente recomendado<\/strong>. Permite-lhe excluir ingredientes potencialmente prejudiciais e fornecer uma dieta adaptada \u00e0s necessidades do seu animal.<\/p>\n<p>Uma dieta natural e de alta qualidade garante ao seu c\u00e3o a sa\u00fade e bem-estar que ele merece.<\/p>\n<p><em><strong>Surpreenda o seu c\u00e3o e adicione variedade \u00e0 sua dieta com este alimento h\u00famido completo, oferecido pela Criadores Mono Protein.<\/strong><\/em><\/p>\n","protected":false},"excerpt":{"rendered":"<p>Alimento h\u00famido monoproteico da Criadores de Atum com Batata-doce para c\u00e3es<\/p>\n","protected":false},"featured_media":1915,"comment_status":"open","ping_status":"closed","template":"","meta":{"_acf_changed":false},"product_brand":[],"product_cat":[92,94,98],"product_tag":[],"class_list":{"0":"post-2429","1":"product","2":"type-product","3":"status-publish","4":"has-post-thumbnail","6":"product_cat-cao","7":"product_cat-comida-humida","8":"product_cat-original-pt-pt","10":"first","11":"instock","12":"shipping-taxable","13":"product-type-simple"},"acf":[],"_links":{"self":[{"href":"https:\/\/www.criadores.es\/pt-pt\/wp-json\/wp\/v2\/product\/2429","targetHints":{"allow":["GET"]}}],"collection":[{"href":"https:\/\/www.criadores.es\/pt-pt\/wp-json\/wp\/v2\/product"}],"about":[{"href":"https:\/\/www.criadores.es\/pt-pt\/wp-json\/wp\/v2\/types\/product"}],"replies":[{"embeddable":true,"href":"https:\/\/www.criadores.es\/pt-pt\/wp-json\/wp\/v2\/comments?post=2429"}],"wp:featuredmedia":[{"embeddable":true,"href":"https:\/\/www.criadores.es\/pt-pt\/wp-json\/wp\/v2\/media\/1915"}],"wp:attachment":[{"href":"https:\/\/www.criadores.es\/pt-pt\/wp-json\/wp\/v2\/media?parent=2429"}],"wp:term":[{"taxonomy":"product_brand","embeddable":true,"href":"https:\/\/www.criadores.es\/pt-pt\/wp-json\/wp\/v2\/product_brand?post=2429"},{"taxonomy":"product_cat","embeddable":true,"href":"https:\/\/www.criadores.es\/pt-pt\/wp-json\/wp\/v2\/product_cat?post=2429"},{"taxonomy":"product_tag","embeddable":true,"href":"https:\/\/www.criadores.es\/pt-pt\/wp-json\/wp\/v2\/product_tag?post=2429"}],"curies":[{"name":"wp","href":"https:\/\/api.w.org\/{rel}","templated":true}]}}