{"id":2430,"date":"2025-02-13T13:55:07","date_gmt":"2025-02-13T12:55:07","guid":{"rendered":"https:\/\/www.criadores.es\/producto\/criadores-monoproteico-peru-e-batatas-em-lata-para-caes\/"},"modified":"2025-06-12T11:42:28","modified_gmt":"2025-06-12T09:42:28","slug":"criadores-monoproteico-peru-e-batatas-em-lata-para-caes","status":"publish","type":"product","link":"https:\/\/www.criadores.es\/pt-pt\/producto\/criadores-monoproteico-peru-e-batatas-em-lata-para-caes\/","title":{"rendered":"Criadores Monoproteico Peru e Batatas em lata para c\u00e3es"},"content":{"rendered":"<h2>Alimento h\u00famido com prote\u00edna de peru e batata-doce para c\u00e3es adultos<\/h2>\n<p>A Criadores Mono Protein oferece um alimento h\u00famido para c\u00e3es que garante ao seu animal uma alimenta\u00e7\u00e3o saud\u00e1vel. Com ingredientes selecionados, esta refei\u00e7\u00e3o foi concebida para <strong>minimizar o risco de alergias<\/strong>, proporcionando uma dieta completa e equilibrada.<\/p>\n<p>Este alimento destaca-se pela sua prote\u00edna principal: a <strong>carne de peru<\/strong>. Combinado com a fibra da <strong>batata-doce<\/strong>, promove uma melhor digest\u00e3o e <strong>ajuda a prevenir obstipa\u00e7\u00f5es<\/strong>.<\/p>\n<p>Criadores Mono Protein de Peru e Batata-doce \u00e9 nutricionalmente rico, fornecendo \u00e1cidos gordos essenciais, minerais e prote\u00ednas. Adicionalmente, tem uma <strong>baixa percentagem de gorduras saturadas<\/strong>, tornando-se numa escolha ideal para a alimenta\u00e7\u00e3o do seu c\u00e3o.<\/p>\n<p>Os ingredientes s\u00e3o limitados, facilitando a identifica\u00e7\u00e3o e exclus\u00e3o de componentes que possam causar alergias ou intoler\u00e2ncias ao seu c\u00e3o.<\/p>\n<p><em><strong>Ofere\u00e7a ao seu c\u00e3o o alimento h\u00famido de Criadores Mono Protein para uma dieta variada e saud\u00e1vel.<\/strong><\/em><\/p>\n","protected":false},"excerpt":{"rendered":"<p>Alimento h\u00famido de Peru para c\u00e3es da Criadores Mono Protein<\/p>\n","protected":false},"featured_media":1917,"comment_status":"open","ping_status":"closed","template":"","meta":{"_acf_changed":false},"product_brand":[],"product_cat":[92,94,98],"product_tag":[],"class_list":{"0":"post-2430","1":"product","2":"type-product","3":"status-publish","4":"has-post-thumbnail","6":"product_cat-cao","7":"product_cat-comida-humida","8":"product_cat-original-pt-pt","10":"first","11":"instock","12":"shipping-taxable","13":"product-type-simple"},"acf":[],"_links":{"self":[{"href":"https:\/\/www.criadores.es\/pt-pt\/wp-json\/wp\/v2\/product\/2430","targetHints":{"allow":["GET"]}}],"collection":[{"href":"https:\/\/www.criadores.es\/pt-pt\/wp-json\/wp\/v2\/product"}],"about":[{"href":"https:\/\/www.criadores.es\/pt-pt\/wp-json\/wp\/v2\/types\/product"}],"replies":[{"embeddable":true,"href":"https:\/\/www.criadores.es\/pt-pt\/wp-json\/wp\/v2\/comments?post=2430"}],"wp:featuredmedia":[{"embeddable":true,"href":"https:\/\/www.criadores.es\/pt-pt\/wp-json\/wp\/v2\/media\/1917"}],"wp:attachment":[{"href":"https:\/\/www.criadores.es\/pt-pt\/wp-json\/wp\/v2\/media?parent=2430"}],"wp:term":[{"taxonomy":"product_brand","embeddable":true,"href":"https:\/\/www.criadores.es\/pt-pt\/wp-json\/wp\/v2\/product_brand?post=2430"},{"taxonomy":"product_cat","embeddable":true,"href":"https:\/\/www.criadores.es\/pt-pt\/wp-json\/wp\/v2\/product_cat?post=2430"},{"taxonomy":"product_tag","embeddable":true,"href":"https:\/\/www.criadores.es\/pt-pt\/wp-json\/wp\/v2\/product_tag?post=2430"}],"curies":[{"name":"wp","href":"https:\/\/api.w.org\/{rel}","templated":true}]}}