{"id":2431,"date":"2025-02-07T11:50:04","date_gmt":"2025-02-07T10:50:04","guid":{"rendered":"https:\/\/www.criadores.es\/producto\/criadores-racao-hipoalergenico-dietetica-com-peixe-para-gatos\/"},"modified":"2025-06-12T09:30:18","modified_gmt":"2025-06-12T07:30:18","slug":"criadores-racao-hipoalergenico-dietetica-com-peixe-para-gatos","status":"publish","type":"product","link":"https:\/\/www.criadores.es\/pt-pt\/producto\/criadores-racao-hipoalergenico-dietetica-com-peixe-para-gatos\/","title":{"rendered":"Criadores Ra\u00e7\u00e3o Hipoalerg\u00eanico Diet\u00e9tica com Peixe para Gatos"},"content":{"rendered":"<h2>Ra\u00e7\u00e3o hipoalerg\u00eanica para gatos com peixe<\/h2>\n<p>Ajude o seu amigo peludo a sentir-se bem e ter uma vida mais saud\u00e1vel com esta ra\u00e7\u00e3o hipoalerg\u00eanica para gatos, desenvolvida pela Criadores. \u00c9 uma comida completa e equilibrada, ideal para felinos a partir de 12 meses de idade, feita com \u00fanica prote\u00edna de peixe, para evitar alergias ou intoler\u00e2ncias alimentares. Possui um sabor delicioso que o seu pet certamente ir\u00e1 adorar e tamb\u00e9m \u00e9 muito f\u00e1cil de digerir, gra\u00e7as ao seu conte\u00fado de polpa de ma\u00e7\u00e3.<\/p>\n<p>Esta ra\u00e7\u00e3o seca para gatos \u00e9 rica em vitaminas, minerais e \u00e1cidos graxos essenciais, de modo que o animal ter\u00e1 um grande aumento em sua qualidade de vida. \u00c9 adequada nos casos em que o felino precisa emagrecer, ou simplesmente manter o seu peso ideal. Cont\u00e9m taurina, uma subst\u00e2ncia que ajuda a melhorar o metabolismo e digest\u00e3o dos gatos, assim como favorece a absor\u00e7\u00e3o das gorduras saud\u00e1veis e regula\u00e7\u00e3o da temperatura corporal.<\/p>\n<p>Esta ra\u00e7\u00e3o para gatos foi formulada para satisfazer todas as necessidades alimentares do seu amigo peludo e ajud\u00e1-lo a viver com energia e vitalidade. Lembre-se de que voc\u00ea deve consultar o seu veterin\u00e1rio de confian\u00e7a antes de utilizar este alimento, al\u00e9m de sempre manter \u00e1gua limpa e fresca \u00e0 disposi\u00e7\u00e3o do animal.<\/p>\n<p><em>D\u00ea ao seu gato uma comida deliciosa, saud\u00e1vel e que o ajude a viver sem alergias ou intoler\u00e2ncias.<\/em><\/p>\n","protected":false},"excerpt":{"rendered":"<p>Ra\u00e7\u00e3o hipoalerg\u00e9nico para gatos adultos de todas as ra\u00e7as, diminui a intoler\u00e2ncia a determinados alimentos, \u00e9 monoprot\u00e9ico e ajuda a reduzir o excesso de peso ou a manter o peso ideal.<\/p>\n","protected":false},"featured_media":1526,"comment_status":"open","ping_status":"closed","template":"","meta":{"_acf_changed":false},"product_brand":[],"product_cat":[105,108],"product_tag":[],"class_list":{"0":"post-2431","1":"product","2":"type-product","3":"status-publish","4":"has-post-thumbnail","6":"product_cat-alimentacao-seca-pt","7":"product_cat-dietas-veterinarias-gato-pt-pt","9":"first","10":"instock","11":"shipping-taxable","12":"product-type-simple"},"acf":[],"_links":{"self":[{"href":"https:\/\/www.criadores.es\/pt-pt\/wp-json\/wp\/v2\/product\/2431","targetHints":{"allow":["GET"]}}],"collection":[{"href":"https:\/\/www.criadores.es\/pt-pt\/wp-json\/wp\/v2\/product"}],"about":[{"href":"https:\/\/www.criadores.es\/pt-pt\/wp-json\/wp\/v2\/types\/product"}],"replies":[{"embeddable":true,"href":"https:\/\/www.criadores.es\/pt-pt\/wp-json\/wp\/v2\/comments?post=2431"}],"wp:featuredmedia":[{"embeddable":true,"href":"https:\/\/www.criadores.es\/pt-pt\/wp-json\/wp\/v2\/media\/1526"}],"wp:attachment":[{"href":"https:\/\/www.criadores.es\/pt-pt\/wp-json\/wp\/v2\/media?parent=2431"}],"wp:term":[{"taxonomy":"product_brand","embeddable":true,"href":"https:\/\/www.criadores.es\/pt-pt\/wp-json\/wp\/v2\/product_brand?post=2431"},{"taxonomy":"product_cat","embeddable":true,"href":"https:\/\/www.criadores.es\/pt-pt\/wp-json\/wp\/v2\/product_cat?post=2431"},{"taxonomy":"product_tag","embeddable":true,"href":"https:\/\/www.criadores.es\/pt-pt\/wp-json\/wp\/v2\/product_tag?post=2431"}],"curies":[{"name":"wp","href":"https:\/\/api.w.org\/{rel}","templated":true}]}}