{"id":2434,"date":"2025-02-14T08:45:44","date_gmt":"2025-02-14T07:45:44","guid":{"rendered":"https:\/\/www.criadores.es\/producto\/criadores-snacks-dentais-frango-para-caes-grandes\/"},"modified":"2025-06-11T18:04:43","modified_gmt":"2025-06-11T16:04:43","slug":"criadores-snacks-dentais-frango-para-caes-grandes","status":"publish","type":"product","link":"https:\/\/www.criadores.es\/pt-pt\/producto\/criadores-snacks-dentais-frango-para-caes-grandes\/","title":{"rendered":"Criadores snacks dentais frango para c\u00e3es grandes"},"content":{"rendered":"<h2>Snacks dent\u00e1rios Criadores: combate ao t\u00e1rtaro<\/h2>\n<p>O Dental Stick de frango da Criadores \u00e9 um alimento complementar para c\u00e3es, <strong>desenhado especificamente para o cuidado dental<\/strong>. \u00c9 uma op\u00e7\u00e3o conveniente, simples e que os c\u00e3es adoram, tornando-se um dos seus snacks preferidos. A sua consist\u00eancia, sabor e <strong>longa dura\u00e7\u00e3o<\/strong> garantem que os c\u00e3es permane\u00e7am entretidos por mais tempo.<\/p>\n<p>Com um <strong>formato de estrela<\/strong>, os Dental Sticks foram desenhados para alcan\u00e7ar os espa\u00e7os entre dentes e molares, removendo sujidade e t\u00e1rtaro acumulado. Assim, al\u00e9m de proporcionarem um saboroso mimo, ajudam a <strong>combater o t\u00e1rtaro<\/strong> enquanto os c\u00e3es se deliciam. O pr\u00e1tico formato mensal inclui 28 sticks, permitindo um por dia, proporcionando assim <strong>4 semanas de cuidado<\/strong>. Estes sticks v\u00eam embalados em pacotes de 7, garantindo que mantenham a sua frescura, aroma e sabor.<\/p>\n<p>Os Dental Sticks possuem uma <strong>textura e consist\u00eancia ideais para a mastiga\u00e7\u00e3o<\/strong>. S\u00e3o firmes, mas simultaneamente flex\u00edveis e suaves para os dentes. Os c\u00e3es adoram segurar o stick entre as patas e mastig\u00e1-lo durante um bom tempo. Al\u00e9m disso, est\u00e3o dispon\u00edveis em diferentes tamanhos, adequando-se \u00e0s mand\u00edbulas de c\u00e3es de <strong>ra\u00e7a pequena, m\u00e9dia e grande<\/strong>.<\/p>\n<p><strong><em>Proteja a sa\u00fade dental do seu c\u00e3o com os saborosos Dental Stick de frango da Criadores.<\/em><\/strong><\/p>\n<p><em>A partir da data de rece\u00e7\u00e3o, garantimos um prazo de 3 meses antes do vencimento da data de validade ou de 1 m\u00eas para produtos l\u00e1cteos e ra\u00e7\u00e3o org\u00e2nica.<\/em><\/p>\n","protected":false},"excerpt":{"rendered":"<p>Snack dent\u00e1rio para c\u00e3es grandes, tem sabor a frango e \u00e9 f\u00e1cil de digerir, o seu tamanho e consist\u00eancia fazem com que limpe os dentes e gengivas do animal enquanto o mastiga, impedindo a ocorr\u00eancia de t\u00e1rtaro.<\/p>\n","protected":false},"featured_media":1996,"comment_status":"open","ping_status":"closed","template":"","meta":{"_acf_changed":false},"product_brand":[],"product_cat":[92,98,101],"product_tag":[],"class_list":{"0":"post-2434","1":"product","2":"type-product","3":"status-publish","4":"has-post-thumbnail","6":"product_cat-cao","7":"product_cat-original-pt-pt","8":"product_cat-snacks-pt-pt","10":"first","11":"instock","12":"shipping-taxable","13":"product-type-simple"},"acf":[],"_links":{"self":[{"href":"https:\/\/www.criadores.es\/pt-pt\/wp-json\/wp\/v2\/product\/2434","targetHints":{"allow":["GET"]}}],"collection":[{"href":"https:\/\/www.criadores.es\/pt-pt\/wp-json\/wp\/v2\/product"}],"about":[{"href":"https:\/\/www.criadores.es\/pt-pt\/wp-json\/wp\/v2\/types\/product"}],"replies":[{"embeddable":true,"href":"https:\/\/www.criadores.es\/pt-pt\/wp-json\/wp\/v2\/comments?post=2434"}],"wp:featuredmedia":[{"embeddable":true,"href":"https:\/\/www.criadores.es\/pt-pt\/wp-json\/wp\/v2\/media\/1996"}],"wp:attachment":[{"href":"https:\/\/www.criadores.es\/pt-pt\/wp-json\/wp\/v2\/media?parent=2434"}],"wp:term":[{"taxonomy":"product_brand","embeddable":true,"href":"https:\/\/www.criadores.es\/pt-pt\/wp-json\/wp\/v2\/product_brand?post=2434"},{"taxonomy":"product_cat","embeddable":true,"href":"https:\/\/www.criadores.es\/pt-pt\/wp-json\/wp\/v2\/product_cat?post=2434"},{"taxonomy":"product_tag","embeddable":true,"href":"https:\/\/www.criadores.es\/pt-pt\/wp-json\/wp\/v2\/product_tag?post=2434"}],"curies":[{"name":"wp","href":"https:\/\/api.w.org\/{rel}","templated":true}]}}