{"id":2436,"date":"2025-02-11T12:14:23","date_gmt":"2025-02-11T11:14:23","guid":{"rendered":"https:\/\/www.criadores.es\/producto\/criadores-dental-stick-frango-para-caes-medios\/"},"modified":"2025-06-11T17:21:25","modified_gmt":"2025-06-11T15:21:25","slug":"criadores-dental-stick-frango-para-caes-medios","status":"publish","type":"product","link":"https:\/\/www.criadores.es\/pt-pt\/producto\/criadores-dental-stick-frango-para-caes-medios\/","title":{"rendered":"Criadores Dental Stick frango para c\u00e3es m\u00e9dios"},"content":{"rendered":"<h2>Snacks dent\u00e1rios da Criadores para combater o t\u00e1rtaro<\/h2>\n<p>O Dental Stick com sabor a frango da Criadores \u00e9 um alimento complementar para c\u00e3es, <strong>especialmente formulado para a sa\u00fade dent\u00e1ria<\/strong>. Este \u00e9 um meio c\u00f3modo e simples de cuidar dos dentes do seu melhor amigo, que ele certamente vai adorar! Estes snacks est\u00e3o entre os favoritos da maioria dos c\u00e3es devido \u00e0 sua consist\u00eancia, sabor e \u00e0 sua <strong>longa dura\u00e7\u00e3o<\/strong>, mantendo-os entretidos por mais tempo.<\/p>\n<p>Estas deliciosas sticks t\u00eam um <strong>formato estrelado<\/strong> concebido para alcan\u00e7ar todos os espa\u00e7os entre os dentes e molares. Assim, enquanto desfrutam de um saboroso snack, auxiliam na remo\u00e7\u00e3o da sujidade e t\u00e1rtaro acumulado. Com esta pr\u00e1tica embalagem mensal, receber\u00e1 28 sticks, permitindo-lhe oferecer um por dia ao seu c\u00e3o, assegurando <strong>4 semanas de cuidado dental<\/strong>. As sticks est\u00e3o acondicionadas em pacotes de 7 unidades para que se mantenham frescas e conservem todo o seu aroma e sabor.<\/p>\n<p>Os Dental Sticks possuem uma <strong>textura e consist\u00eancia ideal para a mastiga\u00e7\u00e3o<\/strong>, sendo desenhados para durar mais tempo que os snacks tradicionais. S\u00e3o firmes, mas ao mesmo tempo flex\u00edveis e gentis para os dentes. Os c\u00e3es adoram segurar o stick entre as suas patas e roer durante bastante tempo. Adicionalmente, est\u00e3o dispon\u00edveis em diferentes tamanhos, adequados para c\u00e3es de <strong>ra\u00e7a pequena, m\u00e9dia e grande<\/strong>.<\/p>\n<p><strong><em>Cuide dos dentes do seu c\u00e3o com os deliciosos Dental Stick frango Criadores.<\/em><\/strong><\/p>\n<p><em>A partir da data em que os receber, \u00e9 garantido um prazo de 3 meses antes do fim da data de validade, ou de 1 m\u00eas no caso dos produtos l\u00e1cteos e da ra\u00e7\u00e3o org\u00e2nica.<\/em><\/p>\n","protected":false},"excerpt":{"rendered":"<p>Snacks dent\u00e1rios para c\u00e3es de tamanho m\u00e9dio, em forma de palitos com uma textura que ajuda a limpar os dentes e gengivas, s\u00e3o feitos com ingredientes naturais e s\u00e3o f\u00e1ceis de digerir.<\/p>\n","protected":false},"featured_media":1669,"comment_status":"open","ping_status":"closed","template":"","meta":{"_acf_changed":false},"product_brand":[],"product_cat":[92,98,101],"product_tag":[],"class_list":{"0":"post-2436","1":"product","2":"type-product","3":"status-publish","4":"has-post-thumbnail","6":"product_cat-cao","7":"product_cat-original-pt-pt","8":"product_cat-snacks-pt-pt","10":"first","11":"instock","12":"shipping-taxable","13":"product-type-simple"},"acf":[],"_links":{"self":[{"href":"https:\/\/www.criadores.es\/pt-pt\/wp-json\/wp\/v2\/product\/2436","targetHints":{"allow":["GET"]}}],"collection":[{"href":"https:\/\/www.criadores.es\/pt-pt\/wp-json\/wp\/v2\/product"}],"about":[{"href":"https:\/\/www.criadores.es\/pt-pt\/wp-json\/wp\/v2\/types\/product"}],"replies":[{"embeddable":true,"href":"https:\/\/www.criadores.es\/pt-pt\/wp-json\/wp\/v2\/comments?post=2436"}],"wp:featuredmedia":[{"embeddable":true,"href":"https:\/\/www.criadores.es\/pt-pt\/wp-json\/wp\/v2\/media\/1669"}],"wp:attachment":[{"href":"https:\/\/www.criadores.es\/pt-pt\/wp-json\/wp\/v2\/media?parent=2436"}],"wp:term":[{"taxonomy":"product_brand","embeddable":true,"href":"https:\/\/www.criadores.es\/pt-pt\/wp-json\/wp\/v2\/product_brand?post=2436"},{"taxonomy":"product_cat","embeddable":true,"href":"https:\/\/www.criadores.es\/pt-pt\/wp-json\/wp\/v2\/product_cat?post=2436"},{"taxonomy":"product_tag","embeddable":true,"href":"https:\/\/www.criadores.es\/pt-pt\/wp-json\/wp\/v2\/product_tag?post=2436"}],"curies":[{"name":"wp","href":"https:\/\/api.w.org\/{rel}","templated":true}]}}