{"id":2439,"date":"2025-02-14T12:07:27","date_gmt":"2025-02-14T11:07:27","guid":{"rendered":"https:\/\/www.criadores.es\/producto\/criadores-snacks-dentarios-frango-para-caes-pequenos\/"},"modified":"2025-06-11T16:26:34","modified_gmt":"2025-06-11T14:26:34","slug":"criadores-snacks-dentarios-frango-para-caes-pequenos","status":"publish","type":"product","link":"https:\/\/www.criadores.es\/pt-pt\/producto\/criadores-snacks-dentarios-frango-para-caes-pequenos\/","title":{"rendered":"Criadores Snacks Dent\u00e1rios Frango para c\u00e3es pequenos"},"content":{"rendered":"<h2>Snacks dentais Criadores para reduzir o t\u00e1rtaro<\/h2>\n<p>Criadores Dental Stick frango \u00e9 um alimento complementar para c\u00e3es <strong>formulado para o cuidado dos dentes<\/strong>. A melhor forma de cuidar da sa\u00fade dental do seu melhor amigo de uma forma confort\u00e1vel, simples e que, al\u00e9m do mais, vai adorar! \u00c9 um dos snacks favoritos de todos os c\u00e3es pela sua consist\u00eancia, o seu sabor e a sua<strong> longa dura\u00e7\u00e3o<\/strong>, pois ficam entretidos muito mais.<\/p>\n<p>Os Dental Stick s\u00e3o umas deliciosas sticks com <strong>formato de estrela<\/strong> desenhadas para entrar em todos os espa\u00e7os entre os dentes e molares, limpando assim a sujidade e o t\u00e1rtaro que se acumula entre as pe\u00e7as dentais. Desta forma, com um delicioso pr\u00e9mio ajuda a <strong>reduzir o t\u00e1rtaro<\/strong> enquanto eles desfrutam. Al\u00e9m disso, com este pr\u00e1tico formato mensal, tem 28 sticks para poder oferecer um cada dia, e assim obter <strong>4 semanas de cuidado<\/strong>. As sticks est\u00e3o embaladas em pacotes de 7, para que n\u00e3o fiquem duras e mantenham todo o seu aroma e sabor.<\/p>\n<p>As sticks Dental Stick t\u00eam uma <strong>textura e consist\u00eancia adequada para a mastiga\u00e7\u00e3o <\/strong>e est\u00e3o preparadas para durar mais tempo que os snacks tradicionais. \u00c9 dura, mas ao mesmo tempo flex\u00edvel e suave para os dentes. Os c\u00e3es adoram apanhar o stick entra as suas patas e dar mordidelas durante um bom tempo. Al\u00e9m disso, est\u00e3o dispon\u00edveis em diferentes tamanhos para adaptar-se \u00e0 mand\u00edbula dos c\u00e3es de <strong>ra\u00e7a pequena, m\u00e9dia e grande<\/strong>.<\/p>\n<p><strong><em>Cuide dos dentes do seu c\u00e3o com os deliciosos Dental Stick frango Criadores.<\/em><\/strong><br \/>\n<em>A partir da data em que os receba \u00e9 garantido um prazo de 3 meses antes do vencimento da data de validade, ou de 1 m\u00eas no caso dos produtos l\u00b4cteos e a ra\u00e7\u00e3o ecol\u00f3gica.<\/em><\/p>\n","protected":false},"excerpt":{"rendered":"<p>Snacks dentais para c\u00e3es pequenos, t\u00eam forma de palitos e ajudam a limpar os dentes e as gengivas, est\u00e3o elaborados com ingredientes naturais e f\u00e1ceis de digerir, tamb\u00e9m mant\u00eam divertida a mascote.<\/p>\n","protected":false},"featured_media":2040,"comment_status":"open","ping_status":"closed","template":"","meta":{"_acf_changed":false},"product_brand":[],"product_cat":[92,98,101],"product_tag":[],"class_list":{"0":"post-2439","1":"product","2":"type-product","3":"status-publish","4":"has-post-thumbnail","6":"product_cat-cao","7":"product_cat-original-pt-pt","8":"product_cat-snacks-pt-pt","10":"first","11":"instock","12":"shipping-taxable","13":"product-type-simple"},"acf":[],"_links":{"self":[{"href":"https:\/\/www.criadores.es\/pt-pt\/wp-json\/wp\/v2\/product\/2439","targetHints":{"allow":["GET"]}}],"collection":[{"href":"https:\/\/www.criadores.es\/pt-pt\/wp-json\/wp\/v2\/product"}],"about":[{"href":"https:\/\/www.criadores.es\/pt-pt\/wp-json\/wp\/v2\/types\/product"}],"replies":[{"embeddable":true,"href":"https:\/\/www.criadores.es\/pt-pt\/wp-json\/wp\/v2\/comments?post=2439"}],"wp:featuredmedia":[{"embeddable":true,"href":"https:\/\/www.criadores.es\/pt-pt\/wp-json\/wp\/v2\/media\/2040"}],"wp:attachment":[{"href":"https:\/\/www.criadores.es\/pt-pt\/wp-json\/wp\/v2\/media?parent=2439"}],"wp:term":[{"taxonomy":"product_brand","embeddable":true,"href":"https:\/\/www.criadores.es\/pt-pt\/wp-json\/wp\/v2\/product_brand?post=2439"},{"taxonomy":"product_cat","embeddable":true,"href":"https:\/\/www.criadores.es\/pt-pt\/wp-json\/wp\/v2\/product_cat?post=2439"},{"taxonomy":"product_tag","embeddable":true,"href":"https:\/\/www.criadores.es\/pt-pt\/wp-json\/wp\/v2\/product_tag?post=2439"}],"curies":[{"name":"wp","href":"https:\/\/api.w.org\/{rel}","templated":true}]}}