{"id":2442,"date":"2025-02-13T13:21:26","date_gmt":"2025-02-13T12:21:26","guid":{"rendered":"https:\/\/www.criadores.es\/producto\/criadores-snacks-mini-coracoes-para-cachorros\/"},"modified":"2025-06-12T12:02:08","modified_gmt":"2025-06-12T10:02:08","slug":"criadores-snacks-mini-coracoes-para-cachorros","status":"publish","type":"product","link":"https:\/\/www.criadores.es\/pt-pt\/producto\/criadores-snacks-mini-coracoes-para-cachorros\/","title":{"rendered":"Criadores Snacks Mini Cora\u00e7\u00f5es para cachorros"},"content":{"rendered":"<h2>Snack em forma de mini cora\u00e7\u00f5es para cachorros<\/h2>\n<p>Os cachorros t\u00eam maxilares em desenvolvimento que ainda n\u00e3o est\u00e3o completamente desenvolvidos ou que ainda est\u00e3o a ganhar for\u00e7a para mastigar coisas mais duras. \u00c9 por isso que a sua dieta deve consistir em alimentos macios que sejam f\u00e1ceis de mastigar e digerir.<\/p>\n<p>Assim s\u00e3o estes <strong>mini cora\u00e7\u00f5es de frango e peixe para cachorros<\/strong> formulados pela Criadores, um <strong>snack delicioso, nutritivo e semi-h\u00famido<\/strong> que permitir\u00e1 aos seus animais de estima\u00e7\u00e3o deliciarem-se com o seu sabor \u00fanico, enquanto recebem todos os benef\u00edcios nutricionais para a sua sa\u00fade.<\/p>\n<p>S\u00e3o elaborados com prote\u00ednas naturais, com <strong>muito baixo teor de gordura e sem adi\u00e7\u00e3o de corantes artificiais<\/strong>. S\u00e3o <strong>moldados e dimensionados para serem facilmente mastigados<\/strong> pelas pequenas mand\u00edbulas dos cachorros e s\u00e3o tamb\u00e9m <strong>altamente diger\u00edveis<\/strong>. <strong>Melhoram a sa\u00fade da pele e do pelo e refor\u00e7am os sistemas imunit\u00e1rio e card\u00edaco<\/strong>.<\/p>\n<p>Estes snacks para c\u00e3es <strong>ajudam a entreter o seu animal de estima\u00e7\u00e3o<\/strong> e s\u00e3o ideais como recompensa durante as sess\u00f5es de treino, uma vez que <strong>s\u00e3o estimulantes e saud\u00e1veis<\/strong>. Tamb\u00e9m podem ser oferecidos como um petisco entre as refei\u00e7\u00f5es principais. Lembre-se que o seu animal de estima\u00e7\u00e3o deve ter sempre \u00e1gua limpa e fresca dispon\u00edvel e que estes snacks n\u00e3o substituem a ra\u00e7\u00e3o.<\/p>\n<p><em><strong>A Criadores concebeu estes mini cora\u00e7\u00f5es para cachorros com a inten\u00e7\u00e3o de beneficiar a sa\u00fade do seu animal de estima\u00e7\u00e3o e oferecer um complemento alimentar delicioso e saud\u00e1vel.<\/strong><\/em><\/p>\n","protected":false},"excerpt":{"rendered":"<p>Os mini cora\u00e7\u00f5es de frango e de peixe para cachorros s\u00e3o snacks suaves muito f\u00e1ceis de mastigar e de digerir, o seu tamanho \u00e9 ideal para mand\u00edbulas pequenas, s\u00e3o muito ricos em prote\u00ednas e possuem baixo teor de gordura, beneficiam a sa\u00fade da pele e do pelo.<\/p>\n","protected":false},"featured_media":1904,"comment_status":"open","ping_status":"closed","template":"","meta":{"_acf_changed":false},"product_brand":[],"product_cat":[92,98,101],"product_tag":[],"class_list":{"0":"post-2442","1":"product","2":"type-product","3":"status-publish","4":"has-post-thumbnail","6":"product_cat-cao","7":"product_cat-original-pt-pt","8":"product_cat-snacks-pt-pt","10":"first","11":"instock","12":"shipping-taxable","13":"product-type-simple"},"acf":[],"_links":{"self":[{"href":"https:\/\/www.criadores.es\/pt-pt\/wp-json\/wp\/v2\/product\/2442","targetHints":{"allow":["GET"]}}],"collection":[{"href":"https:\/\/www.criadores.es\/pt-pt\/wp-json\/wp\/v2\/product"}],"about":[{"href":"https:\/\/www.criadores.es\/pt-pt\/wp-json\/wp\/v2\/types\/product"}],"replies":[{"embeddable":true,"href":"https:\/\/www.criadores.es\/pt-pt\/wp-json\/wp\/v2\/comments?post=2442"}],"wp:featuredmedia":[{"embeddable":true,"href":"https:\/\/www.criadores.es\/pt-pt\/wp-json\/wp\/v2\/media\/1904"}],"wp:attachment":[{"href":"https:\/\/www.criadores.es\/pt-pt\/wp-json\/wp\/v2\/media?parent=2442"}],"wp:term":[{"taxonomy":"product_brand","embeddable":true,"href":"https:\/\/www.criadores.es\/pt-pt\/wp-json\/wp\/v2\/product_brand?post=2442"},{"taxonomy":"product_cat","embeddable":true,"href":"https:\/\/www.criadores.es\/pt-pt\/wp-json\/wp\/v2\/product_cat?post=2442"},{"taxonomy":"product_tag","embeddable":true,"href":"https:\/\/www.criadores.es\/pt-pt\/wp-json\/wp\/v2\/product_tag?post=2442"}],"curies":[{"name":"wp","href":"https:\/\/api.w.org\/{rel}","templated":true}]}}