{"id":2443,"date":"2025-02-10T13:23:50","date_gmt":"2025-02-10T12:23:50","guid":{"rendered":"https:\/\/www.criadores.es\/producto\/criadores-barras-menta-para-caes\/"},"modified":"2025-06-11T17:48:03","modified_gmt":"2025-06-11T15:48:03","slug":"criadores-barras-menta-para-caes","status":"publish","type":"product","link":"https:\/\/www.criadores.es\/pt-pt\/producto\/criadores-barras-menta-para-caes\/","title":{"rendered":"Criadores Barras Menta para c\u00e3es"},"content":{"rendered":"<p>&#8221;<\/p>\n<h2>Snack natural Criadores rolos de pele prensada<\/h2>\n<p>O rolo prensado Criadores \u00e9 um <strong>snack natural<\/strong> que oferece longos momentos de entretenimento aos c\u00e3es. Uma forma estupenda de recompensar o seu animal de estima\u00e7\u00e3o com um pr\u00e9mio saud\u00e1vel com o qual poder\u00e1 desfrutar a comer e brincar. Al\u00e9m disso, estes rolos de pele t\u00eam diferentes sabores para fazer com que seja ainda mais irresist\u00edvel; <strong>escolha entre queijo, pizza, menta e manteiga de amendoim<\/strong>.<\/p>\n<p>Os rolos de pele prensada satisfazem o instinto natural de morder com uma <strong>textura mastig\u00e1vel e duradoura<\/strong>. A sua mastiga\u00e7\u00e3o promove a <strong>sa\u00fade dental <\/strong>dos c\u00e3es ao limpar os dentes, reduzir o t\u00e1rtaro e prevenir a placa. A melhor forma de manter os dentes saud\u00e1veis durante muitos anos. Al\u00e9m disso, com este snack tamb\u00e9m ter\u00e3o uma boca sem mau-h\u00e1lito.<\/p>\n<p>Estes snacks est\u00e3o <strong>feitos 100% com pele de vaca<\/strong>, rica em prote\u00ednas e<strong> baixa em gorduras<\/strong> para que possa oferecer sem peso na consci\u00eancia. Pode oferecer um osso por dia, mas dependendo do c\u00e3o pode durar v\u00e1rios dias, at\u00e9 mesmo semanas, pois no lugar de com\u00ea-lo de uma s\u00f3 vez muitos c\u00e3es brincam em diferentes momentos com ele. Tamb\u00e9m pode escolher os ossos com dois n\u00f3s, os donuts tran\u00e7ados ou os Twisted Sticks.<\/p>\n<p><strong><em>O rolo prensado Criadores cuida dos dentes do seu c\u00e3o enquanto se diverte e desfruta a mastigar.<\/em><\/strong><\/p>\n<p><em>A partir da data em que os receba \u00e9 garantido um prazo de 3 meses antes do vencimento da data de validade, ou de 1 m\u00eas no caso dos produtos l\u00b4cteos e a ra\u00e7\u00e3o ecol\u00f3gica.<\/em><\/p>\n","protected":false},"excerpt":{"rendered":"<p>O rolo prensado Criadores \u00e9 um snack natural que oferece longos momentos de entretenimento aos c\u00e3es. Uma forma estupenda de recompensar o seu animal de estima\u00e7\u00e3o com um &#8230;<\/p>\n","protected":false},"featured_media":1564,"comment_status":"open","ping_status":"closed","template":"","meta":{"_acf_changed":false},"product_brand":[],"product_cat":[92,98,101],"product_tag":[],"class_list":{"0":"post-2443","1":"product","2":"type-product","3":"status-publish","4":"has-post-thumbnail","6":"product_cat-cao","7":"product_cat-original-pt-pt","8":"product_cat-snacks-pt-pt","10":"first","11":"instock","12":"shipping-taxable","13":"product-type-simple"},"acf":[],"_links":{"self":[{"href":"https:\/\/www.criadores.es\/pt-pt\/wp-json\/wp\/v2\/product\/2443","targetHints":{"allow":["GET"]}}],"collection":[{"href":"https:\/\/www.criadores.es\/pt-pt\/wp-json\/wp\/v2\/product"}],"about":[{"href":"https:\/\/www.criadores.es\/pt-pt\/wp-json\/wp\/v2\/types\/product"}],"replies":[{"embeddable":true,"href":"https:\/\/www.criadores.es\/pt-pt\/wp-json\/wp\/v2\/comments?post=2443"}],"wp:featuredmedia":[{"embeddable":true,"href":"https:\/\/www.criadores.es\/pt-pt\/wp-json\/wp\/v2\/media\/1564"}],"wp:attachment":[{"href":"https:\/\/www.criadores.es\/pt-pt\/wp-json\/wp\/v2\/media?parent=2443"}],"wp:term":[{"taxonomy":"product_brand","embeddable":true,"href":"https:\/\/www.criadores.es\/pt-pt\/wp-json\/wp\/v2\/product_brand?post=2443"},{"taxonomy":"product_cat","embeddable":true,"href":"https:\/\/www.criadores.es\/pt-pt\/wp-json\/wp\/v2\/product_cat?post=2443"},{"taxonomy":"product_tag","embeddable":true,"href":"https:\/\/www.criadores.es\/pt-pt\/wp-json\/wp\/v2\/product_tag?post=2443"}],"curies":[{"name":"wp","href":"https:\/\/api.w.org\/{rel}","templated":true}]}}