{"id":2446,"date":"2025-02-13T13:56:45","date_gmt":"2025-02-13T12:56:45","guid":{"rendered":"https:\/\/www.criadores.es\/producto\/criadores-ossinhos-de-frango-para-caes\/"},"modified":"2025-06-12T11:41:38","modified_gmt":"2025-06-12T09:41:38","slug":"criadores-ossinhos-de-frango-para-caes","status":"publish","type":"product","link":"https:\/\/www.criadores.es\/pt-pt\/producto\/criadores-ossinhos-de-frango-para-caes\/","title":{"rendered":"Criadores Ossinhos de Frango para c\u00e3es"},"content":{"rendered":"<h2>Ossinhos de frango para c\u00e3es<\/h2>\n<p>Os c\u00e3es adoram ossos, pois n\u00e3o s\u00f3 s\u00e3o deliciosos, como tamb\u00e9m proporcionam uma vasta gama de <strong>benef\u00edcios para a sua mand\u00edbula, sa\u00fade oral e bem-estar geral<\/strong>. \u00c9 por isso que a Criadores formulou este snack em forma de <strong>ossos de frango para c\u00e3es<\/strong>, que s\u00e3o feitos com <strong>couro cru coberta com frango desidratado<\/strong>, que ret\u00e9m o <strong>m\u00e1ximo de sabor e nutrientes<\/strong> para o seu amigo peludo.<\/p>\n<p>S\u00e3o ideais para oferecer como um petisco entre as principais refei\u00e7\u00f5es ou como uma recompensa no final de uma sess\u00e3o de treino. Cont\u00eam um <strong>elevado n\u00edvel de prote\u00ednas<\/strong> de alta qualidade, enquanto <strong>a percentagem de gordura \u00e9 muito baixa<\/strong>, pelo que n\u00e3o afetam o peso do seu animal de estima\u00e7\u00e3o.<\/p>\n<p>Devido \u00e0 sua <strong>consist\u00eancia estaladi\u00e7a<\/strong>, desempenham uma fun\u00e7\u00e3o de <strong>limpeza mec\u00e2nica dos dentes e gengivas<\/strong> do animal, <strong>removendo o t\u00e1rtaro e a placa bacteriana<\/strong> para evitar o desenvolvimento de doen\u00e7as periodontais. Mesmo assim, s\u00e3o <strong>f\u00e1ceis de mastigar e digerir<\/strong>. Lembre-se que o c\u00e3o deve ter sempre \u00e1gua limpa e fresca \u00e0 sua disposi\u00e7\u00e3o e que estes snacks n\u00e3o substituem a ra\u00e7\u00e3o.<\/p>\n<p><em><strong>O seu c\u00e3o vai ficar louco de entusiasmo sempre que lhe oferecer um destes deliciosos ossos de frango da Criadores.<\/strong><\/em><\/p>\n","protected":false},"excerpt":{"rendered":"<p>Os ossos de frango para c\u00e3es s\u00e3o estaladi\u00e7os e f\u00e1ceis de mastigar, muito ricos em prote\u00ednas e com baixo teor de gordura, beneficiam a sa\u00fade da pele e do pelo, ajudam a limpar os dentes e as gengivas, refor\u00e7am o sistema imunit\u00e1rio e s\u00e3o f\u00e1ceis de digerir.<\/p>\n","protected":false},"featured_media":1918,"comment_status":"open","ping_status":"closed","template":"","meta":{"_acf_changed":false},"product_brand":[],"product_cat":[92,98,101],"product_tag":[],"class_list":{"0":"post-2446","1":"product","2":"type-product","3":"status-publish","4":"has-post-thumbnail","6":"product_cat-cao","7":"product_cat-original-pt-pt","8":"product_cat-snacks-pt-pt","10":"first","11":"instock","12":"shipping-taxable","13":"product-type-simple"},"acf":[],"_links":{"self":[{"href":"https:\/\/www.criadores.es\/pt-pt\/wp-json\/wp\/v2\/product\/2446","targetHints":{"allow":["GET"]}}],"collection":[{"href":"https:\/\/www.criadores.es\/pt-pt\/wp-json\/wp\/v2\/product"}],"about":[{"href":"https:\/\/www.criadores.es\/pt-pt\/wp-json\/wp\/v2\/types\/product"}],"replies":[{"embeddable":true,"href":"https:\/\/www.criadores.es\/pt-pt\/wp-json\/wp\/v2\/comments?post=2446"}],"wp:featuredmedia":[{"embeddable":true,"href":"https:\/\/www.criadores.es\/pt-pt\/wp-json\/wp\/v2\/media\/1918"}],"wp:attachment":[{"href":"https:\/\/www.criadores.es\/pt-pt\/wp-json\/wp\/v2\/media?parent=2446"}],"wp:term":[{"taxonomy":"product_brand","embeddable":true,"href":"https:\/\/www.criadores.es\/pt-pt\/wp-json\/wp\/v2\/product_brand?post=2446"},{"taxonomy":"product_cat","embeddable":true,"href":"https:\/\/www.criadores.es\/pt-pt\/wp-json\/wp\/v2\/product_cat?post=2446"},{"taxonomy":"product_tag","embeddable":true,"href":"https:\/\/www.criadores.es\/pt-pt\/wp-json\/wp\/v2\/product_tag?post=2446"}],"curies":[{"name":"wp","href":"https:\/\/api.w.org\/{rel}","templated":true}]}}