{"id":2447,"date":"2025-02-14T08:21:11","date_gmt":"2025-02-14T07:21:11","guid":{"rendered":"https:\/\/www.criadores.es\/producto\/criadores-donut-queijo-para-caes\/"},"modified":"2025-06-11T13:56:48","modified_gmt":"2025-06-11T11:56:48","slug":"criadores-donut-queijo-para-caes","status":"publish","type":"product","link":"https:\/\/www.criadores.es\/pt-pt\/producto\/criadores-donut-queijo-para-caes\/","title":{"rendered":"Criadores Donut Queijo para c\u00e3es"},"content":{"rendered":"<h2>Snack de pele natural Criadores em forma de donut<\/h2>\n<p>O donut tran\u00e7ado Criadores sabor queijo \u00e9 um <strong>snack natural feito 100% de pele de vaca<\/strong>. Um pr\u00e9mio<strong> nutritivo e saud\u00e1vel <\/strong>que cuida da sa\u00fade dental dos c\u00e3es. \u00c9 uma op\u00e7\u00e3o estupenda para oferecer cada dia e sem nenhum remordimento, pois al\u00e9m de ser rico em prote\u00ednas, \u00e9 baixo em gorduras. Estes deliciosos donuts de pele est\u00e3o dispon\u00edveis em <strong>v\u00e1rios sabores: queijo, bacon, pizza, menta e manteiga de amendoim<\/strong>; o seu c\u00e3o vai adorar!<\/p>\n<p>Os snacks de pele s\u00e3o uma das guloseimas favoritas dos c\u00e3es, al\u00e9m das mais saud\u00e1veis. S\u00e3o naturais, ligeiras e nutritivas e ajudam a manter os <strong>dentes fortes e limpos<\/strong>. A sua mastiga\u00e7\u00e3o fortalece a mand\u00edbula, arrastra a sujidade dos dentes, reduz o t\u00e1rtaro e <strong>previne a forma\u00e7\u00e3o da placa<\/strong>. A sua consist\u00eancia dura e flex\u00edvel faz com que seja uma <strong>guloseima muito duradoura<\/strong> que proporciona longos momentos de entretenimento. Alguns c\u00e3es o devoram em poucas horas, outros demoram dias, at\u00e9 mesmo semanas em termin\u00e1-lo.<\/p>\n<p><strong><em>O seu c\u00e3o desfrutar\u00e1 mais do que nunca com este donut tran\u00e7ado de pele com sabor queijo.<\/em><\/strong><\/p>\n<p><em>A partir da data em que os receba \u00e9 garantido um prazo de 3 meses antes do vencimento da data de validade, ou de 1 m\u00eas no caso dos produtos l\u00b4cteos e a ra\u00e7\u00e3o ecol\u00f3gica.<\/em><\/p>\n","protected":false},"excerpt":{"rendered":"<p>O donut tran\u00e7ado Criadores sabor queijo \u00e9 um snack natural feito 100% de pele de vaca . Um pr\u00e9mio nutritivo e saud\u00e1vel que cuida da sa\u00fade dental dos c\u00e3es&#8230;.<\/p>\n","protected":false},"featured_media":1986,"comment_status":"open","ping_status":"closed","template":"","meta":{"_acf_changed":false},"product_brand":[],"product_cat":[92,98,101],"product_tag":[],"class_list":{"0":"post-2447","1":"product","2":"type-product","3":"status-publish","4":"has-post-thumbnail","6":"product_cat-cao","7":"product_cat-original-pt-pt","8":"product_cat-snacks-pt-pt","10":"first","11":"instock","12":"shipping-taxable","13":"product-type-simple"},"acf":[],"_links":{"self":[{"href":"https:\/\/www.criadores.es\/pt-pt\/wp-json\/wp\/v2\/product\/2447","targetHints":{"allow":["GET"]}}],"collection":[{"href":"https:\/\/www.criadores.es\/pt-pt\/wp-json\/wp\/v2\/product"}],"about":[{"href":"https:\/\/www.criadores.es\/pt-pt\/wp-json\/wp\/v2\/types\/product"}],"replies":[{"embeddable":true,"href":"https:\/\/www.criadores.es\/pt-pt\/wp-json\/wp\/v2\/comments?post=2447"}],"wp:featuredmedia":[{"embeddable":true,"href":"https:\/\/www.criadores.es\/pt-pt\/wp-json\/wp\/v2\/media\/1986"}],"wp:attachment":[{"href":"https:\/\/www.criadores.es\/pt-pt\/wp-json\/wp\/v2\/media?parent=2447"}],"wp:term":[{"taxonomy":"product_brand","embeddable":true,"href":"https:\/\/www.criadores.es\/pt-pt\/wp-json\/wp\/v2\/product_brand?post=2447"},{"taxonomy":"product_cat","embeddable":true,"href":"https:\/\/www.criadores.es\/pt-pt\/wp-json\/wp\/v2\/product_cat?post=2447"},{"taxonomy":"product_tag","embeddable":true,"href":"https:\/\/www.criadores.es\/pt-pt\/wp-json\/wp\/v2\/product_tag?post=2447"}],"curies":[{"name":"wp","href":"https:\/\/api.w.org\/{rel}","templated":true}]}}