{"id":2449,"date":"2025-02-13T13:24:59","date_gmt":"2025-02-13T12:24:59","guid":{"rendered":"https:\/\/www.criadores.es\/producto\/criadores-snacks-de-pato-para-caes\/"},"modified":"2025-06-12T11:59:14","modified_gmt":"2025-06-12T09:59:14","slug":"criadores-snacks-de-pato-para-caes","status":"publish","type":"product","link":"https:\/\/www.criadores.es\/pt-pt\/producto\/criadores-snacks-de-pato-para-caes\/","title":{"rendered":"Criadores Snacks de Pato para c\u00e3es"},"content":{"rendered":"<h2>Snacks de pato para c\u00e3es<\/h2>\n<p>No mercado dos complementos alimentares e nutricionais para animais de companhia, existe uma grande variedade de guloseimas que podem cumprir diversas fun\u00e7\u00f5es, seja para entreter o animal, para estimular determinados comportamentos ou para conseguir outros benef\u00edcios para a sua sa\u00fade de uma forma agrad\u00e1vel e simples.<\/p>\n<p>Na Criadores s\u00e3o especialistas em oferecer solu\u00e7\u00f5es para ajudar o bem-estar do seu amigo peludo e \u00e9 por isso que apresentam estas <strong>guloseimas de pato para c\u00e3es<\/strong> de todas as idades, feitas com <strong>prote\u00ednas de alta qualidade e com baixo teor de gordura<\/strong>. S\u00e3o ideais <strong>para oferecer como recompensa durante as sess\u00f5es de treino<\/strong> ou como um simples petisco entre as principais refei\u00e7\u00f5es.<\/p>\n<p><strong>N\u00e3o cont\u00eam corantes artificiais<\/strong>, <strong>reduzindo o risco de alergias<\/strong>. Cont\u00eam igualmente vitaminas e minerais que <strong>melhoram a sa\u00fade da pele e do pelo<\/strong> do seu c\u00e3o, bem como <strong>refor\u00e7am o seu sistema imunit\u00e1rio<\/strong>. A sua <strong>consist\u00eancia suave<\/strong> torna-os <strong>f\u00e1ceis de mastigar e digerir<\/strong>.<\/p>\n<p>Lembre-se que estes snacks n\u00e3o substituem a ra\u00e7\u00e3o e que o seu c\u00e3o deve ter sempre \u00e1gua limpa e fresca \u00e0 sua disposi\u00e7\u00e3o.<\/p>\n<p><em><strong>Estes snacks de pato s\u00e3o uma guloseima deliciosa e saud\u00e1vel para oferecer ao seu c\u00e3o em qualquer altura.<\/strong><\/em><\/p>\n","protected":false},"excerpt":{"rendered":"<p>Snacks f\u00e1ceis de mastigar, semi-h\u00famidos, ricos em prote\u00ednas e com baixo teor de gordura, os snacks de pato para c\u00e3es promovem a sa\u00fade da pele e do pelo, refor\u00e7am o sistema imunit\u00e1rio e s\u00e3o f\u00e1ceis de digerir.<\/p>\n","protected":false},"featured_media":1906,"comment_status":"open","ping_status":"closed","template":"","meta":{"_acf_changed":false},"product_brand":[],"product_cat":[92],"product_tag":[],"class_list":{"0":"post-2449","1":"product","2":"type-product","3":"status-publish","4":"has-post-thumbnail","6":"product_cat-cao","8":"first","9":"instock","10":"shipping-taxable","11":"product-type-simple"},"acf":[],"_links":{"self":[{"href":"https:\/\/www.criadores.es\/pt-pt\/wp-json\/wp\/v2\/product\/2449","targetHints":{"allow":["GET"]}}],"collection":[{"href":"https:\/\/www.criadores.es\/pt-pt\/wp-json\/wp\/v2\/product"}],"about":[{"href":"https:\/\/www.criadores.es\/pt-pt\/wp-json\/wp\/v2\/types\/product"}],"replies":[{"embeddable":true,"href":"https:\/\/www.criadores.es\/pt-pt\/wp-json\/wp\/v2\/comments?post=2449"}],"wp:featuredmedia":[{"embeddable":true,"href":"https:\/\/www.criadores.es\/pt-pt\/wp-json\/wp\/v2\/media\/1906"}],"wp:attachment":[{"href":"https:\/\/www.criadores.es\/pt-pt\/wp-json\/wp\/v2\/media?parent=2449"}],"wp:term":[{"taxonomy":"product_brand","embeddable":true,"href":"https:\/\/www.criadores.es\/pt-pt\/wp-json\/wp\/v2\/product_brand?post=2449"},{"taxonomy":"product_cat","embeddable":true,"href":"https:\/\/www.criadores.es\/pt-pt\/wp-json\/wp\/v2\/product_cat?post=2449"},{"taxonomy":"product_tag","embeddable":true,"href":"https:\/\/www.criadores.es\/pt-pt\/wp-json\/wp\/v2\/product_tag?post=2449"}],"curies":[{"name":"wp","href":"https:\/\/api.w.org\/{rel}","templated":true}]}}