{"id":2452,"date":"2025-02-13T12:58:31","date_gmt":"2025-02-13T11:58:31","guid":{"rendered":"https:\/\/www.criadores.es\/producto\/criadores-snacks-de-frango-para-caes\/"},"modified":"2025-06-11T15:29:18","modified_gmt":"2025-06-11T13:29:18","slug":"criadores-snacks-de-frango-para-caes","status":"publish","type":"product","link":"https:\/\/www.criadores.es\/pt-pt\/producto\/criadores-snacks-de-frango-para-caes\/","title":{"rendered":"Criadores Snacks de Frango para c\u00e3es"},"content":{"rendered":"<h2>Snacks de frango para c\u00e3es<\/h2>\n<p>Os c\u00e3es adoram comer frango, carne e peixe, uma vez que a sua natureza \u00e9 essencialmente carn\u00edvora. No entanto, tamb\u00e9m podem comer outros alimentos como frutas e legumes para complementar a sua dieta, bem como snacks feitos com prote\u00ednas animais ou vegetais.<\/p>\n<p>Na Criadores sabem-no e por isso apresentam este delicioso snack composto por <strong>peda\u00e7os de frango para c\u00e3es de todas as idades<\/strong>, elaborado com <strong>prote\u00ednas de alta qualidade e com baixo teor de gordura<\/strong>, ideal para recompensar o seu amigo peludo nas sess\u00f5es de treino ou para oferecer como um simples mimo entre as principais refei\u00e7\u00f5es.<\/p>\n<p>\u00c9 uma guloseima <strong>sem corantes artificiais<\/strong>, que tamb\u00e9m inclui <strong>vitaminas e minerais<\/strong> para <strong>promover a sa\u00fade da pele e do pelo<\/strong> do seu c\u00e3o, bem como <strong>refor\u00e7ar o seu sistema imunit\u00e1rio<\/strong>. Gra\u00e7as \u00e0 sua <strong>consist\u00eancia suave<\/strong>, \u00e9 muito <strong>f\u00e1cil de mastigar e digerir<\/strong>, ideal para as mand\u00edbulas de animais jovens e idosos.<\/p>\n<p>Lembre-se que estes snacks n\u00e3o substituem a ra\u00e7\u00e3o e que deve ter sempre dispon\u00edvel \u00e1gua limpa e fresca para o seu c\u00e3o.<\/p>\n<p><em><strong>Com este delicioso snack, o seu animal de estima\u00e7\u00e3o seguir\u00e1 as suas instru\u00e7\u00f5es e ficar\u00e1 feliz e entretido.<\/strong><\/em><\/p>\n","protected":false},"excerpt":{"rendered":"<p>Os snacks de frango para c\u00e3es, com uma textura semi-h\u00famida e f\u00e1cil de mastigar, s\u00e3o ricos em prote\u00ednas e possuem baixo teor de gordura, beneficiam a sa\u00fade da pele e do pelo, refor\u00e7am o sistema imunit\u00e1rio e s\u00e3o f\u00e1ceis de digerir.<\/p>\n","protected":false},"featured_media":1897,"comment_status":"open","ping_status":"closed","template":"","meta":{"_acf_changed":false},"product_brand":[],"product_cat":[92,98,101],"product_tag":[],"class_list":{"0":"post-2452","1":"product","2":"type-product","3":"status-publish","4":"has-post-thumbnail","6":"product_cat-cao","7":"product_cat-original-pt-pt","8":"product_cat-snacks-pt-pt","10":"first","11":"instock","12":"shipping-taxable","13":"product-type-simple"},"acf":[],"_links":{"self":[{"href":"https:\/\/www.criadores.es\/pt-pt\/wp-json\/wp\/v2\/product\/2452","targetHints":{"allow":["GET"]}}],"collection":[{"href":"https:\/\/www.criadores.es\/pt-pt\/wp-json\/wp\/v2\/product"}],"about":[{"href":"https:\/\/www.criadores.es\/pt-pt\/wp-json\/wp\/v2\/types\/product"}],"replies":[{"embeddable":true,"href":"https:\/\/www.criadores.es\/pt-pt\/wp-json\/wp\/v2\/comments?post=2452"}],"wp:featuredmedia":[{"embeddable":true,"href":"https:\/\/www.criadores.es\/pt-pt\/wp-json\/wp\/v2\/media\/1897"}],"wp:attachment":[{"href":"https:\/\/www.criadores.es\/pt-pt\/wp-json\/wp\/v2\/media?parent=2452"}],"wp:term":[{"taxonomy":"product_brand","embeddable":true,"href":"https:\/\/www.criadores.es\/pt-pt\/wp-json\/wp\/v2\/product_brand?post=2452"},{"taxonomy":"product_cat","embeddable":true,"href":"https:\/\/www.criadores.es\/pt-pt\/wp-json\/wp\/v2\/product_cat?post=2452"},{"taxonomy":"product_tag","embeddable":true,"href":"https:\/\/www.criadores.es\/pt-pt\/wp-json\/wp\/v2\/product_tag?post=2452"}],"curies":[{"name":"wp","href":"https:\/\/api.w.org\/{rel}","templated":true}]}}