{"id":2454,"date":"2025-02-14T09:11:52","date_gmt":"2025-02-14T08:11:52","guid":{"rendered":"https:\/\/www.criadores.es\/producto\/criadores-osso-trancado-queijo-para-caes\/"},"modified":"2025-06-11T17:58:13","modified_gmt":"2025-06-11T15:58:13","slug":"criadores-osso-trancado-queijo-para-caes","status":"publish","type":"product","link":"https:\/\/www.criadores.es\/pt-pt\/producto\/criadores-osso-trancado-queijo-para-caes\/","title":{"rendered":"Criadores Osso Tran\u00e7ado Queijo para c\u00e3es"},"content":{"rendered":"<h2>Snack natural para c\u00e3es Criadores sabor queijo<\/h2>\n<p>Os Sticks tran\u00e7ados Criadores s\u00e3o um delicioso snack para os c\u00e3es. Est\u00e3o feitos com <strong>pele de vaca 100% <\/strong>para proporcionar longos momentos de entretenimento ao mesmo tempo em que favorecem o <strong>cuidado dos dentes<\/strong>. Al\u00e9m disso, esta linha de ossos se caracteriza pelos seus irresist\u00edveis sabores: <strong>ossos com sabor a queijo, bacon, pizza, menta ou manteiga de amendoim<\/strong>. O seu c\u00e3o desfrutar\u00e1 como nunca!<\/p>\n<p>Os snacks de pele est\u00e3o especialmente preparados para satisfazer os instinto de morder dos c\u00e3es. A sua <strong>consist\u00eancia dura e mastig\u00e1vel<\/strong> ajuda a fortalecer a mand\u00edbula ao mesmo tempo em que limpa a sujidade dos dentes, elimina o t\u00e1rtaro e <strong>previne a forma\u00e7\u00e3o da placa<\/strong>. A sua longa dura\u00e7\u00e3o faz com que os c\u00e3es adorem; dependendo de cada c\u00e3o pode durar umas horas, o dia inteiro ou at\u00e9 mesmo semanas. Alguns n\u00e3o o soltam at\u00e9 que acabar e outros apenas d\u00e3o umas mordidelas em momentos de tens\u00e3o ou t\u00e9dio.<\/p>\n<p>Os Sticks tran\u00e7ados aportam uma grande quantidade de prote\u00ednas e s\u00e3o <strong>baixos em gordura<\/strong>, por tanto s\u00e3o muito saud\u00e1veis. Al\u00e9m do mais, como ajudam a limpar a boca, reduzem o mau-h\u00e1lito.<\/p>\n<p>Escolha os cl\u00e1ssicos ossos com n\u00f3s, os rolos prensados, os donuts tran\u00e7ados ou os Twisted Sticks.<\/p>\n<p><strong><em>Com o Stick tran\u00e7ado Criadores sabor queijo o seu c\u00e3o desfrutar\u00e1 de um grande sabor e limpar\u00e1 os seus dentes.<\/em><\/strong><\/p>\n<p><em>A partir da data em que os receba \u00e9 garantido um prazo de 3 meses antes do vencimento da data de validade, ou de 1 m\u00eas no caso dos produtos l\u00b4cteos e a ra\u00e7\u00e3o ecol\u00f3gica.<\/em><\/p>\n","protected":false},"excerpt":{"rendered":"<p>Os Sticks tran\u00e7ados Criadores s\u00e3o um delicioso snack para os c\u00e3es. Est\u00e3o feitos com pele de vaca 100% para proporcionar longos momentos de entretenimento ao mesmo tempo em &#8230;<\/p>\n","protected":false},"featured_media":2005,"comment_status":"open","ping_status":"closed","template":"","meta":{"_acf_changed":false},"product_brand":[],"product_cat":[92,98,101],"product_tag":[],"class_list":{"0":"post-2454","1":"product","2":"type-product","3":"status-publish","4":"has-post-thumbnail","6":"product_cat-cao","7":"product_cat-original-pt-pt","8":"product_cat-snacks-pt-pt","10":"first","11":"instock","12":"shipping-taxable","13":"product-type-simple"},"acf":[],"_links":{"self":[{"href":"https:\/\/www.criadores.es\/pt-pt\/wp-json\/wp\/v2\/product\/2454","targetHints":{"allow":["GET"]}}],"collection":[{"href":"https:\/\/www.criadores.es\/pt-pt\/wp-json\/wp\/v2\/product"}],"about":[{"href":"https:\/\/www.criadores.es\/pt-pt\/wp-json\/wp\/v2\/types\/product"}],"replies":[{"embeddable":true,"href":"https:\/\/www.criadores.es\/pt-pt\/wp-json\/wp\/v2\/comments?post=2454"}],"wp:featuredmedia":[{"embeddable":true,"href":"https:\/\/www.criadores.es\/pt-pt\/wp-json\/wp\/v2\/media\/2005"}],"wp:attachment":[{"href":"https:\/\/www.criadores.es\/pt-pt\/wp-json\/wp\/v2\/media?parent=2454"}],"wp:term":[{"taxonomy":"product_brand","embeddable":true,"href":"https:\/\/www.criadores.es\/pt-pt\/wp-json\/wp\/v2\/product_brand?post=2454"},{"taxonomy":"product_cat","embeddable":true,"href":"https:\/\/www.criadores.es\/pt-pt\/wp-json\/wp\/v2\/product_cat?post=2454"},{"taxonomy":"product_tag","embeddable":true,"href":"https:\/\/www.criadores.es\/pt-pt\/wp-json\/wp\/v2\/product_tag?post=2454"}],"curies":[{"name":"wp","href":"https:\/\/api.w.org\/{rel}","templated":true}]}}