{"id":2459,"date":"2025-02-13T15:09:58","date_gmt":"2025-02-13T14:09:58","guid":{"rendered":"https:\/\/www.criadores.es\/producto\/criadores-sticks-de-frango-e-cenoura-para-caes\/"},"modified":"2025-06-11T15:10:39","modified_gmt":"2025-06-11T13:10:39","slug":"criadores-sticks-de-frango-e-cenoura-para-caes","status":"publish","type":"product","link":"https:\/\/www.criadores.es\/pt-pt\/producto\/criadores-sticks-de-frango-e-cenoura-para-caes\/","title":{"rendered":"Criadores Sticks de Frango e Cenoura para c\u00e3es"},"content":{"rendered":"<h2>Sticks de frango e cenoura para c\u00e3es<\/h2>\n<p>Se quiser dar ao seu animal de estima\u00e7\u00e3o um petisco diferente, delicioso e nutritivo, estes <strong>palitos de frango e cenoura para c\u00e3es<\/strong> s\u00e3o uma excelente alternativa. Foram desenvolvidos pela equipa da Criadores com <strong>ingredientes naturais, sem corantes artificiais<\/strong>, para oferecer ao seu amigo peludo um alimento complementar de qualidade.<\/p>\n<p>S\u00e3o uma fonte <strong>rica em prote\u00ednas, vitaminas e minerais, com um baixo teor de gordura<\/strong>, pelo que ajudam o animal a manter-se entretido e a cuidar do seu peso corporal. Tamb\u00e9m <strong>beneficiam a sa\u00fade da pele e do pelo<\/strong>, al\u00e9m de promoverem uma <strong>boa vis\u00e3o<\/strong> e um <strong>sistema imunit\u00e1rio mais forte<\/strong>.<\/p>\n<p>S\u00e3o <strong>crocantes<\/strong> e permitem ao c\u00e3o uma <strong>limpeza mec\u00e2nica dos dentes e das gengivas<\/strong> que previne a forma\u00e7\u00e3o de t\u00e1rtaro e de placa bacteriana. S\u00e3o <strong>f\u00e1ceis de mastigar e digerir<\/strong> e podem ser oferecidos ao seu amigo peludo como um petisco entre as principais refei\u00e7\u00f5es ou como uma recompensa durante o treino. Lembre-se de que <strong>n\u00e3o substituem a ra\u00e7\u00e3o<\/strong> e que deve ter sempre \u00e1gua limpa e fresca \u00e0 disposi\u00e7\u00e3o do seu c\u00e3o.<\/p>\n<p><strong><em>Ofere\u00e7a ao seu c\u00e3o estes deliciosos snacks da Criadores para o manter feliz e entretido durante mais tempo.<\/em><\/strong><\/p>\n","protected":false},"excerpt":{"rendered":"<p>Os sticks de frango e cenoura crocantes e ricos em prote\u00ednas para c\u00e3es t\u00eam baixo teor de gordura e ajudam a limpar os dentes e as gengivas, beneficiam a sa\u00fade dos olhos, da pele e do pelo e s\u00e3o f\u00e1ceis de digerir.<\/p>\n","protected":false},"featured_media":1922,"comment_status":"open","ping_status":"closed","template":"","meta":{"_acf_changed":false},"product_brand":[],"product_cat":[92,98,101],"product_tag":[],"class_list":{"0":"post-2459","1":"product","2":"type-product","3":"status-publish","4":"has-post-thumbnail","6":"product_cat-cao","7":"product_cat-original-pt-pt","8":"product_cat-snacks-pt-pt","10":"first","11":"instock","12":"shipping-taxable","13":"product-type-simple"},"acf":[],"_links":{"self":[{"href":"https:\/\/www.criadores.es\/pt-pt\/wp-json\/wp\/v2\/product\/2459","targetHints":{"allow":["GET"]}}],"collection":[{"href":"https:\/\/www.criadores.es\/pt-pt\/wp-json\/wp\/v2\/product"}],"about":[{"href":"https:\/\/www.criadores.es\/pt-pt\/wp-json\/wp\/v2\/types\/product"}],"replies":[{"embeddable":true,"href":"https:\/\/www.criadores.es\/pt-pt\/wp-json\/wp\/v2\/comments?post=2459"}],"wp:featuredmedia":[{"embeddable":true,"href":"https:\/\/www.criadores.es\/pt-pt\/wp-json\/wp\/v2\/media\/1922"}],"wp:attachment":[{"href":"https:\/\/www.criadores.es\/pt-pt\/wp-json\/wp\/v2\/media?parent=2459"}],"wp:term":[{"taxonomy":"product_brand","embeddable":true,"href":"https:\/\/www.criadores.es\/pt-pt\/wp-json\/wp\/v2\/product_brand?post=2459"},{"taxonomy":"product_cat","embeddable":true,"href":"https:\/\/www.criadores.es\/pt-pt\/wp-json\/wp\/v2\/product_cat?post=2459"},{"taxonomy":"product_tag","embeddable":true,"href":"https:\/\/www.criadores.es\/pt-pt\/wp-json\/wp\/v2\/product_tag?post=2459"}],"curies":[{"name":"wp","href":"https:\/\/api.w.org\/{rel}","templated":true}]}}