{"id":2463,"date":"2025-02-13T13:04:00","date_gmt":"2025-02-13T12:04:00","guid":{"rendered":"https:\/\/www.criadores.es\/producto\/criadores-ossos-com-frango-enrolado-para-caes\/"},"modified":"2025-06-11T15:17:59","modified_gmt":"2025-06-11T13:17:59","slug":"criadores-ossos-com-frango-enrolado-para-caes","status":"publish","type":"product","link":"https:\/\/www.criadores.es\/pt-pt\/producto\/criadores-ossos-com-frango-enrolado-para-caes\/","title":{"rendered":"Criadores Ossos com Frango enrolado para c\u00e3es"},"content":{"rendered":"<h2>Palitos enrolados de frango para c\u00e3es<\/h2>\n<p>Se quiser oferecer ao seu animal de estima\u00e7\u00e3o uma guloseima diferente e deliciosa, que o manter\u00e1 entretido e, ao mesmo tempo, lhe permitir\u00e1 cuidar da sua sa\u00fade, estes <strong>palitos de frango enrolados para c\u00e3es<\/strong> s\u00e3o uma \u00f3tima op\u00e7\u00e3o. S\u00e3o preparados com ingredientes de alta qualidade, que oferecem ao animal um <strong>sabor irresist\u00edvel e uma consist\u00eancia estaladi\u00e7a<\/strong> e muito atrativa.<\/p>\n<p>S\u00e3o feitos de <strong>couro cru envolto em tiras de frango desidratado<\/strong>, ideais <strong>para uma longa mastiga\u00e7\u00e3o e limpeza natural dos dentes e gengivas<\/strong>, o que tamb\u00e9m ajuda a prevenir a forma\u00e7\u00e3o de placa dent\u00e1ria e t\u00e1rtaro. Gra\u00e7as ao seu <strong>teor de prote\u00ednas e baixo teor de gordura<\/strong>, oferecem <strong>benef\u00edcios para a pele e o pelo<\/strong>, al\u00e9m de ajudarem a <strong>refor\u00e7ar o sistema imunit\u00e1rio<\/strong>, sem sobrecarregar o animal.<\/p>\n<p>S\u00e3o <strong>f\u00e1ceis de mastigar e digerir<\/strong> e n\u00e3o cont\u00eam corantes artificiais. Pode oferec\u00ea-las ao seu c\u00e3o como um petisco entre as refei\u00e7\u00f5es principais ou como recompensa durante o treino. Lembre-se de que <strong>n\u00e3o s\u00e3o um substituto da ra\u00e7\u00e3o<\/strong> e que o c\u00e3o deve ter sempre \u00e0 sua disposi\u00e7\u00e3o \u00e1gua limpa e fresca.<\/p>\n<p><strong><em>Estes palitos enrolados ser\u00e3o um petisco divertido, delicioso e saud\u00e1vel para o seu c\u00e3o a qualquer hora do dia.<\/em><\/strong><\/p>\n","protected":false},"excerpt":{"rendered":"<p>Os sticks enrolados de frango para c\u00e3es, s\u00e3o estaladi\u00e7os e ajudam a limpar os dentes e as gengivas, ricos em prote\u00ednas e com baixo teor de gordura, ideais para oferecer como recompensa ou mimo entre as refei\u00e7\u00f5es principais e de f\u00e1cil digest\u00e3o.<\/p>\n","protected":false},"featured_media":1899,"comment_status":"open","ping_status":"closed","template":"","meta":{"_acf_changed":false},"product_brand":[],"product_cat":[92,98,101],"product_tag":[],"class_list":{"0":"post-2463","1":"product","2":"type-product","3":"status-publish","4":"has-post-thumbnail","6":"product_cat-cao","7":"product_cat-original-pt-pt","8":"product_cat-snacks-pt-pt","10":"first","11":"instock","12":"shipping-taxable","13":"product-type-simple"},"acf":[],"_links":{"self":[{"href":"https:\/\/www.criadores.es\/pt-pt\/wp-json\/wp\/v2\/product\/2463","targetHints":{"allow":["GET"]}}],"collection":[{"href":"https:\/\/www.criadores.es\/pt-pt\/wp-json\/wp\/v2\/product"}],"about":[{"href":"https:\/\/www.criadores.es\/pt-pt\/wp-json\/wp\/v2\/types\/product"}],"replies":[{"embeddable":true,"href":"https:\/\/www.criadores.es\/pt-pt\/wp-json\/wp\/v2\/comments?post=2463"}],"wp:featuredmedia":[{"embeddable":true,"href":"https:\/\/www.criadores.es\/pt-pt\/wp-json\/wp\/v2\/media\/1899"}],"wp:attachment":[{"href":"https:\/\/www.criadores.es\/pt-pt\/wp-json\/wp\/v2\/media?parent=2463"}],"wp:term":[{"taxonomy":"product_brand","embeddable":true,"href":"https:\/\/www.criadores.es\/pt-pt\/wp-json\/wp\/v2\/product_brand?post=2463"},{"taxonomy":"product_cat","embeddable":true,"href":"https:\/\/www.criadores.es\/pt-pt\/wp-json\/wp\/v2\/product_cat?post=2463"},{"taxonomy":"product_tag","embeddable":true,"href":"https:\/\/www.criadores.es\/pt-pt\/wp-json\/wp\/v2\/product_tag?post=2463"}],"curies":[{"name":"wp","href":"https:\/\/api.w.org\/{rel}","templated":true}]}}