{"id":2465,"date":"2025-02-13T15:02:05","date_gmt":"2025-02-13T14:02:05","guid":{"rendered":"https:\/\/www.criadores.es\/producto\/criadores-snacks-de-salmao-para-caes\/"},"modified":"2025-06-12T11:31:20","modified_gmt":"2025-06-12T09:31:20","slug":"criadores-snacks-de-salmao-para-caes","status":"publish","type":"product","link":"https:\/\/www.criadores.es\/pt-pt\/producto\/criadores-snacks-de-salmao-para-caes\/","title":{"rendered":"Criadores Snacks de Salm\u00e3o para c\u00e3es"},"content":{"rendered":"<h2>Snacks de salm\u00e3o para c\u00e3es<\/h2>\n<p>Os c\u00e3es s\u00e3o animais carn\u00edvoros por natureza e, embora possam complementar a sua dieta com outros alimentos, como frutas ou legumes, a verdade \u00e9 que o principal protagonista da sua ingest\u00e3o de nutrientes vem da carne, seja de gado, aves ou peixe.<\/p>\n<p>Neste sentido, os <strong>snacks de salm\u00e3o para c\u00e3es<\/strong> elaborados pela equipa da Criadores s\u00e3o um <strong>snack suave<\/strong> que, sem d\u00favida, far\u00e1 com que o seu amigo peludo fique com \u00e1gua na boca desde a primeira dentada. Elaborados com <strong>salm\u00e3o e pele de peixe<\/strong>, s\u00e3o uma fonte de <strong>prote\u00ednas de alta qualidade, minerais e vitamina E<\/strong> para melhorar a sa\u00fade da p<strong>ele do seu animal de estima\u00e7\u00e3o, tornando-a mais macia e nutrida<\/strong>, enquanto <strong>o pelo fica mais forte e brilhante<\/strong>.<\/p>\n<p>Gra\u00e7as ao seu <strong>baixo teor de gordura, sem corantes artificiais<\/strong>, s\u00e3o muito <strong>f\u00e1ceis de digerir<\/strong> e tamb\u00e9m reduzem o risco de alergias ou intoler\u00e2ncias digestivas, uma vez que <strong>cont\u00eam apenas um tipo de prote\u00edna. Refor\u00e7am o sistema imunit\u00e1rio e melhoram a sa\u00fade dos olhos e do cora\u00e7\u00e3o<\/strong>, uma vez que tamb\u00e9m cont\u00eam antioxidantes e \u00e1cidos gordos essenciais.<\/p>\n<p>Pode oferec\u00ea-las ao seu c\u00e3o como um petisco entre as refei\u00e7\u00f5es principais ou como recompensa durante o treino. Lembre-se de que <strong>n\u00e3o substituem a ra\u00e7\u00e3o<\/strong> e que o seu c\u00e3o deve ter sempre \u00e0 disposi\u00e7\u00e3o \u00e1gua limpa e fresca.<\/p>\n<p><strong><em>Os snacks macios de salm\u00e3o para c\u00e3es s\u00e3o um petisco delicioso e nutritivo que pode oferecer como recompensa ao seu amigo peludo.<\/em><\/strong><\/p>\n","protected":false},"excerpt":{"rendered":"<p>Os peda\u00e7os de salm\u00e3o para c\u00e3es, com uma consist\u00eancia suave e muito f\u00e1cil de mastigar e digerir, cont\u00eam prote\u00ednas naturais, vitaminas e minerais e possuem baixo teor de gordura.<\/p>\n","protected":false},"featured_media":1920,"comment_status":"open","ping_status":"closed","template":"","meta":{"_acf_changed":false},"product_brand":[],"product_cat":[92,98,101],"product_tag":[],"class_list":{"0":"post-2465","1":"product","2":"type-product","3":"status-publish","4":"has-post-thumbnail","6":"product_cat-cao","7":"product_cat-original-pt-pt","8":"product_cat-snacks-pt-pt","10":"first","11":"instock","12":"shipping-taxable","13":"product-type-simple"},"acf":[],"_links":{"self":[{"href":"https:\/\/www.criadores.es\/pt-pt\/wp-json\/wp\/v2\/product\/2465","targetHints":{"allow":["GET"]}}],"collection":[{"href":"https:\/\/www.criadores.es\/pt-pt\/wp-json\/wp\/v2\/product"}],"about":[{"href":"https:\/\/www.criadores.es\/pt-pt\/wp-json\/wp\/v2\/types\/product"}],"replies":[{"embeddable":true,"href":"https:\/\/www.criadores.es\/pt-pt\/wp-json\/wp\/v2\/comments?post=2465"}],"wp:featuredmedia":[{"embeddable":true,"href":"https:\/\/www.criadores.es\/pt-pt\/wp-json\/wp\/v2\/media\/1920"}],"wp:attachment":[{"href":"https:\/\/www.criadores.es\/pt-pt\/wp-json\/wp\/v2\/media?parent=2465"}],"wp:term":[{"taxonomy":"product_brand","embeddable":true,"href":"https:\/\/www.criadores.es\/pt-pt\/wp-json\/wp\/v2\/product_brand?post=2465"},{"taxonomy":"product_cat","embeddable":true,"href":"https:\/\/www.criadores.es\/pt-pt\/wp-json\/wp\/v2\/product_cat?post=2465"},{"taxonomy":"product_tag","embeddable":true,"href":"https:\/\/www.criadores.es\/pt-pt\/wp-json\/wp\/v2\/product_tag?post=2465"}],"curies":[{"name":"wp","href":"https:\/\/api.w.org\/{rel}","templated":true}]}}