{"id":2468,"date":"2025-02-13T15:13:40","date_gmt":"2025-02-13T14:13:40","guid":{"rendered":"https:\/\/www.criadores.es\/producto\/criadores-osso-de-frango-para-caes\/"},"modified":"2025-06-11T15:10:33","modified_gmt":"2025-06-11T13:10:33","slug":"criadores-osso-de-frango-para-caes","status":"publish","type":"product","link":"https:\/\/www.criadores.es\/pt-pt\/producto\/criadores-osso-de-frango-para-caes\/","title":{"rendered":"Criadores Osso de Frango para c\u00e3es"},"content":{"rendered":"<h2>Osso de couro cru e frango para c\u00e3es<\/h2>\n<p>Toda a gente sabe que os c\u00e3es adoram ossos, porque lhes permitem saciar os seus instintos carn\u00edvoros, fornecer-lhes prote\u00ednas, vitaminas, minerais e nutrientes necess\u00e1rios para uma boa sa\u00fade. Na Criadores sabem-no e por isso apresentam este <strong>osso de couro cru e frango para c\u00e3es de todas as idades<\/strong>, preparado com <strong>ingredientes naturais<\/strong> da mais alta qualidade, com um <strong>sabor e textura irresist\u00edveis<\/strong>.<\/p>\n<p>\u00c9 um snack que tamb\u00e9m <strong>cumpre a fun\u00e7\u00e3o de mordedor<\/strong>, pois \u00e9 <strong>duradouro<\/strong> e mant\u00e9m o c\u00e3o entretido. Ao mesmo tempo, exerce uma a\u00e7\u00e3o mec\u00e2nica de <strong>limpeza sobre os dentes e gengivas do animal<\/strong>, o que evita a forma\u00e7\u00e3o de t\u00e1rtaro e placa bacteriana.<\/p>\n<p>\u00c9 uma \u00f3tima <strong>fonte de prote\u00ednas<\/strong> e tem um <strong>baixo teor de gordura<\/strong>, pelo que ajuda o animal a manter um peso saud\u00e1vel, \u00e9 tamb\u00e9m <strong>f\u00e1cil de digerir<\/strong> e n\u00e3o cont\u00e9m corantes artificiais adicionados.<\/p>\n<p>Pode <strong>oferecer ao seu c\u00e3o como um brinquedo saboroso ou como uma guloseima<\/strong> entre as refei\u00e7\u00f5es principais. Lembre-se que n\u00e3o \u00e9 um substituto da ra\u00e7\u00e3o e que o c\u00e3o deve ter sempre \u00e1gua limpa e fresca \u00e0 sua disposi\u00e7\u00e3o.<\/p>\n<p><em><strong>Este delicioso osso de couro cru e frango vai manter o seu c\u00e3o entretido e a desfrutar de um \u00f3timo sabor.<\/strong><\/em><\/p>\n","protected":false},"excerpt":{"rendered":"<p>Osso de frango para c\u00e3es, feito de couro cru e envolto em frango desidratado, \u00e9 rico em prote\u00ednas e pobre em gordura, ajuda a limpar os dentes e as gengivas, dur\u00e1vel e f\u00e1cil de digerir.<\/p>\n","protected":false},"featured_media":1924,"comment_status":"open","ping_status":"closed","template":"","meta":{"_acf_changed":false},"product_brand":[],"product_cat":[92,98,101],"product_tag":[],"class_list":{"0":"post-2468","1":"product","2":"type-product","3":"status-publish","4":"has-post-thumbnail","6":"product_cat-cao","7":"product_cat-original-pt-pt","8":"product_cat-snacks-pt-pt","10":"first","11":"instock","12":"shipping-taxable","13":"product-type-simple"},"acf":[],"_links":{"self":[{"href":"https:\/\/www.criadores.es\/pt-pt\/wp-json\/wp\/v2\/product\/2468","targetHints":{"allow":["GET"]}}],"collection":[{"href":"https:\/\/www.criadores.es\/pt-pt\/wp-json\/wp\/v2\/product"}],"about":[{"href":"https:\/\/www.criadores.es\/pt-pt\/wp-json\/wp\/v2\/types\/product"}],"replies":[{"embeddable":true,"href":"https:\/\/www.criadores.es\/pt-pt\/wp-json\/wp\/v2\/comments?post=2468"}],"wp:featuredmedia":[{"embeddable":true,"href":"https:\/\/www.criadores.es\/pt-pt\/wp-json\/wp\/v2\/media\/1924"}],"wp:attachment":[{"href":"https:\/\/www.criadores.es\/pt-pt\/wp-json\/wp\/v2\/media?parent=2468"}],"wp:term":[{"taxonomy":"product_brand","embeddable":true,"href":"https:\/\/www.criadores.es\/pt-pt\/wp-json\/wp\/v2\/product_brand?post=2468"},{"taxonomy":"product_cat","embeddable":true,"href":"https:\/\/www.criadores.es\/pt-pt\/wp-json\/wp\/v2\/product_cat?post=2468"},{"taxonomy":"product_tag","embeddable":true,"href":"https:\/\/www.criadores.es\/pt-pt\/wp-json\/wp\/v2\/product_tag?post=2468"}],"curies":[{"name":"wp","href":"https:\/\/api.w.org\/{rel}","templated":true}]}}