{"id":2469,"date":"2025-02-12T11:55:42","date_gmt":"2025-02-12T10:55:42","guid":{"rendered":"https:\/\/www.criadores.es\/producto\/criadores-twisted-stick-guloseima-para-caes-manteiga-de-amendoim\/"},"modified":"2025-06-11T16:42:34","modified_gmt":"2025-06-11T14:42:34","slug":"criadores-twisted-stick-guloseima-para-caes-manteiga-de-amendoim","status":"publish","type":"product","link":"https:\/\/www.criadores.es\/pt-pt\/producto\/criadores-twisted-stick-guloseima-para-caes-manteiga-de-amendoim\/","title":{"rendered":"Criadores Twisted Stick guloseima para c\u00e3es manteiga de amendoim"},"content":{"rendered":"<h2>Rolinhos de pele com sabor a manteiga de amendoim Criadores<\/h2>\n<p>Os Twisted Sticks Criadores s\u00e3o um pack de rolinhos de pele prensada que o seu c\u00e3o vai adorar. Uma forma estupenda de recompensar o seu melhor amigo com um <strong>snack<\/strong> <strong>100% natural e saud\u00e1vel<\/strong> que poder\u00e1 mordiscar e levar para onde quiser. Estes rolinhos de pele est\u00e3o dispon\u00edveis em diferentes sabores para desfrutar ainda mais:<strong> pizza, bacon, menta, queijo e manteiga de amendoim<\/strong>, qual ser\u00e1 o favorito do seu c\u00e3o?<\/p>\n<p>Estes Sticks s\u00e3o 100% de pele de vaca, um alimento nutritivo,<strong> rico em prote\u00ednas e baixo em gorduras<\/strong> ideal para oferecer cada dia sem preocupa\u00e7\u00f5es. A sua textura e consist\u00eancia promovem a sa\u00fade dental: mediante a mastiga\u00e7\u00e3o se produz um <strong>efeito de escova\u00e7\u00e3o natural<\/strong> que elimina a sujidade dos dentes, reduz e elimina o t\u00e1rtaro e <strong>evita o ac\u00famulo da placa<\/strong>; tamb\u00e9m ajuda a fortalecer a mand\u00edbula. Ao manter os dentes limpos evita-se o mau-h\u00e1lito. Al\u00e9m disso, \u00e9 a melhor forma de prevenir problemas de boca como a gengivite ou a perda de dentes.<\/p>\n<p>N\u00e3o s\u00f3 \u00e9 um snack <strong>saboroso e saud\u00e1vel<\/strong>, tamb\u00e9m proporciona <strong>longos momentos de entretenimento<\/strong>, pois a sua dureza faz com que seja um pr\u00e9mio extra e duradouro. O seu c\u00e3o estar\u00e1 encantado com este rolinho j\u00e1 que satisfaz o seu instinto e necessidade de morder e permite brincar com ele cada dia ao mesmo tempo em que desfruta do seu irresist\u00edvel sabor.<\/p>\n<p><strong><em>Os Twisted Sticks Criadores sabor manteiga de amendoim s\u00e3o um estupendo passatempo que cuida dos dentes dos c\u00e3es enquanto desfrutam de todo o seu sabor.<\/em><\/strong><\/p>\n<p><em>A partir da data em que os receba \u00e9 garantido um prazo de 3 meses antes do vencimento da data de validade, ou de 1 m\u00eas no caso dos produtos l\u00b4cteos e a ra\u00e7\u00e3o ecol\u00f3gica.<\/em><\/p>\n","protected":false},"excerpt":{"rendered":"<p>Pele de vaca desidratada enrolada para c\u00e3es de todas as idades, com sabor de manteiga de amendoim, s\u00e3o uma guloseima saud\u00e1vel e que mant\u00e9m o c\u00e3o entretido, ajudando tamb\u00e9m a limpar os dentes e gengivas.<\/p>\n","protected":false},"featured_media":1715,"comment_status":"open","ping_status":"closed","template":"","meta":{"_acf_changed":false},"product_brand":[],"product_cat":[92,98,101],"product_tag":[],"class_list":{"0":"post-2469","1":"product","2":"type-product","3":"status-publish","4":"has-post-thumbnail","6":"product_cat-cao","7":"product_cat-original-pt-pt","8":"product_cat-snacks-pt-pt","10":"first","11":"instock","12":"shipping-taxable","13":"product-type-simple"},"acf":[],"_links":{"self":[{"href":"https:\/\/www.criadores.es\/pt-pt\/wp-json\/wp\/v2\/product\/2469","targetHints":{"allow":["GET"]}}],"collection":[{"href":"https:\/\/www.criadores.es\/pt-pt\/wp-json\/wp\/v2\/product"}],"about":[{"href":"https:\/\/www.criadores.es\/pt-pt\/wp-json\/wp\/v2\/types\/product"}],"replies":[{"embeddable":true,"href":"https:\/\/www.criadores.es\/pt-pt\/wp-json\/wp\/v2\/comments?post=2469"}],"wp:featuredmedia":[{"embeddable":true,"href":"https:\/\/www.criadores.es\/pt-pt\/wp-json\/wp\/v2\/media\/1715"}],"wp:attachment":[{"href":"https:\/\/www.criadores.es\/pt-pt\/wp-json\/wp\/v2\/media?parent=2469"}],"wp:term":[{"taxonomy":"product_brand","embeddable":true,"href":"https:\/\/www.criadores.es\/pt-pt\/wp-json\/wp\/v2\/product_brand?post=2469"},{"taxonomy":"product_cat","embeddable":true,"href":"https:\/\/www.criadores.es\/pt-pt\/wp-json\/wp\/v2\/product_cat?post=2469"},{"taxonomy":"product_tag","embeddable":true,"href":"https:\/\/www.criadores.es\/pt-pt\/wp-json\/wp\/v2\/product_tag?post=2469"}],"curies":[{"name":"wp","href":"https:\/\/api.w.org\/{rel}","templated":true}]}}