{"id":2471,"date":"2025-02-13T15:28:14","date_gmt":"2025-02-13T14:28:14","guid":{"rendered":"https:\/\/www.criadores.es\/producto\/criadores-snacks-semi-humidos-de-salmao-para-cachorros\/"},"modified":"2025-06-11T15:10:06","modified_gmt":"2025-06-11T13:10:06","slug":"criadores-snacks-semi-humidos-de-salmao-para-cachorros","status":"publish","type":"product","link":"https:\/\/www.criadores.es\/pt-pt\/producto\/criadores-snacks-semi-humidos-de-salmao-para-cachorros\/","title":{"rendered":"Criadores Snacks Semi-h\u00famidos de Salm\u00e3o para cachorros"},"content":{"rendered":"<h2>Snack semi-h\u00famido para cachorros<\/h2>\n<p>Se quer que os seus animais de estima\u00e7\u00e3o desfrutem de um <strong>saud\u00e1vel e delicioso petisco<\/strong> entre as principais refei\u00e7\u00f5es, ofere\u00e7a-lhes estes <strong>snacks semi-h\u00famidos para cachorros<\/strong> de todas as ra\u00e7as, formulados pela Criadores, com <strong>ingredientes naturais e de alta qualidade<\/strong>.<\/p>\n<p>T\u00eam <strong>sabor a salm\u00e3o<\/strong>, j\u00e1 que este \u00e9 o ingrediente principal, mas tamb\u00e9m cont\u00eam prote\u00edna hidrolisada de frango, fibra vegetal e plantas arom\u00e1ticas. Incluem probi\u00f3ticos para <strong>melhorar o processo de digest\u00e3o<\/strong> e conseguir um melhor aproveitamento dos nutrientes.<\/p>\n<p>Cont\u00eam <strong>colag\u00e9nio<\/strong> e <strong>\u00e1cidos gordos \u00f3mega 3 e 6<\/strong>, pelo que proporcionam grandes <strong>benef\u00edcios para a sa\u00fade da pele, do pelo e das unhas<\/strong> do seu animal de estima\u00e7\u00e3o, al\u00e9m de <strong>refor\u00e7arem o seu sistema imunit\u00e1rio<\/strong> e beneficiarem a <strong>sa\u00fade cardiovascular<\/strong>.<\/p>\n<p>Estes snacks para cachorros <strong>fornecem energia<\/strong> e t\u00eam uma textura que proporciona uma <strong>hidrata\u00e7\u00e3o adicional \u00e0 dieta regular<\/strong>. S\u00e3o ricos em vitaminas e minerais para ajudar o seu amigo peludo a crescer e a manter-se saud\u00e1vel.<\/p>\n<p>Podem ser oferecidos sozinhos ou como complemento da sua alimenta\u00e7\u00e3o. <strong>N\u00e3o cont\u00eam cereais<\/strong> nem alimentos geneticamente modificados.<\/p>\n<p><strong><em>Mantenha o seu amigo peludo saud\u00e1vel de uma forma saborosa com estes snacks da Criadores.<\/em><\/strong><\/p>\n","protected":false},"excerpt":{"rendered":"<p>Snacks semi-h\u00famidos de salm\u00e3o para cachorros, com ingredientes de alta qualidade, cont\u00eam probi\u00f3ticos, sem cereais, \u00e1cidos gordos \u00f3mega 3 e 6, melhoram a sa\u00fade da pele e do pelo e refor\u00e7am o sistema imunit\u00e1rio.<\/p>\n","protected":false},"featured_media":1930,"comment_status":"open","ping_status":"closed","template":"","meta":{"_acf_changed":false},"product_brand":[],"product_cat":[92,98,101],"product_tag":[],"class_list":{"0":"post-2471","1":"product","2":"type-product","3":"status-publish","4":"has-post-thumbnail","6":"product_cat-cao","7":"product_cat-original-pt-pt","8":"product_cat-snacks-pt-pt","10":"first","11":"instock","12":"shipping-taxable","13":"product-type-simple"},"acf":[],"_links":{"self":[{"href":"https:\/\/www.criadores.es\/pt-pt\/wp-json\/wp\/v2\/product\/2471","targetHints":{"allow":["GET"]}}],"collection":[{"href":"https:\/\/www.criadores.es\/pt-pt\/wp-json\/wp\/v2\/product"}],"about":[{"href":"https:\/\/www.criadores.es\/pt-pt\/wp-json\/wp\/v2\/types\/product"}],"replies":[{"embeddable":true,"href":"https:\/\/www.criadores.es\/pt-pt\/wp-json\/wp\/v2\/comments?post=2471"}],"wp:featuredmedia":[{"embeddable":true,"href":"https:\/\/www.criadores.es\/pt-pt\/wp-json\/wp\/v2\/media\/1930"}],"wp:attachment":[{"href":"https:\/\/www.criadores.es\/pt-pt\/wp-json\/wp\/v2\/media?parent=2471"}],"wp:term":[{"taxonomy":"product_brand","embeddable":true,"href":"https:\/\/www.criadores.es\/pt-pt\/wp-json\/wp\/v2\/product_brand?post=2471"},{"taxonomy":"product_cat","embeddable":true,"href":"https:\/\/www.criadores.es\/pt-pt\/wp-json\/wp\/v2\/product_cat?post=2471"},{"taxonomy":"product_tag","embeddable":true,"href":"https:\/\/www.criadores.es\/pt-pt\/wp-json\/wp\/v2\/product_tag?post=2471"}],"curies":[{"name":"wp","href":"https:\/\/api.w.org\/{rel}","templated":true}]}}