{"id":2472,"date":"2025-02-13T17:24:31","date_gmt":"2025-02-13T16:24:31","guid":{"rendered":"https:\/\/www.criadores.es\/producto\/criadores-snacks-adult-coat-cre-de-krill-para-caes\/"},"modified":"2025-06-12T11:02:57","modified_gmt":"2025-06-12T09:02:57","slug":"criadores-snacks-adult-coat-cre-de-krill-para-caes","status":"publish","type":"product","link":"https:\/\/www.criadores.es\/pt-pt\/producto\/criadores-snacks-adult-coat-cre-de-krill-para-caes\/","title":{"rendered":"Criadores Snacks Adult Coat Cre de Krill para c\u00e3es"},"content":{"rendered":"<h2>Snacks semi-h\u00famidos para c\u00e3es adultos<\/h2>\n<p>Agora j\u00e1 pode oferecer ao seu animal de estima\u00e7\u00e3o uma <strong>alimenta\u00e7\u00e3o saud\u00e1vel e deliciosa<\/strong>, que tamb\u00e9m lhe permitir\u00e1 desfrutar de uma <strong>pele mais macia e el\u00e1stica<\/strong>, bem como de um <strong>pelo sedoso, forte e brilhante<\/strong>. Estes <strong>snacks semi-h\u00famidos para c\u00e3es adultos<\/strong> de todas as ra\u00e7as s\u00e3o elaborados pela Criadores, com ingredientes naturais e um <strong>sabor apelativo<\/strong>.<\/p>\n<p>O principal ingrediente deste snack \u00e9 a <strong>prote\u00edna de krill<\/strong>, um crust\u00e1ceo de cujo \u00f3leo se extrai uma grande quantidade de <strong>\u00e1cidos gordos \u00f3mega 3 e 6<\/strong> (EPA e DHA), proporcionando <strong>benef\u00edcios para a sa\u00fade cardiovascular, cerebral e ocular<\/strong>. Inclui tamb\u00e9m microalgas secas, ricas em <strong>antioxidantes para retardar o envelhecimento<\/strong> e contribuir para a <strong>regenera\u00e7\u00e3o celular<\/strong>.<\/p>\n<p>Estes snacks para c\u00e3es <strong>incluem probi\u00f3ticos<\/strong> para melhorar o processo digestivo e <strong>facilitar a utiliza\u00e7\u00e3o dos nutrientes<\/strong>. Para uma pele mais firme e el\u00e1stica, o <strong>colag\u00e9nio foi incorporado<\/strong> nesta receita, bem como a <strong>vitamina C<\/strong> e <strong>minerais<\/strong> como o c\u00e1lcio, o f\u00f3sforo e o s\u00f3dio.<\/p>\n<p>Gra\u00e7as \u00e0 sua consist\u00eancia semi-h\u00famida, estes snacks <strong>fornecem uma hidrata\u00e7\u00e3o adicional<\/strong> \u00e0 dieta regular. Podem ser <strong>oferecidos sozinhos ou como complemento da alimenta\u00e7\u00e3o<\/strong>. N\u00e3o cont\u00eam cereais nem alimentos geneticamente modificados.<\/p>\n<p><em><strong>D\u00ea ao seu c\u00e3o uma pele e um pelo saud\u00e1veis com estes deliciosos snacks da Criadores.<\/strong><\/em><\/p>\n","protected":false},"excerpt":{"rendered":"<p>Snacks semi-h\u00famidas para c\u00e3es adultos, melhoram a sa\u00fade da pele e do pelo, feitos com ingredientes de alta qualidade, cont\u00eam prote\u00edna de krill, probi\u00f3ticos para uma digest\u00e3o mais saud\u00e1vel, sem cereais, com \u00e1cidos gordos \u00f3mega 3 e 6, fortalecem o sistema imunit\u00e1rio.<\/p>\n","protected":false},"featured_media":1970,"comment_status":"open","ping_status":"closed","template":"","meta":{"_acf_changed":false},"product_brand":[],"product_cat":[92,98,101],"product_tag":[],"class_list":{"0":"post-2472","1":"product","2":"type-product","3":"status-publish","4":"has-post-thumbnail","6":"product_cat-cao","7":"product_cat-original-pt-pt","8":"product_cat-snacks-pt-pt","10":"first","11":"instock","12":"shipping-taxable","13":"product-type-simple"},"acf":[],"_links":{"self":[{"href":"https:\/\/www.criadores.es\/pt-pt\/wp-json\/wp\/v2\/product\/2472","targetHints":{"allow":["GET"]}}],"collection":[{"href":"https:\/\/www.criadores.es\/pt-pt\/wp-json\/wp\/v2\/product"}],"about":[{"href":"https:\/\/www.criadores.es\/pt-pt\/wp-json\/wp\/v2\/types\/product"}],"replies":[{"embeddable":true,"href":"https:\/\/www.criadores.es\/pt-pt\/wp-json\/wp\/v2\/comments?post=2472"}],"wp:featuredmedia":[{"embeddable":true,"href":"https:\/\/www.criadores.es\/pt-pt\/wp-json\/wp\/v2\/media\/1970"}],"wp:attachment":[{"href":"https:\/\/www.criadores.es\/pt-pt\/wp-json\/wp\/v2\/media?parent=2472"}],"wp:term":[{"taxonomy":"product_brand","embeddable":true,"href":"https:\/\/www.criadores.es\/pt-pt\/wp-json\/wp\/v2\/product_brand?post=2472"},{"taxonomy":"product_cat","embeddable":true,"href":"https:\/\/www.criadores.es\/pt-pt\/wp-json\/wp\/v2\/product_cat?post=2472"},{"taxonomy":"product_tag","embeddable":true,"href":"https:\/\/www.criadores.es\/pt-pt\/wp-json\/wp\/v2\/product_tag?post=2472"}],"curies":[{"name":"wp","href":"https:\/\/api.w.org\/{rel}","templated":true}]}}