{"id":2474,"date":"2025-02-13T17:58:02","date_gmt":"2025-02-13T16:58:02","guid":{"rendered":"https:\/\/www.criadores.es\/producto\/criadores-snacks-adult-weight-control-de-frango-para-caes\/"},"modified":"2025-06-11T13:57:04","modified_gmt":"2025-06-11T11:57:04","slug":"criadores-snacks-adult-weight-control-de-frango-para-caes","status":"publish","type":"product","link":"https:\/\/www.criadores.es\/pt-pt\/producto\/criadores-snacks-adult-weight-control-de-frango-para-caes\/","title":{"rendered":"Criadores Snacks Adult Weight Control de Frango para c\u00e3es"},"content":{"rendered":"<h2>Snacks semi-h\u00famidos para o controlo do peso do c\u00e3o adulto<\/h2>\n<p>N\u00e3o deixe que o seu animal de estima\u00e7\u00e3o tenha uma dieta aborrecida s\u00f3 porque tem excesso de peso. Em vez disso, ofere\u00e7a-lhe uma <strong>alimenta\u00e7\u00e3o saud\u00e1vel<\/strong>, mas ainda assim deliciosa, para que ele possa <strong>recuperar e manter o seu peso ideal<\/strong>, enquanto desfruta da sua comida.<\/p>\n<p>A Criadores apresenta estes <strong>snacks semi-h\u00famidos para c\u00e3es adultos<\/strong> de todas as ra\u00e7as, onde a principal prote\u00edna \u00e9 o frango, uma carne com <strong>baixo teor de gordura e rica em vitaminas e minerais<\/strong>. <strong>Cont\u00e9m ainda psyllium e probi\u00f3ticos<\/strong> para equilibrar a flora bacteriana, <strong>aproveitar melhor os nutrientes<\/strong> dos alimentos e <strong>melhorar a digest\u00e3o<\/strong>, para al\u00e9m de atuar como laxante natural e <strong>prevenir a obstipa\u00e7\u00e3o<\/strong>.<\/p>\n<p>Outro benef\u00edcio \u00e9 que estes snacks <strong>melhoram o aspeto da pele e do pelo<\/strong>, ajudam a regenera\u00e7\u00e3o celular e <strong>proporcionam elasticidade<\/strong>, gra\u00e7as ao seu conte\u00fado em <strong>colag\u00e9nio, antioxidantes e vitamina C<\/strong>.<\/p>\n<p>Gra\u00e7as \u00e0 sua <strong>consist\u00eancia semi-h\u00famida<\/strong>, estes snacks proporcionam uma hidrata\u00e7\u00e3o adicional \u00e0 dieta regular. Podem ser oferecidos sozinhos ou como complemento da alimenta\u00e7\u00e3o. <strong>N\u00e3o cont\u00eam cereais<\/strong> nem alimentos geneticamente modificados.<\/p>\n<p><em><strong>Ajude o seu c\u00e3o a controlar o seu peso de uma forma f\u00e1cil e saborosa com estes snacks da Criadores.<\/strong><\/em><\/p>\n","protected":false},"excerpt":{"rendered":"<p>Snacks semi-h\u00famidos para controlo de peso de c\u00e3es adultos, contendo prote\u00edna de frango, probi\u00f3ticos para uma digest\u00e3o mais saud\u00e1vel, sem cereais, com \u00e1cidos gordos \u00f3mega 3 e 6, melhoram a sa\u00fade da pele e do pelo.<\/p>\n","protected":false},"featured_media":1980,"comment_status":"open","ping_status":"closed","template":"","meta":{"_acf_changed":false},"product_brand":[],"product_cat":[92,98,101],"product_tag":[],"class_list":{"0":"post-2474","1":"product","2":"type-product","3":"status-publish","4":"has-post-thumbnail","6":"product_cat-cao","7":"product_cat-original-pt-pt","8":"product_cat-snacks-pt-pt","10":"first","11":"instock","12":"shipping-taxable","13":"product-type-simple"},"acf":[],"_links":{"self":[{"href":"https:\/\/www.criadores.es\/pt-pt\/wp-json\/wp\/v2\/product\/2474","targetHints":{"allow":["GET"]}}],"collection":[{"href":"https:\/\/www.criadores.es\/pt-pt\/wp-json\/wp\/v2\/product"}],"about":[{"href":"https:\/\/www.criadores.es\/pt-pt\/wp-json\/wp\/v2\/types\/product"}],"replies":[{"embeddable":true,"href":"https:\/\/www.criadores.es\/pt-pt\/wp-json\/wp\/v2\/comments?post=2474"}],"wp:featuredmedia":[{"embeddable":true,"href":"https:\/\/www.criadores.es\/pt-pt\/wp-json\/wp\/v2\/media\/1980"}],"wp:attachment":[{"href":"https:\/\/www.criadores.es\/pt-pt\/wp-json\/wp\/v2\/media?parent=2474"}],"wp:term":[{"taxonomy":"product_brand","embeddable":true,"href":"https:\/\/www.criadores.es\/pt-pt\/wp-json\/wp\/v2\/product_brand?post=2474"},{"taxonomy":"product_cat","embeddable":true,"href":"https:\/\/www.criadores.es\/pt-pt\/wp-json\/wp\/v2\/product_cat?post=2474"},{"taxonomy":"product_tag","embeddable":true,"href":"https:\/\/www.criadores.es\/pt-pt\/wp-json\/wp\/v2\/product_tag?post=2474"}],"curies":[{"name":"wp","href":"https:\/\/api.w.org\/{rel}","templated":true}]}}