{"id":2475,"date":"2025-02-13T15:17:40","date_gmt":"2025-02-13T14:17:40","guid":{"rendered":"https:\/\/www.criadores.es\/producto\/criadores-ossinhos-com-calcio-para-caes\/"},"modified":"2025-06-11T15:10:22","modified_gmt":"2025-06-11T13:10:22","slug":"criadores-ossinhos-com-calcio-para-caes","status":"publish","type":"product","link":"https:\/\/www.criadores.es\/pt-pt\/producto\/criadores-ossinhos-com-calcio-para-caes\/","title":{"rendered":"Criadores Ossinhos com C\u00e1lcio para c\u00e3es"},"content":{"rendered":"<h2>Snack de ossos com c\u00e1lcio para c\u00e3es<\/h2>\n<p>Ofere\u00e7a ao seu amigo peludo um <strong>petisco delicioso e nutritivo<\/strong> que tamb\u00e9m proporciona benef\u00edcios para a sa\u00fade, como estes <strong>ossos com c\u00e1lcio para c\u00e3es<\/strong> de todas as idades, concebidos pela equipa da Criadores.<\/p>\n<p>S\u00e3o feitos com <strong>prote\u00edna de frango totalmente natural<\/strong>, mas foram enriquecidos com <strong>c\u00e1lcio extra<\/strong> para ajudar a <strong>fortalecer os ossos e os m\u00fasculos<\/strong>. T\u00eam o tamanho ideal para serem <strong>f\u00e1ceis de mastigar<\/strong> e a <strong>consist\u00eancia estaladi\u00e7a<\/strong> ser\u00e1 muito estimulante para o seu amigo peludo.<\/p>\n<p>T\u00eam baixo teor de gordura e s\u00e3o <strong>muito f\u00e1ceis de digerir<\/strong>, mas tamb\u00e9m permitem que os <strong>dentes e as gengivas do seu c\u00e3o sejam limpos<\/strong> \u00e0 medida que s\u00e3o mastigados. Isto <strong>reduz a forma\u00e7\u00e3o de t\u00e1rtaro e placa bacteriana<\/strong>, bem como <strong>previne o desenvolvimento de doen\u00e7as periodontais<\/strong>.<\/p>\n<p>Pode oferec\u00ea-los ao seu animal de estima\u00e7\u00e3o como um petisco entre as refei\u00e7\u00f5es principais ou durante as sess\u00f5es de treino. Lembre-se que estes petiscos <strong>n\u00e3o substituem a ra\u00e7\u00e3o<\/strong> e que deve haver sempre \u00e1gua limpa e fresca \u00e0 disposi\u00e7\u00e3o do seu c\u00e3o.<\/p>\n<p><strong><em>Estes ossos que cont\u00eam c\u00e1lcio s\u00e3o um petisco nutritivo, saud\u00e1vel e super saboroso para o seu amigo peludo.<\/em><\/strong><\/p>\n","protected":false},"excerpt":{"rendered":"<p>Ossos com c\u00e1lcio para c\u00e3es, com prote\u00edna de frango, fortalecem os ossos e as articula\u00e7\u00f5es, limpam os dentes e as gengivas naturalmente, s\u00e3o f\u00e1ceis de digerir e t\u00eam baixo teor de gordura.<\/p>\n","protected":false},"featured_media":1925,"comment_status":"open","ping_status":"closed","template":"","meta":{"_acf_changed":false},"product_brand":[],"product_cat":[92,98,101],"product_tag":[],"class_list":{"0":"post-2475","1":"product","2":"type-product","3":"status-publish","4":"has-post-thumbnail","6":"product_cat-cao","7":"product_cat-original-pt-pt","8":"product_cat-snacks-pt-pt","10":"first","11":"instock","12":"shipping-taxable","13":"product-type-simple"},"acf":[],"_links":{"self":[{"href":"https:\/\/www.criadores.es\/pt-pt\/wp-json\/wp\/v2\/product\/2475","targetHints":{"allow":["GET"]}}],"collection":[{"href":"https:\/\/www.criadores.es\/pt-pt\/wp-json\/wp\/v2\/product"}],"about":[{"href":"https:\/\/www.criadores.es\/pt-pt\/wp-json\/wp\/v2\/types\/product"}],"replies":[{"embeddable":true,"href":"https:\/\/www.criadores.es\/pt-pt\/wp-json\/wp\/v2\/comments?post=2475"}],"wp:featuredmedia":[{"embeddable":true,"href":"https:\/\/www.criadores.es\/pt-pt\/wp-json\/wp\/v2\/media\/1925"}],"wp:attachment":[{"href":"https:\/\/www.criadores.es\/pt-pt\/wp-json\/wp\/v2\/media?parent=2475"}],"wp:term":[{"taxonomy":"product_brand","embeddable":true,"href":"https:\/\/www.criadores.es\/pt-pt\/wp-json\/wp\/v2\/product_brand?post=2475"},{"taxonomy":"product_cat","embeddable":true,"href":"https:\/\/www.criadores.es\/pt-pt\/wp-json\/wp\/v2\/product_cat?post=2475"},{"taxonomy":"product_tag","embeddable":true,"href":"https:\/\/www.criadores.es\/pt-pt\/wp-json\/wp\/v2\/product_tag?post=2475"}],"curies":[{"name":"wp","href":"https:\/\/api.w.org\/{rel}","templated":true}]}}