{"id":2476,"date":"2025-02-14T08:17:05","date_gmt":"2025-02-14T07:17:05","guid":{"rendered":"https:\/\/www.criadores.es\/producto\/criadores-snacks-adult-mobiltity-de-salmao-para-caes\/"},"modified":"2025-06-11T13:06:34","modified_gmt":"2025-06-11T11:06:34","slug":"criadores-snacks-adult-mobiltity-de-salmao-para-caes","status":"publish","type":"product","link":"https:\/\/www.criadores.es\/pt-pt\/producto\/criadores-snacks-adult-mobiltity-de-salmao-para-caes\/","title":{"rendered":"Criadores Snacks Adult Mobiltity de Salm\u00e3o para c\u00e3es"},"content":{"rendered":"<h2>Snacks semi-h\u00famidos para a sa\u00fade das articula\u00e7\u00f5es de c\u00e3es adultos<\/h2>\n<p>Cuide das articula\u00e7\u00f5es e ligamentos do seu amigo peludo de uma forma simples e saborosa com estes <strong>snacks semi-h\u00famidos para c\u00e3es adultos de todas as ra\u00e7as<\/strong>, que s\u00e3o preparados com uma receita \u00fanica que <strong>inclui glucosamina e sulfato de condroitina<\/strong> para proporcionar ao seu animal de estima\u00e7\u00e3o <strong>elasticidade e for\u00e7a nas articula\u00e7\u00f5es<\/strong>.<\/p>\n<p><strong>Cont\u00eam probi\u00f3ticos para melhorar a digest\u00e3o<\/strong>, mas tamb\u00e9m incluem minerais como o c\u00e1lcio, o s\u00f3dio e o f\u00f3sforo para <strong>fortalecer os ossos e melhorar o t\u00f3nus muscular<\/strong>. Estes snacks promovem o aspeto da pele e do pelo, ajudam a regenera\u00e7\u00e3o celular e <strong>ganham elasticidade<\/strong>, gra\u00e7as ao seu conte\u00fado em <strong>colag\u00e9nio, antioxidantes e vitamina C<\/strong>.<\/p>\n<p>Devido \u00e0 sua consist\u00eancia semi-h\u00famida, estes snacks <strong>proporcionam uma<\/strong> <strong>hidrata\u00e7\u00e3o adicional<\/strong> \u00e0 dieta regular. Podem ser oferecidos isoladamente ou como complemento da alimenta\u00e7\u00e3o. N\u00e3o cont\u00eam cereais nem alimentos geneticamente modificados.<\/p>\n<p><em><strong>D\u00ea ao seu amigo peludo articula\u00e7\u00f5es fortes e el\u00e1sticas com esta receita da Criadores.<\/strong><\/em><\/p>\n","protected":false},"excerpt":{"rendered":"<p>Snacks semi-h\u00famidos para a sa\u00fade das articula\u00e7\u00f5es dos c\u00e3es adultos, contendo glucosamina e sulfato de condroitina, incluindo probi\u00f3ticos para uma digest\u00e3o mais saud\u00e1vel, sem cereais, com \u00e1cidos gordos \u00f3mega 3 e 6, melhoram a sa\u00fade da pele e do pelo.<\/p>\n","protected":false},"featured_media":1982,"comment_status":"open","ping_status":"closed","template":"","meta":{"_acf_changed":false},"product_brand":[],"product_cat":[92,98,101],"product_tag":[],"class_list":{"0":"post-2476","1":"product","2":"type-product","3":"status-publish","4":"has-post-thumbnail","6":"product_cat-cao","7":"product_cat-original-pt-pt","8":"product_cat-snacks-pt-pt","10":"first","11":"instock","12":"shipping-taxable","13":"product-type-simple"},"acf":[],"_links":{"self":[{"href":"https:\/\/www.criadores.es\/pt-pt\/wp-json\/wp\/v2\/product\/2476","targetHints":{"allow":["GET"]}}],"collection":[{"href":"https:\/\/www.criadores.es\/pt-pt\/wp-json\/wp\/v2\/product"}],"about":[{"href":"https:\/\/www.criadores.es\/pt-pt\/wp-json\/wp\/v2\/types\/product"}],"replies":[{"embeddable":true,"href":"https:\/\/www.criadores.es\/pt-pt\/wp-json\/wp\/v2\/comments?post=2476"}],"wp:featuredmedia":[{"embeddable":true,"href":"https:\/\/www.criadores.es\/pt-pt\/wp-json\/wp\/v2\/media\/1982"}],"wp:attachment":[{"href":"https:\/\/www.criadores.es\/pt-pt\/wp-json\/wp\/v2\/media?parent=2476"}],"wp:term":[{"taxonomy":"product_brand","embeddable":true,"href":"https:\/\/www.criadores.es\/pt-pt\/wp-json\/wp\/v2\/product_brand?post=2476"},{"taxonomy":"product_cat","embeddable":true,"href":"https:\/\/www.criadores.es\/pt-pt\/wp-json\/wp\/v2\/product_cat?post=2476"},{"taxonomy":"product_tag","embeddable":true,"href":"https:\/\/www.criadores.es\/pt-pt\/wp-json\/wp\/v2\/product_tag?post=2476"}],"curies":[{"name":"wp","href":"https:\/\/api.w.org\/{rel}","templated":true}]}}