{"id":2477,"date":"2025-02-13T11:11:07","date_gmt":"2025-02-13T10:11:07","guid":{"rendered":"https:\/\/www.criadores.es\/producto\/criadores-snacks-adult-sterilised-de-peru-para-gatos\/"},"modified":"2025-06-12T12:37:04","modified_gmt":"2025-06-12T10:37:04","slug":"criadores-snacks-adult-sterilised-de-peru-para-gatos","status":"publish","type":"product","link":"https:\/\/www.criadores.es\/pt-pt\/producto\/criadores-snacks-adult-sterilised-de-peru-para-gatos\/","title":{"rendered":"Criadores Snacks Adult Sterilised de Peru para gatos"},"content":{"rendered":"<h2>Snacks semi-h\u00famidos para gatos adultos esterilizados<\/h2>\n<p>Estes <strong>snacks semi-h\u00famidos para gatos adultos esterilizados<\/strong> s\u00e3o um snack formulado pela Criadores com a inten\u00e7\u00e3o de mimar o seu amigo peludo, oferecendo-lhe um alimento delicioso, mas ao mesmo tempo saud\u00e1vel e com uma consist\u00eancia <strong>f\u00e1cil de mastigar<\/strong>.<\/p>\n<p>S\u00e3o elaborados com ingredientes naturais, entre eles a <strong>prote\u00edna de peru<\/strong>, que \u00e9 uma carne com baixo teor de gordura e rica em vitaminas e minerais. Cont\u00eam tamb\u00e9m <strong>probi\u00f3ticos que facilitam a digest\u00e3o<\/strong> e a<strong> correta absor\u00e7\u00e3o dos nutrientes<\/strong>.<\/p>\n<p>S\u00e3o uma fonte de <strong>colag\u00e9nio, vitamina C e L-carnitina<\/strong>, componentes que ajudar\u00e3o o seu gato a ter uma <strong>melhor sa\u00fade da pele e do pelo, a melhorar o t\u00f3nus muscular<\/strong> e a regenerar os tecidos. Cont\u00eam tamb\u00e9m <strong>antioxidantes e \u00e1cidos gordos essenciais \u00f3mega 3 e 6<\/strong>, que promovem a sa\u00fade cardiovascular, cerebral e ocular.<\/p>\n<p>Estes snacks para gatos tamb\u00e9m <strong>fornecem hidrata\u00e7\u00e3o adicional \u00e0 dieta regular<\/strong> do seu animal de estima\u00e7\u00e3o, o que contribui para um <strong>trato urin\u00e1rio mais saud\u00e1vel<\/strong>. Tamb\u00e9m ajudam o seu animal de estima\u00e7\u00e3o a perder peso ou a <strong>manter o seu peso ideal<\/strong>.<\/p>\n<p><em><strong>D\u00ea ao seu gato esterilizado um snack saud\u00e1vel e delicioso, como estes snacks semi-h\u00famidos da Criadores.<\/strong><\/em><\/p>\n","protected":false},"excerpt":{"rendered":"<p>Snacks semi-h\u00famidos para gatos adultos castrados, com probi\u00f3ticos para melhorar a digest\u00e3o, com colag\u00e9nio e vitamina C, para favorecer a sa\u00fade da pele e do pelo, com L-carnitina para melhorar o t\u00f3nus muscular, para favorecer as vias urin\u00e1rias.<\/p>\n","protected":false},"featured_media":1851,"comment_status":"open","ping_status":"closed","template":"","meta":{"_acf_changed":false},"product_brand":[],"product_cat":[111,106,103],"product_tag":[],"class_list":{"0":"post-2477","1":"product","2":"type-product","3":"status-publish","4":"has-post-thumbnail","6":"product_cat-gatos","7":"product_cat-original-gato-pt-pt","8":"product_cat-snacks-pt","10":"first","11":"instock","12":"shipping-taxable","13":"product-type-simple"},"acf":[],"_links":{"self":[{"href":"https:\/\/www.criadores.es\/pt-pt\/wp-json\/wp\/v2\/product\/2477","targetHints":{"allow":["GET"]}}],"collection":[{"href":"https:\/\/www.criadores.es\/pt-pt\/wp-json\/wp\/v2\/product"}],"about":[{"href":"https:\/\/www.criadores.es\/pt-pt\/wp-json\/wp\/v2\/types\/product"}],"replies":[{"embeddable":true,"href":"https:\/\/www.criadores.es\/pt-pt\/wp-json\/wp\/v2\/comments?post=2477"}],"wp:featuredmedia":[{"embeddable":true,"href":"https:\/\/www.criadores.es\/pt-pt\/wp-json\/wp\/v2\/media\/1851"}],"wp:attachment":[{"href":"https:\/\/www.criadores.es\/pt-pt\/wp-json\/wp\/v2\/media?parent=2477"}],"wp:term":[{"taxonomy":"product_brand","embeddable":true,"href":"https:\/\/www.criadores.es\/pt-pt\/wp-json\/wp\/v2\/product_brand?post=2477"},{"taxonomy":"product_cat","embeddable":true,"href":"https:\/\/www.criadores.es\/pt-pt\/wp-json\/wp\/v2\/product_cat?post=2477"},{"taxonomy":"product_tag","embeddable":true,"href":"https:\/\/www.criadores.es\/pt-pt\/wp-json\/wp\/v2\/product_tag?post=2477"}],"curies":[{"name":"wp","href":"https:\/\/api.w.org\/{rel}","templated":true}]}}