{"id":2478,"date":"2025-02-14T08:21:28","date_gmt":"2025-02-14T07:21:28","guid":{"rendered":"https:\/\/www.criadores.es\/producto\/criadores-snacks-adult-hairball-de-peru-para-gatos\/"},"modified":"2025-06-11T13:56:41","modified_gmt":"2025-06-11T11:56:41","slug":"criadores-snacks-adult-hairball-de-peru-para-gatos","status":"publish","type":"product","link":"https:\/\/www.criadores.es\/pt-pt\/producto\/criadores-snacks-adult-hairball-de-peru-para-gatos\/","title":{"rendered":"Criadores Snacks Adult Hairball de Peru para gatos"},"content":{"rendered":"<h2>Snacks semi-h\u00famidos para o controlo das bolas de pelo nos gatos adultos<\/h2>\n<p>Os felinos limpam o seu pr\u00f3prio pelo com a l\u00edngua, pelo que \u00e9 comum engolirem pelos e estes acumularem-se muitas vezes no trato digestivo. Para ajudar o seu animal de estima\u00e7\u00e3o a expuls\u00e1-los mais facilmente, a Criadores apresenta estes <strong>snacks semi-h\u00famidos para controlar as bolas de pelo nos gatos adultos<\/strong>.<\/p>\n<p>S\u00e3o feitos com <strong>ingredientes naturais<\/strong>, incluindo prote\u00edna de peru, que possui um baixo teor de gordura e \u00e9 rica em vitaminas e minerais. <strong>Incluem tamb\u00e9m probi\u00f3ticos para facilitar a digest\u00e3o<\/strong> e a correta absor\u00e7\u00e3o dos nutrientes.<\/p>\n<p><strong>Cont\u00eam colag\u00e9nio, vitamina C e L-carnitina<\/strong>, para que o seu gato desfrute de uma <strong>melhor sa\u00fade da pele e do pelo, de um melhor t\u00f3nus muscular<\/strong> e da regenera\u00e7\u00e3o dos tecidos. Esta receita \u00e9 uma excelente fonte de <strong>antioxidantes e \u00e1cidos gordos essenciais \u00f3mega 3 e 6<\/strong>, que promovem a <strong>sa\u00fade cardiovascular, cerebral e ocular<\/strong>.<\/p>\n<p>Estes snacks para gatos tamb\u00e9m <strong>fornecem hidrata\u00e7\u00e3o adicional<\/strong> \u00e0 dieta regular do seu animal de estima\u00e7\u00e3o, o que contribui para um <strong>trato urin\u00e1rio mais saud\u00e1vel<\/strong>. O seu amigo peludo conseguir\u00e1 <strong>expelir bolas de pelo mais facilmente<\/strong> e <strong>evitar\u00e1 bloqueios<\/strong> e desconforto associados ao pelo que pode ser engolido durante a limpeza.<\/p>\n<p><strong>A Criadores traz para o seu gato um delicioso e saud\u00e1vel snack que permitir\u00e1 que o seu animal tenha uma melhor qualidade de vida.<\/strong><\/p>\n","protected":false},"excerpt":{"rendered":"<p>Snacks semi-h\u00famidos para gatos adultos, ajudam a expulsar facilmente as bolas de pelo que ficam no tubo digestivo, previnem os bloqueios, melhoram a digest\u00e3o, com L-carnitina para melhorar o t\u00f3nus muscular, beneficiam o aparelho urin\u00e1rio.<\/p>\n","protected":false},"featured_media":1985,"comment_status":"open","ping_status":"closed","template":"","meta":{"_acf_changed":false},"product_brand":[],"product_cat":[111,106,103],"product_tag":[],"class_list":{"0":"post-2478","1":"product","2":"type-product","3":"status-publish","4":"has-post-thumbnail","6":"product_cat-gatos","7":"product_cat-original-gato-pt-pt","8":"product_cat-snacks-pt","10":"first","11":"instock","12":"shipping-taxable","13":"product-type-simple"},"acf":[],"_links":{"self":[{"href":"https:\/\/www.criadores.es\/pt-pt\/wp-json\/wp\/v2\/product\/2478","targetHints":{"allow":["GET"]}}],"collection":[{"href":"https:\/\/www.criadores.es\/pt-pt\/wp-json\/wp\/v2\/product"}],"about":[{"href":"https:\/\/www.criadores.es\/pt-pt\/wp-json\/wp\/v2\/types\/product"}],"replies":[{"embeddable":true,"href":"https:\/\/www.criadores.es\/pt-pt\/wp-json\/wp\/v2\/comments?post=2478"}],"wp:featuredmedia":[{"embeddable":true,"href":"https:\/\/www.criadores.es\/pt-pt\/wp-json\/wp\/v2\/media\/1985"}],"wp:attachment":[{"href":"https:\/\/www.criadores.es\/pt-pt\/wp-json\/wp\/v2\/media?parent=2478"}],"wp:term":[{"taxonomy":"product_brand","embeddable":true,"href":"https:\/\/www.criadores.es\/pt-pt\/wp-json\/wp\/v2\/product_brand?post=2478"},{"taxonomy":"product_cat","embeddable":true,"href":"https:\/\/www.criadores.es\/pt-pt\/wp-json\/wp\/v2\/product_cat?post=2478"},{"taxonomy":"product_tag","embeddable":true,"href":"https:\/\/www.criadores.es\/pt-pt\/wp-json\/wp\/v2\/product_tag?post=2478"}],"curies":[{"name":"wp","href":"https:\/\/api.w.org\/{rel}","templated":true}]}}